{"id":21541,"date":"2025-07-22T19:28:33","date_gmt":"2025-07-22T17:28:33","guid":{"rendered":"https:\/\/uj.adatbank.ro\/lexikon\/termek\/szasz-istvan-szoverdi-2\/"},"modified":"2025-07-22T19:28:33","modified_gmt":"2025-07-22T17:28:33","slug":"szasz-istvan-szoverdi-2","status":"publish","type":"product","link":"https:\/\/uj.adatbank.ro\/lexikon\/termek\/szasz-istvan-szoverdi-2\/","title":{"rendered":"SZ\u00c1SZ Istv\u00e1n, sz\u00f6v\u00e9rdi"},"content":{"rendered":"<p>Segesv\u00e1r, 1899. j\u00fan. 24., \u2020\u00a0Kv., 1973. febr. 16., a H\u00e1zsong\u00e1rdi temet\u0151ben nyugszik: f\u00f6ldbirtokos, egyetemi tan\u00e1r. \u2013 Apja: Sz.\u00a0Istv\u00e1n (1865\u20131934). Fia: Sz. Istv\u00e1n Tas, orvos (? \u2013). \u2013 A kv.-i Ref. Koll.-ban \u00e9retts\u00e9gizett, majd a kv.-i Mez\u0151gazdas\u00e1gi Akad\u00e9mi\u00e1n tanult, az I. vh.-ban katona, majd Debrecenben szerzett okl., gazdam\u00e9rn\u00f6ki c\u00edmet (1921), Kv.-on doktor\u00e1lt (1945). A Glasgow-i Central Agency Ltd kv.-i fi\u00f3kj\u00e1n\u00e1l helyezkedett el (1923). K\u00e9pvisel\u0151 (1930), majd a Romanofir Rt. n\u00e9l fel\u00fcgyel\u0151 (1930); az EMGE oszt\u00e1lyvezet\u0151je (1940), a Kamarai \u00dcgyoszt\u00e1ly\u00e1nak az igazgat\u00f3ja (1941. j\u00fan.\u2013), majd \u00fcgyvezet\u0151 aleln\u00f6ke.A M. F\u00f6ldhitel Int\u00e9zetek Orsz\u00e1gos Sz\u00f6vets\u00e9ge Fel\u00fcgyel\u0151bizotts\u00e1ga eln\u00f6ke (1943). Az \u0151 h\u00e1z\u00e1ban alap\u00edtott\u00e1k \u00e9s szerkesztett\u00e9k a Hitelt (1935\u201344), majd a Mez\u0151gazdas\u00e1gi Szemle felel\u0151s szerk.-je (1943. nov. dec. \u2013 1944) A V\u00e1s\u00e1rhelyi Tal\u00e1lkoz\u00f3 el\u0151k\u00e9sz\u00edt\u00e9s\u00e9ben is r\u00e9szt v\u00e1llalt. Memorandumot szerkesztett Teleki P\u00e1lhoz, amelyben az erd\u00e9lyi magyars\u00e1g elv\u00e1r\u00e1sait fogalmazta meg, Horthy Mikl\u00f3shoz, amelyben Magyaro.-nak a h\u00e1bor\u00fab\u00f3l val\u00f3 kil\u00e9p\u00e9s\u00e9t s\u00fcrgette. Tagja volt annak az \u00f6t\u00f6s csoportnak amelyik kiszabad\u00edtotta a kv.-i b\u00f6rt\u00f6nben fogvatartott baloldaliakat (1944). Az NKVD letart\u00f3ztatta \u00e9s mellette az EMGE-csoport vezet\u0151i k\u00f6z\u00fcl Teleki B\u00e9l\u00e1t, Vita S\u00e1ndort. Kiszabadul\u00e1sa ut\u00e1n a K\u00f3s K\u00e1roly\u00e9k \u00e1ltal \u00fajraszervezett EMGE \u00fcgyvezet\u0151 aleln\u00f6ke, eln\u00f6ke Sz\u00e1sz P\u00e1l, k\u00e9nyszer\u0171 lemond\u00e1sukig (1947. j\u00fan. 25). A BTE-en a mez\u0151gazdas\u00e1gi k\u00f6zgazdas\u00e1gtan el\u0151ad\u00f3ja (1945\u201349), majd a Mez\u0151gazdas\u00e1gi F\u0151iskola adjunktusa, munk\u00e1j\u00e1t a Mez\u0151gazdas\u00e1gi Akad. folytatta, \u00e9rdemei vannak a talajt\u00e9rk\u00e9pez\u00e9s gyakorlati megszervez\u00e9s\u00e9ben, az ISPOTA-n\u00e1l tervez\u0151 \u00e9s talajkutat\u00f3 m\u00e9rn\u00f6k (\u20131956). K\u00e9nyszernyugd\u00edjaz\u00e1sa ut\u00e1n rakt\u00e1ri munk\u00e1s. Ismeretterjeszt\u0151 \u00e9s szak<strong>Cikkei:<\/strong> Erd\u00e9lyi Gazda, Ellenz\u00e9k, Magyar N\u00e9p, Mez\u0151gazdas\u00e1gi Szemle, Falvak N\u00e9pe, Korunkban jelentek meg. A Mez\u0151gazdas\u00e1gi Szeml\u00e9nek f\u0151szerkeszt\u0151je (1943\u201344). Egyh\u00e1zmegyei f\u0151gondnok. \u2013 <strong>F. m.<\/strong>: Erd\u00e9ly mez\u0151gazdas\u00e1gi szakoktat\u00e1sa \u00e9s szakirodalma (Kv., 1945); Az erd\u00e9lyi gazda (Kv., 1946); Az erd\u00e9lyi r\u00e9t- \u00e9s legel\u0151gazdas\u00e1g fejleszt\u00e9s\u00e9nek lehet\u0151s\u00e9gei (Kv., 1946); Erd\u00e9ly \u00e1llatteny\u00e9szt\u00e9s\u00e9nek \u00e9s a sz\u00f6vetkezeti tejhozam fokoz\u00e1s\u00e1nak j\u00f6v\u0151 \u00fatjai (Kv., 1946); K\u00e9t tanulm\u00e1ny: A gazd\u00e1lkod\u00e1s tudom\u00e1nya. A h\u00e9tholdas gazdas\u00e1g term\u00e9szetes takarm\u00e1nyai (Kv., 1946); Importan\u0163a cartografiei solului \u00een general, cu privire special\u0103 asupra celui din regiunea Cluj (Buk., 1951); Talaj\u00e9let \u00e9s tr\u00e1gy\u00e1z\u00e1s (Buk., 1956); Talajjav\u00edt\u00e1s k\u00f6zvetve hat\u00f3 anyagokkal (Buk., 1957); <strong>t\u00e1rssz.:<\/strong> A talajt\u00e9rk\u00e9p alkalmaz\u00e1sa a mez\u0151gazdas\u00e1gban \u00e9s talajhat\u00e1roz\u00f3 (Csap\u00f3 J\u00f3zsef \u00e9s Marian Nemes, Buk., 1953). <br \/><strong>Irod.:<\/strong> H\u00e1zsong\u00e1rd; RMIL; Sz\u00e1sz Istv\u00e1n Tas: Pillant\u00e1s az Erd\u00e9lyi Magyar Gazdas\u00e1gi Egyes\u00fclet utols\u00f3 \u00e9veire (Korunk, 2012, 11. sz.).<\/br><\/p>\n","protected":false},"excerpt":{"rendered":"<p>Segesv\u00e1r, 1899. j\u00fan. 24., \u2020\u00a0Kv., 1973. febr. 16., a H\u00e1zsong\u00e1rdi temet\u0151ben nyugszik: f\u00f6ldbirtokos, egyetemi tan\u00e1r. \u2013 Apja: Sz.\u00a0Istv\u00e1n (1865\u20131934). Fia: Sz. Istv\u00e1n Tas, orvos (? \u2013). \u2013 A kv.-i Ref. Koll.-ban \u00e9retts\u00e9gizett, majd a kv.-i Mez\u0151gazdas\u00e1gi Akad\u00e9mi\u00e1n tanult, az I. vh.-ban katona, majd Debrecenben szerzett okl., gazdam\u00e9rn\u00f6ki c\u00edmet (1921), Kv.-on doktor\u00e1lt (1945). A Glasgow-i Central [&hellip;]<\/p>\n","protected":false},"featured_media":0,"comment_status":"open","ping_status":"closed","template":"","meta":[],"product_brand":[],"product_cat":[137],"product_tag":[],"class_list":{"0":"post-21541","1":"product","2":"type-product","3":"status-publish","5":"product_cat-maros-megyei-eletrajzi-lexikon","7":"first","8":"instock","9":"shipping-taxable","10":"product-type-simple"},"_links":{"self":[{"href":"https:\/\/uj.adatbank.ro\/lexikon\/wp-json\/wp\/v2\/product\/21541","targetHints":{"allow":["GET"]}}],"collection":[{"href":"https:\/\/uj.adatbank.ro\/lexikon\/wp-json\/wp\/v2\/product"}],"about":[{"href":"https:\/\/uj.adatbank.ro\/lexikon\/wp-json\/wp\/v2\/types\/product"}],"replies":[{"embeddable":true,"href":"https:\/\/uj.adatbank.ro\/lexikon\/wp-json\/wp\/v2\/comments?post=21541"}],"wp:attachment":[{"href":"https:\/\/uj.adatbank.ro\/lexikon\/wp-json\/wp\/v2\/media?parent=21541"}],"wp:term":[{"taxonomy":"product_brand","embeddable":true,"href":"https:\/\/uj.adatbank.ro\/lexikon\/wp-json\/wp\/v2\/product_brand?post=21541"},{"taxonomy":"product_cat","embeddable":true,"href":"https:\/\/uj.adatbank.ro\/lexikon\/wp-json\/wp\/v2\/product_cat?post=21541"},{"taxonomy":"product_tag","embeddable":true,"href":"https:\/\/uj.adatbank.ro\/lexikon\/wp-json\/wp\/v2\/product_tag?post=21541"}],"curies":[{"name":"wp","href":"https:\/\/api.w.org\/{rel}","templated":true}]}}