{"id":21543,"date":"2025-07-22T19:28:36","date_gmt":"2025-07-22T17:28:36","guid":{"rendered":"https:\/\/uj.adatbank.ro\/lexikon\/termek\/szasz-janos-2\/"},"modified":"2025-07-22T19:28:36","modified_gmt":"2025-07-22T17:28:36","slug":"szasz-janos-2","status":"publish","type":"product","link":"https:\/\/uj.adatbank.ro\/lexikon\/termek\/szasz-janos-2\/","title":{"rendered":"SZ\u00c1SZ J\u00e1nos"},"content":{"rendered":"<p>?, \u2020 1836.: ref. lelk\u00e9sz. \u2013 Apja: Sz\u00e1sz Istv\u00e1n cs\u00e1v\u00e1si ref. lelk\u00e9sz. Feles\u00e9ge (1833. febr. 4.\u2013) Fogarasi Julianna, Fogarasi S\u00e1muel h\u00faga. Mv.-en tanult. Seg\u00e9dpap Sz\u00e1szcs\u00e1v\u00e1son, Sz\u00e1sz Istv\u00e1n lp. mellett (1830\u201333), majd k\u00e9s\u0151bb Nagykenden szolg\u00e1lt (1833\u2013). <br \/><strong>Irod.:<\/strong> Cs\u00e1v\u00e1si eml\u00e9kk\u00f6nyv.<\/br><\/p>\n","protected":false},"excerpt":{"rendered":"<p>?, \u2020 1836.: ref. lelk\u00e9sz. \u2013 Apja: Sz\u00e1sz Istv\u00e1n cs\u00e1v\u00e1si ref. lelk\u00e9sz. Feles\u00e9ge (1833. febr. 4.\u2013) Fogarasi Julianna, Fogarasi S\u00e1muel h\u00faga. Mv.-en tanult. Seg\u00e9dpap Sz\u00e1szcs\u00e1v\u00e1son, Sz\u00e1sz Istv\u00e1n lp. mellett (1830\u201333), majd k\u00e9s\u0151bb Nagykenden szolg\u00e1lt (1833\u2013). Irod.: Cs\u00e1v\u00e1si eml\u00e9kk\u00f6nyv.<\/p>\n","protected":false},"featured_media":0,"comment_status":"open","ping_status":"closed","template":"","meta":[],"product_brand":[],"product_cat":[137],"product_tag":[],"class_list":{"0":"post-21543","1":"product","2":"type-product","3":"status-publish","5":"product_cat-maros-megyei-eletrajzi-lexikon","7":"first","8":"instock","9":"shipping-taxable","10":"product-type-simple"},"_links":{"self":[{"href":"https:\/\/uj.adatbank.ro\/lexikon\/wp-json\/wp\/v2\/product\/21543","targetHints":{"allow":["GET"]}}],"collection":[{"href":"https:\/\/uj.adatbank.ro\/lexikon\/wp-json\/wp\/v2\/product"}],"about":[{"href":"https:\/\/uj.adatbank.ro\/lexikon\/wp-json\/wp\/v2\/types\/product"}],"replies":[{"embeddable":true,"href":"https:\/\/uj.adatbank.ro\/lexikon\/wp-json\/wp\/v2\/comments?post=21543"}],"wp:attachment":[{"href":"https:\/\/uj.adatbank.ro\/lexikon\/wp-json\/wp\/v2\/media?parent=21543"}],"wp:term":[{"taxonomy":"product_brand","embeddable":true,"href":"https:\/\/uj.adatbank.ro\/lexikon\/wp-json\/wp\/v2\/product_brand?post=21543"},{"taxonomy":"product_cat","embeddable":true,"href":"https:\/\/uj.adatbank.ro\/lexikon\/wp-json\/wp\/v2\/product_cat?post=21543"},{"taxonomy":"product_tag","embeddable":true,"href":"https:\/\/uj.adatbank.ro\/lexikon\/wp-json\/wp\/v2\/product_tag?post=21543"}],"curies":[{"name":"wp","href":"https:\/\/api.w.org\/{rel}","templated":true}]}}