{"id":21545,"date":"2025-07-22T19:28:39","date_gmt":"2025-07-22T17:28:39","guid":{"rendered":"https:\/\/uj.adatbank.ro\/lexikon\/termek\/szasz-janos-4\/"},"modified":"2025-07-22T19:28:39","modified_gmt":"2025-07-22T17:28:39","slug":"szasz-janos-4","status":"publish","type":"product","link":"https:\/\/uj.adatbank.ro\/lexikon\/termek\/szasz-janos-4\/","title":{"rendered":"SZ\u00c1SZ J\u00e1nos"},"content":{"rendered":"<p>Gerendkereszt\u00far? \u2020\u00a0Sz\u00e9kesfeh\u00e9rv\u00e1r, 2003. nov. 8. a temet\u00e9s napja: \u00fcgyv\u00e9d. \u2013 Mv.-i lakos, t\u00f6rv\u00e9nyb\u00edr\u00f3. <br \/><strong>Irod.:<\/strong> [Nekrol\u00f3g] (N\u00fa., 2003. nov.?); Vargha Zolt\u00e1n: A szemerjai Sz\u00e1sz csal\u00e1d (Kv., 1912).<\/br><\/p>\n","protected":false},"excerpt":{"rendered":"<p>Gerendkereszt\u00far? \u2020\u00a0Sz\u00e9kesfeh\u00e9rv\u00e1r, 2003. nov. 8. a temet\u00e9s napja: \u00fcgyv\u00e9d. \u2013 Mv.-i lakos, t\u00f6rv\u00e9nyb\u00edr\u00f3. Irod.: [Nekrol\u00f3g] (N\u00fa., 2003. nov.?); Vargha Zolt\u00e1n: A szemerjai Sz\u00e1sz csal\u00e1d (Kv., 1912).<\/p>\n","protected":false},"featured_media":0,"comment_status":"open","ping_status":"closed","template":"","meta":[],"product_brand":[],"product_cat":[137],"product_tag":[],"class_list":{"0":"post-21545","1":"product","2":"type-product","3":"status-publish","5":"product_cat-maros-megyei-eletrajzi-lexikon","7":"first","8":"instock","9":"shipping-taxable","10":"product-type-simple"},"_links":{"self":[{"href":"https:\/\/uj.adatbank.ro\/lexikon\/wp-json\/wp\/v2\/product\/21545","targetHints":{"allow":["GET"]}}],"collection":[{"href":"https:\/\/uj.adatbank.ro\/lexikon\/wp-json\/wp\/v2\/product"}],"about":[{"href":"https:\/\/uj.adatbank.ro\/lexikon\/wp-json\/wp\/v2\/types\/product"}],"replies":[{"embeddable":true,"href":"https:\/\/uj.adatbank.ro\/lexikon\/wp-json\/wp\/v2\/comments?post=21545"}],"wp:attachment":[{"href":"https:\/\/uj.adatbank.ro\/lexikon\/wp-json\/wp\/v2\/media?parent=21545"}],"wp:term":[{"taxonomy":"product_brand","embeddable":true,"href":"https:\/\/uj.adatbank.ro\/lexikon\/wp-json\/wp\/v2\/product_brand?post=21545"},{"taxonomy":"product_cat","embeddable":true,"href":"https:\/\/uj.adatbank.ro\/lexikon\/wp-json\/wp\/v2\/product_cat?post=21545"},{"taxonomy":"product_tag","embeddable":true,"href":"https:\/\/uj.adatbank.ro\/lexikon\/wp-json\/wp\/v2\/product_tag?post=21545"}],"curies":[{"name":"wp","href":"https:\/\/api.w.org\/{rel}","templated":true}]}}