{"id":21548,"date":"2025-07-22T19:28:45","date_gmt":"2025-07-22T17:28:45","guid":{"rendered":"https:\/\/uj.adatbank.ro\/lexikon\/termek\/szasz-janos-7\/"},"modified":"2026-02-18T15:23:02","modified_gmt":"2026-02-18T14:23:02","slug":"szasz-janos-7","status":"publish","type":"product","link":"https:\/\/uj.adatbank.ro\/lexikon\/termek\/szasz-janos-7\/","title":{"rendered":"SZ\u00c1SZ J\u00e1nos"},"content":{"rendered":"<p>\u00d3dell\u0151, (Maros)? \u2020 Sz\u00e9kesfeh\u00e9rv\u00e1r, 2003. nov. 5.: t\u00f6rv\u00e9nyb\u00edr\u00f3.<\/p>\n","protected":false},"excerpt":{"rendered":"<p>\u00d3dell\u0151, (Maros)? \u2020 Sz\u00e9kesfeh\u00e9rv\u00e1r, 2003. nov. 5.: t\u00f6rv\u00e9nyb\u00edr\u00f3.<\/p>\n","protected":false},"featured_media":0,"comment_status":"open","ping_status":"closed","template":"","meta":[],"product_brand":[],"product_cat":[137],"product_tag":[],"class_list":{"0":"post-21548","1":"product","2":"type-product","3":"status-publish","5":"product_cat-maros-megyei-eletrajzi-lexikon","7":"first","8":"instock","9":"shipping-taxable","10":"product-type-simple"},"_links":{"self":[{"href":"https:\/\/uj.adatbank.ro\/lexikon\/wp-json\/wp\/v2\/product\/21548","targetHints":{"allow":["GET"]}}],"collection":[{"href":"https:\/\/uj.adatbank.ro\/lexikon\/wp-json\/wp\/v2\/product"}],"about":[{"href":"https:\/\/uj.adatbank.ro\/lexikon\/wp-json\/wp\/v2\/types\/product"}],"replies":[{"embeddable":true,"href":"https:\/\/uj.adatbank.ro\/lexikon\/wp-json\/wp\/v2\/comments?post=21548"}],"wp:attachment":[{"href":"https:\/\/uj.adatbank.ro\/lexikon\/wp-json\/wp\/v2\/media?parent=21548"}],"wp:term":[{"taxonomy":"product_brand","embeddable":true,"href":"https:\/\/uj.adatbank.ro\/lexikon\/wp-json\/wp\/v2\/product_brand?post=21548"},{"taxonomy":"product_cat","embeddable":true,"href":"https:\/\/uj.adatbank.ro\/lexikon\/wp-json\/wp\/v2\/product_cat?post=21548"},{"taxonomy":"product_tag","embeddable":true,"href":"https:\/\/uj.adatbank.ro\/lexikon\/wp-json\/wp\/v2\/product_tag?post=21548"}],"curies":[{"name":"wp","href":"https:\/\/api.w.org\/{rel}","templated":true}]}}