{"id":21549,"date":"2025-07-22T19:28:46","date_gmt":"2025-07-22T17:28:46","guid":{"rendered":"https:\/\/uj.adatbank.ro\/lexikon\/termek\/szasz-janos-janko\/"},"modified":"2025-07-22T19:28:46","modified_gmt":"2025-07-22T17:28:46","slug":"szasz-janos-janko","status":"publish","type":"product","link":"https:\/\/uj.adatbank.ro\/lexikon\/termek\/szasz-janos-janko\/","title":{"rendered":"SZ\u00c1SZ J\u00e1nos, Jank\u00f3"},"content":{"rendered":"<p>? \u2020?: sportol\u00f3, labdar\u00fag\u00f3. \u2013 A mv.-i ATC (Andr\u00e1si \u00fa. Torna Club) Spartacusban kezdte labdar\u00fag\u00f3 p\u00e1ly\u00e1j\u00e1t (1926\u2013), majd az MTE vette \u00e1t, mind a k\u00e9t klub a szakszervezetek keret\u00e9ben m\u0171k\u00f6d\u00f6tt. A Mure\u015ful-hoz ker\u00fclt k\u00f6zel t\u00edz \u00e9vig volt ligav\u00e1logatott (1929\u201339), k\u00f6z\u00e9pcsat\u00e1rt j\u00e1tszott. <br \/><strong>Irod.:<\/strong> Weisz S\u00e1ndor: Sz. J. (V. Z., 1969. j\u00fan. 8.).<\/br><\/p>\n","protected":false},"excerpt":{"rendered":"<p>? \u2020?: sportol\u00f3, labdar\u00fag\u00f3. \u2013 A mv.-i ATC (Andr\u00e1si \u00fa. Torna Club) Spartacusban kezdte labdar\u00fag\u00f3 p\u00e1ly\u00e1j\u00e1t (1926\u2013), majd az MTE vette \u00e1t, mind a k\u00e9t klub a szakszervezetek keret\u00e9ben m\u0171k\u00f6d\u00f6tt. A Mure\u015ful-hoz ker\u00fclt k\u00f6zel t\u00edz \u00e9vig volt ligav\u00e1logatott (1929\u201339), k\u00f6z\u00e9pcsat\u00e1rt j\u00e1tszott. Irod.: Weisz S\u00e1ndor: Sz. J. (V. Z., 1969. j\u00fan. 8.).<\/p>\n","protected":false},"featured_media":0,"comment_status":"open","ping_status":"closed","template":"","meta":[],"product_brand":[],"product_cat":[137],"product_tag":[],"class_list":{"0":"post-21549","1":"product","2":"type-product","3":"status-publish","5":"product_cat-maros-megyei-eletrajzi-lexikon","7":"first","8":"instock","9":"shipping-taxable","10":"product-type-simple"},"_links":{"self":[{"href":"https:\/\/uj.adatbank.ro\/lexikon\/wp-json\/wp\/v2\/product\/21549","targetHints":{"allow":["GET"]}}],"collection":[{"href":"https:\/\/uj.adatbank.ro\/lexikon\/wp-json\/wp\/v2\/product"}],"about":[{"href":"https:\/\/uj.adatbank.ro\/lexikon\/wp-json\/wp\/v2\/types\/product"}],"replies":[{"embeddable":true,"href":"https:\/\/uj.adatbank.ro\/lexikon\/wp-json\/wp\/v2\/comments?post=21549"}],"wp:attachment":[{"href":"https:\/\/uj.adatbank.ro\/lexikon\/wp-json\/wp\/v2\/media?parent=21549"}],"wp:term":[{"taxonomy":"product_brand","embeddable":true,"href":"https:\/\/uj.adatbank.ro\/lexikon\/wp-json\/wp\/v2\/product_brand?post=21549"},{"taxonomy":"product_cat","embeddable":true,"href":"https:\/\/uj.adatbank.ro\/lexikon\/wp-json\/wp\/v2\/product_cat?post=21549"},{"taxonomy":"product_tag","embeddable":true,"href":"https:\/\/uj.adatbank.ro\/lexikon\/wp-json\/wp\/v2\/product_tag?post=21549"}],"curies":[{"name":"wp","href":"https:\/\/api.w.org\/{rel}","templated":true}]}}