{"id":21553,"date":"2025-07-22T19:28:55","date_gmt":"2025-07-22T17:28:55","guid":{"rendered":"https:\/\/uj.adatbank.ro\/lexikon\/termek\/szasz-jozsef-2\/"},"modified":"2025-07-22T19:28:55","modified_gmt":"2025-07-22T17:28:55","slug":"szasz-jozsef-2","status":"publish","type":"product","link":"https:\/\/uj.adatbank.ro\/lexikon\/termek\/szasz-jozsef-2\/","title":{"rendered":"SZ\u00c1SZ J\u00f3zsef"},"content":{"rendered":"<p>1853.,\u00a0\u2020\u00a0Mv., 1921. szept. 11: f\u0151isp\u00e1n, f\u00f6ldbirtokos. \u2013 Feles\u00e9ge: Winkler Katalin. \u2013 Als\u00f3-Feh\u00e9rv\u00e1rmegye f\u0151isp\u00e1nj\u00e1t iktatt\u00e1k be \u0150smarossz\u00e9k f\u0151isp\u00e1ni sz\u00e9k\u00e9be (1913. jan. 15.\u2013), gr. Haller J\u00e1nos lemond\u00e1sa ut\u00e1n marostordamegyei f\u0151isp\u00e1n lett. Maros-Torda megye korm\u00e1nybiztosa (1915\u201317). A hadi esem\u00e9nyek \u2013 a rom\u00e1n bet\u00f6r\u00e9s k\u00f6vetkezt\u00e9ben a m. lakoss\u00e1g menek\u00fcl\u00e9s\u00e9t \u00e9s Mv. nevezetes \u00e9rt\u00e9keinek biztons\u00e1gos helyre val\u00f3 sz\u00e1ll\u00edt\u00e1s\u00e1t ir\u00e1ny\u00edtotta mint f\u0151isp\u00e1n (1916. aug.), err\u0151l besz\u00e1molt a m. bel\u00fcgyminiszternek \u00e9s a vall\u00e1s \u00e9s k\u00f6zoktat\u00e1si miniszternek. A Gr. Tisza Istv\u00e1n \u00e1ltal a levelekben eml\u00edtett f\u0151isp\u00e1n (1915\u201316). Az OMP helyi tagozat\u00e1nak int\u00e9z\u0151bizotts\u00e1gi tagja (1927). <br \/><strong>Irod.:<\/strong> Csepreghy 2010; Csepreghy A. \u2013 Cs.H.; F\u00fcl\u00f6p\u2013Ferencz; Gr. Tisza Istv\u00e1n \u00f6sszes munk\u00e1i 4. (Bp., 1927), Gy\u00e1szjelent\u0151; Id\u0151t\u00e1r 2; Id\u0151t\u00e1r 3; P\u00e1l-Antal 2003; Sz. J. beiktat\u00e1sa \u0150smarossz\u00e9k f\u0151isp\u00e1ni sz\u00e9k\u00e9be (Mv., 1913. febr. 1.).<\/br><\/p>\n","protected":false},"excerpt":{"rendered":"<p>1853.,\u00a0\u2020\u00a0Mv., 1921. szept. 11: f\u0151isp\u00e1n, f\u00f6ldbirtokos. \u2013 Feles\u00e9ge: Winkler Katalin. \u2013 Als\u00f3-Feh\u00e9rv\u00e1rmegye f\u0151isp\u00e1nj\u00e1t iktatt\u00e1k be \u0150smarossz\u00e9k f\u0151isp\u00e1ni sz\u00e9k\u00e9be (1913. jan. 15.\u2013), gr. Haller J\u00e1nos lemond\u00e1sa ut\u00e1n marostordamegyei f\u0151isp\u00e1n lett. Maros-Torda megye korm\u00e1nybiztosa (1915\u201317). A hadi esem\u00e9nyek \u2013 a rom\u00e1n bet\u00f6r\u00e9s k\u00f6vetkezt\u00e9ben a m. lakoss\u00e1g menek\u00fcl\u00e9s\u00e9t \u00e9s Mv. nevezetes \u00e9rt\u00e9keinek biztons\u00e1gos helyre val\u00f3 sz\u00e1ll\u00edt\u00e1s\u00e1t ir\u00e1ny\u00edtotta mint [&hellip;]<\/p>\n","protected":false},"featured_media":0,"comment_status":"open","ping_status":"closed","template":"","meta":[],"product_brand":[],"product_cat":[137],"product_tag":[],"class_list":{"0":"post-21553","1":"product","2":"type-product","3":"status-publish","5":"product_cat-maros-megyei-eletrajzi-lexikon","7":"first","8":"instock","9":"shipping-taxable","10":"product-type-simple"},"_links":{"self":[{"href":"https:\/\/uj.adatbank.ro\/lexikon\/wp-json\/wp\/v2\/product\/21553","targetHints":{"allow":["GET"]}}],"collection":[{"href":"https:\/\/uj.adatbank.ro\/lexikon\/wp-json\/wp\/v2\/product"}],"about":[{"href":"https:\/\/uj.adatbank.ro\/lexikon\/wp-json\/wp\/v2\/types\/product"}],"replies":[{"embeddable":true,"href":"https:\/\/uj.adatbank.ro\/lexikon\/wp-json\/wp\/v2\/comments?post=21553"}],"wp:attachment":[{"href":"https:\/\/uj.adatbank.ro\/lexikon\/wp-json\/wp\/v2\/media?parent=21553"}],"wp:term":[{"taxonomy":"product_brand","embeddable":true,"href":"https:\/\/uj.adatbank.ro\/lexikon\/wp-json\/wp\/v2\/product_brand?post=21553"},{"taxonomy":"product_cat","embeddable":true,"href":"https:\/\/uj.adatbank.ro\/lexikon\/wp-json\/wp\/v2\/product_cat?post=21553"},{"taxonomy":"product_tag","embeddable":true,"href":"https:\/\/uj.adatbank.ro\/lexikon\/wp-json\/wp\/v2\/product_tag?post=21553"}],"curies":[{"name":"wp","href":"https:\/\/api.w.org\/{rel}","templated":true}]}}