{"id":21556,"date":"2025-07-22T19:29:00","date_gmt":"2025-07-22T17:29:00","guid":{"rendered":"https:\/\/uj.adatbank.ro\/lexikon\/termek\/szasz-jozsef-5\/"},"modified":"2025-07-22T19:29:00","modified_gmt":"2025-07-22T17:29:00","slug":"szasz-jozsef-5","status":"publish","type":"product","link":"https:\/\/uj.adatbank.ro\/lexikon\/termek\/szasz-jozsef-5\/","title":{"rendered":"SZ\u00c1SZ J\u00f3zsef"},"content":{"rendered":"<p>Nagyenyed, 1921. aug. 1., \u2020\u00a0Mv., 2005. aug. 29.: mez\u0151gazdas\u00e1gi szak\u00edr\u00f3. \u2013 \u00c9retts\u00e9gizett Gyulafeh\u00e9rv\u00e1ron a R. K. F\u0151gimn\u00e1ziumban (1939), a kv.-i Mez\u0151gazdas\u00e1gi Akad\u00e9mi\u00e1n szerzett agr\u00e1rm\u00e9rn\u00f6ki oklevelet (1943). A csombordi Sz\u0151l\u00e9szeti Iskolak\u00f6zpont tan\u00e1ra (1949\u201360). M\u00e9rn\u00f6k Marosszentgy\u00f6rgy\u00f6n, Zsidv\u00e1n, Marosszentkir\u00e1lyon az \u00e1llami gazdas\u00e1gokban (\u20131968); a Maros megyei Sz\u0151l\u0151- \u00e9s Borv\u00e1llalat f\u0151m\u00e9rn\u00f6ke (1968\u201382). Sz\u0151l\u00e9szeti szakcikkeket k\u00f6z\u00f6lt a Falvak Dolgoz\u00f3 N\u00e9p\u00e9ben \u00e9s az El\u0151r\u00e9ben. \u2013 <strong>F. m.<\/strong>: <strong>t\u00e1rssz.:<\/strong> Sz\u0151l\u0151termeszt\u00e9s (Cs\u00e1vossy Gy\u00f6rgy, Horv\u00e1th \u00d6d\u00f6n, Mezei S\u00e1ndorral, Buk, 1957). \u2013 Irod: RMIL.<\/br><\/p>\n","protected":false},"excerpt":{"rendered":"<p>Nagyenyed, 1921. aug. 1., \u2020\u00a0Mv., 2005. aug. 29.: mez\u0151gazdas\u00e1gi szak\u00edr\u00f3. \u2013 \u00c9retts\u00e9gizett Gyulafeh\u00e9rv\u00e1ron a R. K. F\u0151gimn\u00e1ziumban (1939), a kv.-i Mez\u0151gazdas\u00e1gi Akad\u00e9mi\u00e1n szerzett agr\u00e1rm\u00e9rn\u00f6ki oklevelet (1943). A csombordi Sz\u0151l\u00e9szeti Iskolak\u00f6zpont tan\u00e1ra (1949\u201360). M\u00e9rn\u00f6k Marosszentgy\u00f6rgy\u00f6n, Zsidv\u00e1n, Marosszentkir\u00e1lyon az \u00e1llami gazdas\u00e1gokban (\u20131968); a Maros megyei Sz\u0151l\u0151- \u00e9s Borv\u00e1llalat f\u0151m\u00e9rn\u00f6ke (1968\u201382). Sz\u0151l\u00e9szeti szakcikkeket k\u00f6z\u00f6lt a Falvak Dolgoz\u00f3 N\u00e9p\u00e9ben [&hellip;]<\/p>\n","protected":false},"featured_media":0,"comment_status":"open","ping_status":"closed","template":"","meta":[],"product_brand":[],"product_cat":[137],"product_tag":[],"class_list":{"0":"post-21556","1":"product","2":"type-product","3":"status-publish","5":"product_cat-maros-megyei-eletrajzi-lexikon","7":"first","8":"instock","9":"shipping-taxable","10":"product-type-simple"},"_links":{"self":[{"href":"https:\/\/uj.adatbank.ro\/lexikon\/wp-json\/wp\/v2\/product\/21556","targetHints":{"allow":["GET"]}}],"collection":[{"href":"https:\/\/uj.adatbank.ro\/lexikon\/wp-json\/wp\/v2\/product"}],"about":[{"href":"https:\/\/uj.adatbank.ro\/lexikon\/wp-json\/wp\/v2\/types\/product"}],"replies":[{"embeddable":true,"href":"https:\/\/uj.adatbank.ro\/lexikon\/wp-json\/wp\/v2\/comments?post=21556"}],"wp:attachment":[{"href":"https:\/\/uj.adatbank.ro\/lexikon\/wp-json\/wp\/v2\/media?parent=21556"}],"wp:term":[{"taxonomy":"product_brand","embeddable":true,"href":"https:\/\/uj.adatbank.ro\/lexikon\/wp-json\/wp\/v2\/product_brand?post=21556"},{"taxonomy":"product_cat","embeddable":true,"href":"https:\/\/uj.adatbank.ro\/lexikon\/wp-json\/wp\/v2\/product_cat?post=21556"},{"taxonomy":"product_tag","embeddable":true,"href":"https:\/\/uj.adatbank.ro\/lexikon\/wp-json\/wp\/v2\/product_tag?post=21556"}],"curies":[{"name":"wp","href":"https:\/\/api.w.org\/{rel}","templated":true}]}}