{"id":21557,"date":"2025-07-22T19:29:02","date_gmt":"2025-07-22T17:29:02","guid":{"rendered":"https:\/\/uj.adatbank.ro\/lexikon\/termek\/szasz-jozsef-6\/"},"modified":"2025-07-22T19:29:02","modified_gmt":"2025-07-22T17:29:02","slug":"szasz-jozsef-6","status":"publish","type":"product","link":"https:\/\/uj.adatbank.ro\/lexikon\/termek\/szasz-jozsef-6\/","title":{"rendered":"SZ\u00c1SZ J\u00f3zsef"},"content":{"rendered":"<p>? 1943.?, \u2020\u00a0Mv., 1996. okt. 12.: geol\u00f3gus m\u00e9rn\u00f6k. \u2013 Munk\u00e1ss\u00e1g\u00e1val Borsab\u00e1ny\u00e1n (1966\u201394) hozz\u00e1j\u00e1rult a m\u00e1ramarosi f\u00f6ldtani kutat\u00e1sok eredm\u00e9nyess\u00e9g\u00e9hez <br \/><strong>Irod.:<\/strong> [Nekrol\u00f3g] (N\u00fa., 1996. okt. 15., okt. 16.).<\/br><\/p>\n","protected":false},"excerpt":{"rendered":"<p>? 1943.?, \u2020\u00a0Mv., 1996. okt. 12.: geol\u00f3gus m\u00e9rn\u00f6k. \u2013 Munk\u00e1ss\u00e1g\u00e1val Borsab\u00e1ny\u00e1n (1966\u201394) hozz\u00e1j\u00e1rult a m\u00e1ramarosi f\u00f6ldtani kutat\u00e1sok eredm\u00e9nyess\u00e9g\u00e9hez Irod.: [Nekrol\u00f3g] (N\u00fa., 1996. okt. 15., okt. 16.).<\/p>\n","protected":false},"featured_media":0,"comment_status":"open","ping_status":"closed","template":"","meta":[],"product_brand":[],"product_cat":[137],"product_tag":[],"class_list":{"0":"post-21557","1":"product","2":"type-product","3":"status-publish","5":"product_cat-maros-megyei-eletrajzi-lexikon","7":"first","8":"instock","9":"shipping-taxable","10":"product-type-simple"},"_links":{"self":[{"href":"https:\/\/uj.adatbank.ro\/lexikon\/wp-json\/wp\/v2\/product\/21557","targetHints":{"allow":["GET"]}}],"collection":[{"href":"https:\/\/uj.adatbank.ro\/lexikon\/wp-json\/wp\/v2\/product"}],"about":[{"href":"https:\/\/uj.adatbank.ro\/lexikon\/wp-json\/wp\/v2\/types\/product"}],"replies":[{"embeddable":true,"href":"https:\/\/uj.adatbank.ro\/lexikon\/wp-json\/wp\/v2\/comments?post=21557"}],"wp:attachment":[{"href":"https:\/\/uj.adatbank.ro\/lexikon\/wp-json\/wp\/v2\/media?parent=21557"}],"wp:term":[{"taxonomy":"product_brand","embeddable":true,"href":"https:\/\/uj.adatbank.ro\/lexikon\/wp-json\/wp\/v2\/product_brand?post=21557"},{"taxonomy":"product_cat","embeddable":true,"href":"https:\/\/uj.adatbank.ro\/lexikon\/wp-json\/wp\/v2\/product_cat?post=21557"},{"taxonomy":"product_tag","embeddable":true,"href":"https:\/\/uj.adatbank.ro\/lexikon\/wp-json\/wp\/v2\/product_tag?post=21557"}],"curies":[{"name":"wp","href":"https:\/\/api.w.org\/{rel}","templated":true}]}}