{"id":21559,"date":"2025-07-22T19:29:05","date_gmt":"2025-07-22T17:29:05","guid":{"rendered":"https:\/\/uj.adatbank.ro\/lexikon\/termek\/szasz-jozsef-ilencfalvi-ilenczfalvi-szasz-jozsef-ilenczfalvi-szasz-jozsef\/"},"modified":"2025-07-22T19:29:05","modified_gmt":"2025-07-22T17:29:05","slug":"szasz-jozsef-ilencfalvi-ilenczfalvi-szasz-jozsef-ilenczfalvi-szasz-jozsef","status":"publish","type":"product","link":"https:\/\/uj.adatbank.ro\/lexikon\/termek\/szasz-jozsef-ilencfalvi-ilenczfalvi-szasz-jozsef-ilenczfalvi-szasz-jozsef\/","title":{"rendered":"SZ\u00c1SZ J\u00f3zsef, ilencfalvi, Ilenczfalvi Sz\u00e1sz J\u00f3zsef, Ilenczfalvi Sz\u00e1sz J\u00f3zsef"},"content":{"rendered":"<p>Dedr\u00e1dsz\u00e9plak, 1782. j\u00fan.1., \u2020 Mv., 1812. m\u00e1j. 29.: k\u00f6lt\u0151, k\u00f6nyvt\u00e1ros. \u2013 Apja ref. pap volt. Iskol\u00e1it P\u00f3k\u00e1n kezdte, majd a mv.-i Ref. Koll.-ban folytatta alap\u00edtv\u00e1nyok seg\u00edts\u00e9g\u00e9vel. Antal J\u00e1nos tan\u00e1r a k\u00e9s\u0151bbi p\u00fcsp\u00f6k aj\u00e1nlat\u00e1ra a Teleki T\u00e9ka k\u00f6nyvt\u00e1ross\u00e1g\u00e1val b\u00edzt\u00e1k meg (1802\u201312) emellett a koll.-ban logik\u00e1t tan\u00edtott. Rendszeres feljegyz\u00e9st k\u00e9sz\u00edtett a k\u00f6nyvt\u00e1r olvas\u00f3ir\u00f3l (1803\u2013). Teleki S\u00e1muel k\u00f6lts\u00e9g\u00e9n B\u00e9csbe ment, hogy ismereteit b\u0151v\u00edtse (1807), innen Pr\u00e1ga, Lipcse, Drezda megl\u00e1togat\u00e1sa ut\u00e1n k\u00f6nyvt\u00e1ross\u00e1got tanulm\u00e1nyozott J\u00e9n\u00e1ban, ahol egy\u00fattal irodalomt\u00f6rt\u00e9netet, n\u00f6v\u00e9nytant \u00e9s \u00e1sv\u00e1nytant is tanult. Hazat\u00e9rve \u00e1tvette a Teleki T\u00e9ka vezet\u00e9s\u00e9t (1810. okt. 14). Harminc\u00e9ves kor\u00e1ban t\u00fcd\u0151v\u00e9szben halt meg. Tudom\u00e1nyos dolgozataival \u00e9s verseivel nev\u00e9t ismertt\u00e9 tette. K\u00e9ziratban maradt m\u0171veit Heged\u0171s S\u00e1muel \u00e9s Tompa J\u00e1nos tan\u00e1rok gy\u0171jt\u00f6tt\u00e9k \u00f6ssze Versek c.- \u00e9s azokat kiadta D\u00f6brentei G\u00e1bor az Erd\u00e9lyi M\u00fazeum 1815. 2. f\u00fczet\u00e9ben. \u2013 <strong>F. m.<\/strong>: Versek (kiadta D\u00f6brentei G\u00e1bor Kv., 1815); Kathedrai besz\u00e9dek (kiadta Sz\u00e1sz Istv\u00e1n Mv., 1836, 1839) <strong>antol\u00f3g.:<\/strong> A magyar k\u00f6lt\u00e9szet k\u00e9zik\u00f6nyve a moh\u00e1csi v\u00e9szt\u0151l a leg\u00fajabb id\u0151ig (Pest, 1855\u201357); A r\u00e9gi magyar k\u00f6lt\u00e9szet remekei (Bp., 1903);. <br \/><strong>Irod.:<\/strong> Benk\u0151; Benk\u0151 Samu; Berekm\u00e9ri; Ferenczy-Danielik; Kiss\u2013K\u00e1lm\u00e1n\u2013Bierbrunner.; Kr\u00f3n. F\u00fcz. (1939. 4\/5); A magyar k\u00f6lt\u00e9szet k\u00e9zik\u00f6nyve a moh\u00e1csi v\u00e9szt\u0151l a leg\u00fajabb id\u0151ig (Pest, 1855\u201357); P\u00e1l-Antal 2009, Pint\u00e9r; Rugonfalvi Kiss; Szinnyei; \u00daMIL.<\/br><\/p>\n","protected":false},"excerpt":{"rendered":"<p>Dedr\u00e1dsz\u00e9plak, 1782. j\u00fan.1., \u2020 Mv., 1812. m\u00e1j. 29.: k\u00f6lt\u0151, k\u00f6nyvt\u00e1ros. \u2013 Apja ref. pap volt. Iskol\u00e1it P\u00f3k\u00e1n kezdte, majd a mv.-i Ref. Koll.-ban folytatta alap\u00edtv\u00e1nyok seg\u00edts\u00e9g\u00e9vel. Antal J\u00e1nos tan\u00e1r a k\u00e9s\u0151bbi p\u00fcsp\u00f6k aj\u00e1nlat\u00e1ra a Teleki T\u00e9ka k\u00f6nyvt\u00e1ross\u00e1g\u00e1val b\u00edzt\u00e1k meg (1802\u201312) emellett a koll.-ban logik\u00e1t tan\u00edtott. Rendszeres feljegyz\u00e9st k\u00e9sz\u00edtett a k\u00f6nyvt\u00e1r olvas\u00f3ir\u00f3l (1803\u2013). Teleki S\u00e1muel k\u00f6lts\u00e9g\u00e9n [&hellip;]<\/p>\n","protected":false},"featured_media":0,"comment_status":"open","ping_status":"closed","template":"","meta":[],"product_brand":[],"product_cat":[137],"product_tag":[],"class_list":{"0":"post-21559","1":"product","2":"type-product","3":"status-publish","5":"product_cat-maros-megyei-eletrajzi-lexikon","7":"first","8":"instock","9":"shipping-taxable","10":"product-type-simple"},"_links":{"self":[{"href":"https:\/\/uj.adatbank.ro\/lexikon\/wp-json\/wp\/v2\/product\/21559","targetHints":{"allow":["GET"]}}],"collection":[{"href":"https:\/\/uj.adatbank.ro\/lexikon\/wp-json\/wp\/v2\/product"}],"about":[{"href":"https:\/\/uj.adatbank.ro\/lexikon\/wp-json\/wp\/v2\/types\/product"}],"replies":[{"embeddable":true,"href":"https:\/\/uj.adatbank.ro\/lexikon\/wp-json\/wp\/v2\/comments?post=21559"}],"wp:attachment":[{"href":"https:\/\/uj.adatbank.ro\/lexikon\/wp-json\/wp\/v2\/media?parent=21559"}],"wp:term":[{"taxonomy":"product_brand","embeddable":true,"href":"https:\/\/uj.adatbank.ro\/lexikon\/wp-json\/wp\/v2\/product_brand?post=21559"},{"taxonomy":"product_cat","embeddable":true,"href":"https:\/\/uj.adatbank.ro\/lexikon\/wp-json\/wp\/v2\/product_cat?post=21559"},{"taxonomy":"product_tag","embeddable":true,"href":"https:\/\/uj.adatbank.ro\/lexikon\/wp-json\/wp\/v2\/product_tag?post=21559"}],"curies":[{"name":"wp","href":"https:\/\/api.w.org\/{rel}","templated":true}]}}