{"id":21561,"date":"2025-07-22T19:29:09","date_gmt":"2025-07-22T17:29:09","guid":{"rendered":"https:\/\/uj.adatbank.ro\/lexikon\/termek\/szasz-jozsef-ilencfalvi-2\/"},"modified":"2025-07-22T19:29:09","modified_gmt":"2025-07-22T17:29:09","slug":"szasz-jozsef-ilencfalvi-2","status":"publish","type":"product","link":"https:\/\/uj.adatbank.ro\/lexikon\/termek\/szasz-jozsef-ilencfalvi-2\/","title":{"rendered":"SZ\u00c1SZ J\u00f3zsef, ilencfalvi"},"content":{"rendered":"<p>? \u2020?: \u2013 <strong>F. m.<\/strong> <strong>t\u00e1rssz.:<\/strong> K\u00f6teles Elek kedves eml\u00e9kezete: sirat\u00f3 vers (Mv., 1817). <br \/><strong>Irod.:<\/strong> F\u00fcl\u00f6p\u2013Ferencz.<\/br><\/p>\n","protected":false},"excerpt":{"rendered":"<p>? \u2020?: \u2013 F. m. t\u00e1rssz.: K\u00f6teles Elek kedves eml\u00e9kezete: sirat\u00f3 vers (Mv., 1817). Irod.: F\u00fcl\u00f6p\u2013Ferencz.<\/p>\n","protected":false},"featured_media":0,"comment_status":"open","ping_status":"closed","template":"","meta":[],"product_brand":[],"product_cat":[137],"product_tag":[],"class_list":{"0":"post-21561","1":"product","2":"type-product","3":"status-publish","5":"product_cat-maros-megyei-eletrajzi-lexikon","7":"first","8":"instock","9":"shipping-taxable","10":"product-type-simple"},"_links":{"self":[{"href":"https:\/\/uj.adatbank.ro\/lexikon\/wp-json\/wp\/v2\/product\/21561","targetHints":{"allow":["GET"]}}],"collection":[{"href":"https:\/\/uj.adatbank.ro\/lexikon\/wp-json\/wp\/v2\/product"}],"about":[{"href":"https:\/\/uj.adatbank.ro\/lexikon\/wp-json\/wp\/v2\/types\/product"}],"replies":[{"embeddable":true,"href":"https:\/\/uj.adatbank.ro\/lexikon\/wp-json\/wp\/v2\/comments?post=21561"}],"wp:attachment":[{"href":"https:\/\/uj.adatbank.ro\/lexikon\/wp-json\/wp\/v2\/media?parent=21561"}],"wp:term":[{"taxonomy":"product_brand","embeddable":true,"href":"https:\/\/uj.adatbank.ro\/lexikon\/wp-json\/wp\/v2\/product_brand?post=21561"},{"taxonomy":"product_cat","embeddable":true,"href":"https:\/\/uj.adatbank.ro\/lexikon\/wp-json\/wp\/v2\/product_cat?post=21561"},{"taxonomy":"product_tag","embeddable":true,"href":"https:\/\/uj.adatbank.ro\/lexikon\/wp-json\/wp\/v2\/product_tag?post=21561"}],"curies":[{"name":"wp","href":"https:\/\/api.w.org\/{rel}","templated":true}]}}