{"id":21562,"date":"2025-07-22T19:29:10","date_gmt":"2025-07-22T17:29:10","guid":{"rendered":"https:\/\/uj.adatbank.ro\/lexikon\/termek\/szasz-julia-ilenczfalvi\/"},"modified":"2025-07-22T19:29:10","modified_gmt":"2025-07-22T17:29:10","slug":"szasz-julia-ilenczfalvi","status":"publish","type":"product","link":"https:\/\/uj.adatbank.ro\/lexikon\/termek\/szasz-julia-ilenczfalvi\/","title":{"rendered":"SZ\u00c1SZ J\u00falia, ilenczfalvi"},"content":{"rendered":"<p>Sz\u00e1szr\u00e9gen, 1899. m\u00e1j. 1, \u2020?: gy\u00f3gyszer\u00e9sz. \u2013 A Szegedre \u00e1ttelep\u00edtett FJTE-en kapott gy\u00f3gyszer\u00e9sz oklevelet (1932). <br \/><strong>Irod.:<\/strong> P\u00e9ter H. M. 2013.<\/br><\/p>\n","protected":false},"excerpt":{"rendered":"<p>Sz\u00e1szr\u00e9gen, 1899. m\u00e1j. 1, \u2020?: gy\u00f3gyszer\u00e9sz. \u2013 A Szegedre \u00e1ttelep\u00edtett FJTE-en kapott gy\u00f3gyszer\u00e9sz oklevelet (1932). Irod.: P\u00e9ter H. M. 2013.<\/p>\n","protected":false},"featured_media":0,"comment_status":"open","ping_status":"closed","template":"","meta":[],"product_brand":[],"product_cat":[137],"product_tag":[],"class_list":{"0":"post-21562","1":"product","2":"type-product","3":"status-publish","5":"product_cat-maros-megyei-eletrajzi-lexikon","7":"first","8":"instock","9":"shipping-taxable","10":"product-type-simple"},"_links":{"self":[{"href":"https:\/\/uj.adatbank.ro\/lexikon\/wp-json\/wp\/v2\/product\/21562","targetHints":{"allow":["GET"]}}],"collection":[{"href":"https:\/\/uj.adatbank.ro\/lexikon\/wp-json\/wp\/v2\/product"}],"about":[{"href":"https:\/\/uj.adatbank.ro\/lexikon\/wp-json\/wp\/v2\/types\/product"}],"replies":[{"embeddable":true,"href":"https:\/\/uj.adatbank.ro\/lexikon\/wp-json\/wp\/v2\/comments?post=21562"}],"wp:attachment":[{"href":"https:\/\/uj.adatbank.ro\/lexikon\/wp-json\/wp\/v2\/media?parent=21562"}],"wp:term":[{"taxonomy":"product_brand","embeddable":true,"href":"https:\/\/uj.adatbank.ro\/lexikon\/wp-json\/wp\/v2\/product_brand?post=21562"},{"taxonomy":"product_cat","embeddable":true,"href":"https:\/\/uj.adatbank.ro\/lexikon\/wp-json\/wp\/v2\/product_cat?post=21562"},{"taxonomy":"product_tag","embeddable":true,"href":"https:\/\/uj.adatbank.ro\/lexikon\/wp-json\/wp\/v2\/product_tag?post=21562"}],"curies":[{"name":"wp","href":"https:\/\/api.w.org\/{rel}","templated":true}]}}