{"id":21563,"date":"2025-07-22T19:29:12","date_gmt":"2025-07-22T17:29:12","guid":{"rendered":"https:\/\/uj.adatbank.ro\/lexikon\/termek\/szasz-julianna-szemerjai-horvath-samuelne-iroi-alneve-julia\/"},"modified":"2025-07-22T19:29:12","modified_gmt":"2025-07-22T17:29:12","slug":"szasz-julianna-szemerjai-horvath-samuelne-iroi-alneve-julia","status":"publish","type":"product","link":"https:\/\/uj.adatbank.ro\/lexikon\/termek\/szasz-julianna-szemerjai-horvath-samuelne-iroi-alneve-julia\/","title":{"rendered":"SZ\u00c1SZ Julianna; szemerjai; Horv\u00e1th S\u00e1mueln\u00e9; \u00edr\u00f3i \u00e1lneve J\u00falia"},"content":{"rendered":"<p>Malomfalva, 1826. \u2020\u00a0Mv., 1905.: m\u0171ford\u00edt\u00f3, Sz\u00e1sz K\u00e1roly ref. p\u00fcsp\u00f6k testv\u00e9re, Horv\u00e1th S\u00e1muel feles\u00e9ge. A kv.-i Kelet c. h\u00edrlap munkat\u00e1rsa, reg\u00e9nyeket, elbesz\u00e9l\u00e9seket ford\u00edtott n\u00e9metb\u0151l, franci\u00e1b\u00f3l, angolb\u00f3l. \u2013 <strong><strong>F. m.<\/strong><\/strong>: <strong>ford.:<\/strong> Dickens: A t\u0171zhely t\u00fccske (Kv., 1873); Flygare-Carlen Emilia: Egy erk\u00e9lyszob\u00e1cska (Kv., 1874). <br \/><strong>Irod.:<\/strong> MIL; Szinnyei; Vargha Zolt\u00e1n: A szemerjai Sz\u00e1sz csal\u00e1d (Kv., 1912)<\/br><\/p>\n","protected":false},"excerpt":{"rendered":"<p>Malomfalva, 1826. \u2020\u00a0Mv., 1905.: m\u0171ford\u00edt\u00f3, Sz\u00e1sz K\u00e1roly ref. p\u00fcsp\u00f6k testv\u00e9re, Horv\u00e1th S\u00e1muel feles\u00e9ge. A kv.-i Kelet c. h\u00edrlap munkat\u00e1rsa, reg\u00e9nyeket, elbesz\u00e9l\u00e9seket ford\u00edtott n\u00e9metb\u0151l, franci\u00e1b\u00f3l, angolb\u00f3l. \u2013 F. m.: ford.: Dickens: A t\u0171zhely t\u00fccske (Kv., 1873); Flygare-Carlen Emilia: Egy erk\u00e9lyszob\u00e1cska (Kv., 1874). Irod.: MIL; Szinnyei; Vargha Zolt\u00e1n: A szemerjai Sz\u00e1sz csal\u00e1d (Kv., 1912)<\/p>\n","protected":false},"featured_media":0,"comment_status":"open","ping_status":"closed","template":"","meta":[],"product_brand":[],"product_cat":[137],"product_tag":[],"class_list":{"0":"post-21563","1":"product","2":"type-product","3":"status-publish","5":"product_cat-maros-megyei-eletrajzi-lexikon","7":"first","8":"instock","9":"shipping-taxable","10":"product-type-simple"},"_links":{"self":[{"href":"https:\/\/uj.adatbank.ro\/lexikon\/wp-json\/wp\/v2\/product\/21563","targetHints":{"allow":["GET"]}}],"collection":[{"href":"https:\/\/uj.adatbank.ro\/lexikon\/wp-json\/wp\/v2\/product"}],"about":[{"href":"https:\/\/uj.adatbank.ro\/lexikon\/wp-json\/wp\/v2\/types\/product"}],"replies":[{"embeddable":true,"href":"https:\/\/uj.adatbank.ro\/lexikon\/wp-json\/wp\/v2\/comments?post=21563"}],"wp:attachment":[{"href":"https:\/\/uj.adatbank.ro\/lexikon\/wp-json\/wp\/v2\/media?parent=21563"}],"wp:term":[{"taxonomy":"product_brand","embeddable":true,"href":"https:\/\/uj.adatbank.ro\/lexikon\/wp-json\/wp\/v2\/product_brand?post=21563"},{"taxonomy":"product_cat","embeddable":true,"href":"https:\/\/uj.adatbank.ro\/lexikon\/wp-json\/wp\/v2\/product_cat?post=21563"},{"taxonomy":"product_tag","embeddable":true,"href":"https:\/\/uj.adatbank.ro\/lexikon\/wp-json\/wp\/v2\/product_tag?post=21563"}],"curies":[{"name":"wp","href":"https:\/\/api.w.org\/{rel}","templated":true}]}}