{"id":21564,"date":"2025-07-22T19:29:18","date_gmt":"2025-07-22T17:29:18","guid":{"rendered":"https:\/\/uj.adatbank.ro\/lexikon\/termek\/szasz-karoly\/"},"modified":"2025-07-22T19:29:18","modified_gmt":"2025-07-22T17:29:18","slug":"szasz-karoly","status":"publish","type":"product","link":"https:\/\/uj.adatbank.ro\/lexikon\/termek\/szasz-karoly\/","title":{"rendered":"SZ\u00c1SZ K\u00e1roly"},"content":{"rendered":"<p>? \u2020?: igazgat\u00f3tan\u00edt\u00f3. \u2013 Mez\u0151t\u00f3h\u00e1tban a k\u00f6zs\u00e9gi m. isk.-ban tan\u00edtott (1902\u201309). 35 be\u00edrt tanul\u00f3ja k\u00f6z\u00fcl t\u00f6bb rom\u00e1n nev\u0171 is szerepelt. <br \/><strong>Irod.:<\/strong> T\u0103ureni.<\/br><\/p>\n","protected":false},"excerpt":{"rendered":"<p>? \u2020?: igazgat\u00f3tan\u00edt\u00f3. \u2013 Mez\u0151t\u00f3h\u00e1tban a k\u00f6zs\u00e9gi m. isk.-ban tan\u00edtott (1902\u201309). 35 be\u00edrt tanul\u00f3ja k\u00f6z\u00fcl t\u00f6bb rom\u00e1n nev\u0171 is szerepelt. Irod.: T\u0103ureni.<\/p>\n","protected":false},"featured_media":0,"comment_status":"open","ping_status":"closed","template":"","meta":[],"product_brand":[],"product_cat":[137],"product_tag":[],"class_list":{"0":"post-21564","1":"product","2":"type-product","3":"status-publish","5":"product_cat-maros-megyei-eletrajzi-lexikon","7":"first","8":"instock","9":"shipping-taxable","10":"product-type-simple"},"_links":{"self":[{"href":"https:\/\/uj.adatbank.ro\/lexikon\/wp-json\/wp\/v2\/product\/21564","targetHints":{"allow":["GET"]}}],"collection":[{"href":"https:\/\/uj.adatbank.ro\/lexikon\/wp-json\/wp\/v2\/product"}],"about":[{"href":"https:\/\/uj.adatbank.ro\/lexikon\/wp-json\/wp\/v2\/types\/product"}],"replies":[{"embeddable":true,"href":"https:\/\/uj.adatbank.ro\/lexikon\/wp-json\/wp\/v2\/comments?post=21564"}],"wp:attachment":[{"href":"https:\/\/uj.adatbank.ro\/lexikon\/wp-json\/wp\/v2\/media?parent=21564"}],"wp:term":[{"taxonomy":"product_brand","embeddable":true,"href":"https:\/\/uj.adatbank.ro\/lexikon\/wp-json\/wp\/v2\/product_brand?post=21564"},{"taxonomy":"product_cat","embeddable":true,"href":"https:\/\/uj.adatbank.ro\/lexikon\/wp-json\/wp\/v2\/product_cat?post=21564"},{"taxonomy":"product_tag","embeddable":true,"href":"https:\/\/uj.adatbank.ro\/lexikon\/wp-json\/wp\/v2\/product_tag?post=21564"}],"curies":[{"name":"wp","href":"https:\/\/api.w.org\/{rel}","templated":true}]}}