{"id":21565,"date":"2025-07-22T19:29:21","date_gmt":"2025-07-22T17:29:21","guid":{"rendered":"https:\/\/uj.adatbank.ro\/lexikon\/termek\/szasz-karoly-2\/"},"modified":"2025-07-22T19:29:21","modified_gmt":"2025-07-22T17:29:21","slug":"szasz-karoly-2","status":"publish","type":"product","link":"https:\/\/uj.adatbank.ro\/lexikon\/termek\/szasz-karoly-2\/","title":{"rendered":"SZ\u00c1SZ K\u00e1roly"},"content":{"rendered":"<p>Piski, 1915. \u00e1pr. 28., \u2020\u00a0Mv., 1989. aug. 16.: muzikol\u00f3gus, tan\u00e1r. \u2013 Feles\u00e9ge: Gall\u00f3 Alice. Fi\u00fak: Sz\u00e1sz K\u00e1roly (Kv., 1949 \u2013 Mv., 1995), orvos. Mv. v\u00e9gzett orvoskaron az OGYI-n (1974). \u2013 K\u00f6z\u00e9piskolai tanulm\u00e1nyait Kv.-on v\u00e9gezte a Ref. Koll.-ban, majd zene- \u00e9s zongoratan\u00e1ri oklevelet szerzett a Konzervat\u00f3riumban (1938). Zongor\u00e1t \u00e9s zeneelm\u00e9letet tan\u00edtott a kv.-i zeneiskol\u00e1ban (1941\u201350), majd szolf\u00e9zst \u00e9s n\u00e9pzeneismeretet a mv.-i Zenei L\u00edc.-ban (1951\u201362), a Szentgy\u00f6rgyi Istv\u00e1n Sz\u00ednm\u0171v\u00e9szeti F\u0151iskol\u00e1n (1962\u201372), szolf\u00e9zst \u00e9s zenet\u00f6rt\u00e9netet a mv.-i Pedag\u00f3giai F\u0151iskol\u00e1n (1972\u201377). Zeneelm\u00e9leti, m\u00f3dszertani \u00e9s zenet\u00f6rt\u00e9neti k\u00e9rd\u00e9sekkel foglalkozott. K\u00eds\u00e9r\u0151zen\u00e9t \u00edrt T. Vornic\u2013I. Postelnicu: Felsz\u00e1ll a k\u00f6d c. sz\u00edndarabj\u00e1hoz. A M\u0171vel\u0151d\u00e9sben bemutatta a mv.-i zenei \u00e9let n\u00e9h\u00e1ny kiemelked\u0151 alakj\u00e1t (L\u00e1szl\u00f3 \u00c1rp\u00e1d, Metz Albert, Chilf Mikl\u00f3s, S\u00e1ndor Domokos), tanulm\u00e1nyozta a mv.-i k\u00f3ruskult\u00far\u00e1t \u00e9s hangverseny\u00e9letet. \u00cdr\u00e1sait A H\u00e9t, M\u0171vel\u0151d\u00e9s, V\u00f6r\u00f6s Z\u00e1szl\u00f3, Igaz Sz\u00f3 k\u00f6z\u00f6lte. Tanulm\u00e1nyai jelentek meg a Zenetudom\u00e1nyi \u00edr\u00e1sokban (1977 \u00e9s 1980). \u2013 <strong>F. m.<\/strong>: Zeneelm\u00e9let (Mv., 1963); Kod\u00e1ly m\u00f3dszer (\u00c1rkos, 1971; 1972). Zeneelm\u00e9let. Karvezet\u00e9s (Sepsiszentgy\u00f6rgy, 1975); Karvezet\u0151k k\u00f6nyve (Birtalan J\u00f3zseffel; Sepsiszentgy\u00f6rgy, 1975), A relat\u00edv szolmiz\u00e1ci\u00f3 els\u0151 magyar adapt\u00e1ci\u00f3ja = Zenetud. \u00edr\u00e1sok (Buk., 1977); <strong>t\u00e1rssz.:<\/strong> \u00c9nekesk\u00f6nyv: Egys\u00e9ges tank\u00f6nyv az elemi iskol\u00e1k V\u2013VII o. sz\u00e1m\u00e1ra (Nagy Istv\u00e1nnal, Buk, 1949); Szolf\u00e9zs p\u00e9ldat\u00e1r (Szenik Ilon\u00e1val, Mv., 1963); Sz\u00e1llj sz\u00e9pszav\u00fa dal: Iskolai k\u00f3rusgy\u0171jtem\u00e9ny (\u00f6ssze\u00e1ll\u00edtotta Birtalan J\u00f3zseffel, Buk., 1972, 1983), Zenetudom\u00e1nyi \u00edr\u00e1sok (Buk., 1977, 1980). <br \/><strong>Irod.:<\/strong> Benk\u0151 Andr\u00e1s: Sz. K. (M\u0171vel\u0151d\u00e9s, 1974, 4. sz.); Horv\u00e1th Bea; Kiss\u2013P\u00e9terffy\u2013P\u00e9terffy; Koch M\u00e1ria: Besz\u00e9lget\u00e9s Sz. K. muzikol\u00f3gussal (V. Z., 1971. m\u00e1rc. 21.); M\u00e1ty\u00e1s Zolt\u00e1nn\u00e9 Kozma M\u00e1rta: Egy \u00fcnnep marg\u00f3j\u00e1ra (N\u00fa., 2007. nov. 7.); [Nekrol\u00f3g] (V. Z., 1989. aug. 18.); RMIL; Viharban.<\/br><\/p>\n","protected":false},"excerpt":{"rendered":"<p>Piski, 1915. \u00e1pr. 28., \u2020\u00a0Mv., 1989. aug. 16.: muzikol\u00f3gus, tan\u00e1r. \u2013 Feles\u00e9ge: Gall\u00f3 Alice. Fi\u00fak: Sz\u00e1sz K\u00e1roly (Kv., 1949 \u2013 Mv., 1995), orvos. Mv. v\u00e9gzett orvoskaron az OGYI-n (1974). \u2013 K\u00f6z\u00e9piskolai tanulm\u00e1nyait Kv.-on v\u00e9gezte a Ref. Koll.-ban, majd zene- \u00e9s zongoratan\u00e1ri oklevelet szerzett a Konzervat\u00f3riumban (1938). Zongor\u00e1t \u00e9s zeneelm\u00e9letet tan\u00edtott a kv.-i zeneiskol\u00e1ban (1941\u201350), majd [&hellip;]<\/p>\n","protected":false},"featured_media":0,"comment_status":"open","ping_status":"closed","template":"","meta":[],"product_brand":[],"product_cat":[137],"product_tag":[],"class_list":{"0":"post-21565","1":"product","2":"type-product","3":"status-publish","5":"product_cat-maros-megyei-eletrajzi-lexikon","7":"first","8":"instock","9":"shipping-taxable","10":"product-type-simple"},"_links":{"self":[{"href":"https:\/\/uj.adatbank.ro\/lexikon\/wp-json\/wp\/v2\/product\/21565","targetHints":{"allow":["GET"]}}],"collection":[{"href":"https:\/\/uj.adatbank.ro\/lexikon\/wp-json\/wp\/v2\/product"}],"about":[{"href":"https:\/\/uj.adatbank.ro\/lexikon\/wp-json\/wp\/v2\/types\/product"}],"replies":[{"embeddable":true,"href":"https:\/\/uj.adatbank.ro\/lexikon\/wp-json\/wp\/v2\/comments?post=21565"}],"wp:attachment":[{"href":"https:\/\/uj.adatbank.ro\/lexikon\/wp-json\/wp\/v2\/media?parent=21565"}],"wp:term":[{"taxonomy":"product_brand","embeddable":true,"href":"https:\/\/uj.adatbank.ro\/lexikon\/wp-json\/wp\/v2\/product_brand?post=21565"},{"taxonomy":"product_cat","embeddable":true,"href":"https:\/\/uj.adatbank.ro\/lexikon\/wp-json\/wp\/v2\/product_cat?post=21565"},{"taxonomy":"product_tag","embeddable":true,"href":"https:\/\/uj.adatbank.ro\/lexikon\/wp-json\/wp\/v2\/product_tag?post=21565"}],"curies":[{"name":"wp","href":"https:\/\/api.w.org\/{rel}","templated":true}]}}