{"id":21568,"date":"2025-07-22T19:29:28","date_gmt":"2025-07-22T17:29:28","guid":{"rendered":"https:\/\/uj.adatbank.ro\/lexikon\/termek\/szasz-karoly-ilenczfalvi\/"},"modified":"2025-07-22T19:29:28","modified_gmt":"2025-07-22T17:29:28","slug":"szasz-karoly-ilenczfalvi","status":"publish","type":"product","link":"https:\/\/uj.adatbank.ro\/lexikon\/termek\/szasz-karoly-ilenczfalvi\/","title":{"rendered":"SZ\u00c1SZ K\u00e1roly, ilenczfalvi"},"content":{"rendered":"<p>1828, \u2020 Ny\u00e1r\u00e1dszereda, 1898.: ref. lelk\u00e9sz. \u2013 1848\u201349-es szabads\u00e1gharcos. \u2013 Testv\u00e9re: Sz. J\u00f3zsef; Feles\u00e9ge: koronkai J\u00f3zsa Anna (1835? \u2013 Ny\u00e1r\u00e1dszereda, 1898. nov. 1.). Gyermekeik: Sz. B\u00e9la, feles\u00e9ge Keresztesi Ilona; Sz. Irma F\u00e1bi\u00e1n \u00d6d\u00f6nn\u00e9; Sz. Anna K\u00f6vendi K\u00e1lm\u00e1nn\u00e9; Sz. Ilona Sz\u00e1sz Jen\u0151n\u00e9; Sz. Ida. Bem sereg\u00e9ben harcolt (1849-ig). Mv.-i di\u00e1kk\u00e9nt letart\u00f3ztatt\u00e1k, majd szabadon engedt\u00e9k. Ny\u00e1r\u00e1dszered\u00e1ban ref. lelk\u00e9szk\u00e9nt szolg\u00e1lt (1869\u201398), idej\u00e9ben felvir\u00e1gzott a gy\u00fclekezet. A templomhoz k\u0151tornyot \u00e9p\u00edttetett (1895), ekkor \u00e9p\u00fclt a templom k\u00e9t oldals\u00f3 sz\u00e1rnya is. <br \/><strong>Irod.:<\/strong> Gy\u00e1szjelent\u0151; Ny\u00e1r\u00e1d mente; Ny\u00e1r\u00e1dszereda k\u00f6zs\u00e9g; Sepsisz\u00e9ki.<\/br><\/p>\n","protected":false},"excerpt":{"rendered":"<p>1828, \u2020 Ny\u00e1r\u00e1dszereda, 1898.: ref. lelk\u00e9sz. \u2013 1848\u201349-es szabads\u00e1gharcos. \u2013 Testv\u00e9re: Sz. J\u00f3zsef; Feles\u00e9ge: koronkai J\u00f3zsa Anna (1835? \u2013 Ny\u00e1r\u00e1dszereda, 1898. nov. 1.). Gyermekeik: Sz. B\u00e9la, feles\u00e9ge Keresztesi Ilona; Sz. Irma F\u00e1bi\u00e1n \u00d6d\u00f6nn\u00e9; Sz. Anna K\u00f6vendi K\u00e1lm\u00e1nn\u00e9; Sz. Ilona Sz\u00e1sz Jen\u0151n\u00e9; Sz. Ida. Bem sereg\u00e9ben harcolt (1849-ig). Mv.-i di\u00e1kk\u00e9nt letart\u00f3ztatt\u00e1k, majd szabadon engedt\u00e9k. Ny\u00e1r\u00e1dszered\u00e1ban ref. [&hellip;]<\/p>\n","protected":false},"featured_media":0,"comment_status":"open","ping_status":"closed","template":"","meta":[],"product_brand":[],"product_cat":[137],"product_tag":[],"class_list":{"0":"post-21568","1":"product","2":"type-product","3":"status-publish","5":"product_cat-maros-megyei-eletrajzi-lexikon","7":"first","8":"instock","9":"shipping-taxable","10":"product-type-simple"},"_links":{"self":[{"href":"https:\/\/uj.adatbank.ro\/lexikon\/wp-json\/wp\/v2\/product\/21568","targetHints":{"allow":["GET"]}}],"collection":[{"href":"https:\/\/uj.adatbank.ro\/lexikon\/wp-json\/wp\/v2\/product"}],"about":[{"href":"https:\/\/uj.adatbank.ro\/lexikon\/wp-json\/wp\/v2\/types\/product"}],"replies":[{"embeddable":true,"href":"https:\/\/uj.adatbank.ro\/lexikon\/wp-json\/wp\/v2\/comments?post=21568"}],"wp:attachment":[{"href":"https:\/\/uj.adatbank.ro\/lexikon\/wp-json\/wp\/v2\/media?parent=21568"}],"wp:term":[{"taxonomy":"product_brand","embeddable":true,"href":"https:\/\/uj.adatbank.ro\/lexikon\/wp-json\/wp\/v2\/product_brand?post=21568"},{"taxonomy":"product_cat","embeddable":true,"href":"https:\/\/uj.adatbank.ro\/lexikon\/wp-json\/wp\/v2\/product_cat?post=21568"},{"taxonomy":"product_tag","embeddable":true,"href":"https:\/\/uj.adatbank.ro\/lexikon\/wp-json\/wp\/v2\/product_tag?post=21568"}],"curies":[{"name":"wp","href":"https:\/\/api.w.org\/{rel}","templated":true}]}}