{"id":21570,"date":"2025-07-22T19:29:33","date_gmt":"2025-07-22T17:29:33","guid":{"rendered":"https:\/\/uj.adatbank.ro\/lexikon\/termek\/szasz-karoly-szemerjai\/"},"modified":"2025-07-22T19:29:33","modified_gmt":"2025-07-22T17:29:33","slug":"szasz-karoly-szemerjai","status":"publish","type":"product","link":"https:\/\/uj.adatbank.ro\/lexikon\/termek\/szasz-karoly-szemerjai\/","title":{"rendered":"SZ\u00c1SZ K\u00e1roly, szemerjai"},"content":{"rendered":"<p>1863. aug. 6., \u2020 Mv., 1925. febr. 12.: dr., jog\u00e1sz, \u00e1rvasz\u00e9ki eln\u00f6k, k\u00f6lt\u0151, szerkeszt\u0151. \u2013 Sz\u00e1sz Domokos ref. p\u00fcsp\u00f6k \u00e9s \u00fcr\u00f6gdi Nagy Ilka (1838? \u2013 Kv., 1924. jan. 24.) fia. Testv\u00e9rei: Sz. M\u00e1ria Sz\u00fcll\u0151 \u00c1rp\u00e1dn\u00e9; Dr. Nagy Mikl\u00f3s; Nagy P\u00e1lma (nevelt testv\u00e9rei). Nevelt le\u00e1nyai Moln\u00e1r Jol\u00e1n G. Papp Imr\u00e9n\u00e9; Reiner Margit. Feles\u00e9ge: Schuster Lujza \/ Louise, a v\u00e1rosi tan\u00e1cs tagja (1926), a N\u00e9pkonyha f\u0151 v\u00e9dn\u00f6ke (1928). \u2013 Tanulm\u00e1nyait (egy \u00e9v kiv\u00e9tel\u00e9vel, amit a besztercei n\u00e9metnyelv\u0171 \u00e1g. ev. f\u0151gimn.-ban t\u00f6lt\u00f6tt), a kv.-i ref. f\u0151iskol\u00e1ban v\u00e9gezte. K\u00e9t \u00e9vig a kv.-i, kett\u0151ig a bp.-i egyetemen hallgat\u00f3ja volt. Ekkor \u00e9l\u00e9nk r\u00e9szt vett az ifj\u00fas\u00e1g mozgalmaiban; nevezetesen a kv.-i egyetemen a rom\u00e1n egyetemi hallgat\u00f3k magyarellenes \u00abJulia\u00bb egylete ellen k\u00fczd\u00f6tt eredm\u00e9nnyel (1883). Tanulm\u00e1nyainak v\u00e9gezt\u00e9vel k\u00fclf\u00f6ldi tanulm\u00e1ny\u00fatra ment, s hosszabb id\u0151t t\u00f6lt\u00f6tt N\u00e9met-, Olasz-, Franciao.- \u00e9s Sv\u00e1jcban. Hazat\u00e9rve Kolozsmegye szolg\u00e1lat\u00e1ba l\u00e9pett \u00e9s innen nevezt\u00e9k ki f\u0151isp\u00e1ni titk\u00e1rr\u00e1. Als\u00f3feh\u00e9rv\u00e1rmegy\u00e9be, n\u00e9gy \u00e9vig. Orsz\u00e1ggy\u0171l\u00e9si k\u00e9pvisel\u0151v\u00e9 v\u00e1lasztott\u00e1k szabadelv\u0171p\u00e1rti programmal (1892), a magyarigeni ker\u00fcletben. Az orsz\u00e1gh\u00e1zban t\u00f6bbsz\u00f6r felsz\u00f3lalt, a k\u00e9rv\u00e9nyi bizotts\u00e1g el\u0151ad\u00f3ja is volt; nem v\u00e1llalt mand\u00e1tumot, hanem a publicisztik\u00e1nak \u00e9lt (1896\u2013) Kv.-on apja mellett r\u00e9szt vett az egyh\u00e1zker\u00fclet k\u00f6z\u00e9let\u00e9ben. Apja hal\u00e1la ut\u00e1n Mv.-re k\u00f6lt\u00f6z\u00f6tt (1899\u2013) \u00e9s itt Maros-Torda v\u00e1rmegye \u00e1rvasz\u00e9ki \u00fcln\u00f6k\u00e9v\u00e9 v\u00e1lasztott\u00e1k (\u20131919). Ifj\u00fa kor\u00e1ban az apja \u00e1ltal szerkesztett Erd\u00e9lyi Prot. K\u00f6zl\u00f6ny szerkeszt\u00e9s\u00e9ben h\u00e1rom \u00e9vig vett r\u00e9szt (e lapban nagysz\u00e1m\u00fa vall\u00e1sos t\u00e1rgy\u00fa, vall\u00e1sb\u00f6lcseleti dolgozata, n\u00e9h\u00e1ny verse s m\u0171ford\u00edt\u00e1sa jelent meg). Egyetemi \u00e9vei kezdet\u00e9n bel\u00e9pett a kv.-i Magyar Polg\u00e1r c. napilap belmunkat\u00e1rsai sor\u00e1ba (itt csaknem minden sz\u00e1mba \u00edrt t\u00e1rc\u00e1t vagy k\u00f6ltem\u00e9nyeket saj\u00e1t neve, vagy Manfred, \u00e9s Avar \u00e1lnevek alatt); k\u00e9s\u0151bb a Kolozsv\u00e1r c. lapba \u00edrt. Bp.-en a F\u0151v\u00e1rosi Lapokban \u00e9s a Vas\u00e1rnapi Ujs\u00e1gban jelentek meg k\u00f6ltem\u00e9nyei, az ut\u00f3bbiban ismeretterjeszt\u0151 cikkei is. F\u0151isp\u00e1ni titk\u00e1r kor\u00e1ban a nagyenyedi K\u00f6z\u00e9rdek ellen a Kolozsv\u00e1rban folytatott heves pol\u00e9mi\u00e1kat; m\u00edg k\u00e9pvisel\u0151kor\u00e1ban a szabadelv\u0171p\u00e1rti lapokban jelentek meg politikai cikkei. Erd\u00e9lybe k\u00f6lt\u00f6z\u00e9s\u00e9t k\u00f6vet\u0151en (1896\u2013), az itteni vid\u00e9ki h\u00edrlapokba rendesen \u00edr vez\u00e9rcikkeket a k\u00fcl\u00f6nb\u00f6z\u0151 aktu\u00e1lis k\u00e9rd\u00e9sekr\u0151l \u00e9s megalap\u00edtotta Kolozsv\u00e1rt az Erd\u00e9lyi Napl\u00f3 c. napilapot \u00e9s azt szerkesztette (1895\u201396) Mv.-n folytatta publicisztikai m\u0171k\u00f6d\u00e9s\u00e9t a Sz\u00e9kely Lapokban \u00e9s a Maros-V\u00e1s\u00e1rhelyben; \u00e1tvette a Sz\u00e9kely Lapok szerkeszt\u00e9s\u00e9t (1901), mely hetilapb\u00f3l napilapp\u00e1 v\u00e1lt (1902) \u00e9s mint a szabadelv\u0171p\u00e1rt org\u00e1num\u00e1t (\u20131906); Az Ellenz\u00e9k munkat\u00e1rsa (1924 k.). Gyakran olvasott fel m\u0171veib\u0151l a KZST estjein. \u2013 <strong>F. m.<\/strong>: Ilona k\u00f6nyve (Kv., 1896.); \u00c1lmok \u00e9s eml\u00e9kek (Kv., 1908). Bed\u0151h\u00e1zy J\u00e1nos eml\u00e9kezete \/ \u00edrta \u00e9s felolvasta az Erd\u00e9lyi Irodalmi T\u00e1rsas\u00e1g Kolozsv\u00e1rott1916. m\u00e1j. 5-\u00e9n tartott gy\u0171l\u00e9s\u00e9n dr. Sz. K. (Mv., 1916). A tiszta j\u00f6vedelem a Maros-V\u00e1s\u00e1rhelyi reform\u00e1tus Koll\u00e9giumn\u00e1l l\u00e9tes\u00edtend\u0151 \u201eBed\u0151h\u00e1zi J\u00e1nos alap\u00edtv\u00e1ny\u201d jav\u00e1ra ford\u00edttatik. <strong>antol\u00f3g.:<\/strong> A marosv\u00e1s\u00e1rhelyi Kem\u00e9ny Zsigmond T\u00e1rsas\u00e1g \u00c9vk\u00f6nyve, 1914 \/ Szerkesztett\u00e9k: Dr. L\u0151vy Ferencz, dr. Schmidt B\u00e9la, Tr\u00f3zner Lajos. (Mv., 1914.); Mv. \u00e9s a h\u00e1bor\u00fa vers, (Mv., 1915); <strong>ford.:<\/strong> Puskin: A kauk\u00e1zusi fogoly. K\u00f6lt\u0151i besz\u00e9ly (Kv., 1884.), <strong>szerk.:<\/strong> Marosv\u00e1s\u00e1rhelyii Almanach (Mv., 1920). <br \/><strong>Irod.:<\/strong> Almanah Tg. M.; Gy\u00e1szjelent\u0151; Id\u0151t\u00e1r 3, MIIB; Mik\u00f3; Molter 1.; Szinnyei; \u00daMIL.<\/br><\/p>\n","protected":false},"excerpt":{"rendered":"<p>1863. aug. 6., \u2020 Mv., 1925. febr. 12.: dr., jog\u00e1sz, \u00e1rvasz\u00e9ki eln\u00f6k, k\u00f6lt\u0151, szerkeszt\u0151. \u2013 Sz\u00e1sz Domokos ref. p\u00fcsp\u00f6k \u00e9s \u00fcr\u00f6gdi Nagy Ilka (1838? \u2013 Kv., 1924. jan. 24.) fia. Testv\u00e9rei: Sz. M\u00e1ria Sz\u00fcll\u0151 \u00c1rp\u00e1dn\u00e9; Dr. Nagy Mikl\u00f3s; Nagy P\u00e1lma (nevelt testv\u00e9rei). Nevelt le\u00e1nyai Moln\u00e1r Jol\u00e1n G. Papp Imr\u00e9n\u00e9; Reiner Margit. Feles\u00e9ge: Schuster Lujza \/ [&hellip;]<\/p>\n","protected":false},"featured_media":0,"comment_status":"open","ping_status":"closed","template":"","meta":[],"product_brand":[],"product_cat":[137],"product_tag":[],"class_list":{"0":"post-21570","1":"product","2":"type-product","3":"status-publish","5":"product_cat-maros-megyei-eletrajzi-lexikon","7":"first","8":"instock","9":"shipping-taxable","10":"product-type-simple"},"_links":{"self":[{"href":"https:\/\/uj.adatbank.ro\/lexikon\/wp-json\/wp\/v2\/product\/21570","targetHints":{"allow":["GET"]}}],"collection":[{"href":"https:\/\/uj.adatbank.ro\/lexikon\/wp-json\/wp\/v2\/product"}],"about":[{"href":"https:\/\/uj.adatbank.ro\/lexikon\/wp-json\/wp\/v2\/types\/product"}],"replies":[{"embeddable":true,"href":"https:\/\/uj.adatbank.ro\/lexikon\/wp-json\/wp\/v2\/comments?post=21570"}],"wp:attachment":[{"href":"https:\/\/uj.adatbank.ro\/lexikon\/wp-json\/wp\/v2\/media?parent=21570"}],"wp:term":[{"taxonomy":"product_brand","embeddable":true,"href":"https:\/\/uj.adatbank.ro\/lexikon\/wp-json\/wp\/v2\/product_brand?post=21570"},{"taxonomy":"product_cat","embeddable":true,"href":"https:\/\/uj.adatbank.ro\/lexikon\/wp-json\/wp\/v2\/product_cat?post=21570"},{"taxonomy":"product_tag","embeddable":true,"href":"https:\/\/uj.adatbank.ro\/lexikon\/wp-json\/wp\/v2\/product_tag?post=21570"}],"curies":[{"name":"wp","href":"https:\/\/api.w.org\/{rel}","templated":true}]}}