{"id":21571,"date":"2025-07-22T19:29:35","date_gmt":"2025-07-22T17:29:35","guid":{"rendered":"https:\/\/uj.adatbank.ro\/lexikon\/termek\/szasz-karoly-4\/"},"modified":"2025-07-22T19:29:35","modified_gmt":"2025-07-22T17:29:35","slug":"szasz-karoly-4","status":"publish","type":"product","link":"https:\/\/uj.adatbank.ro\/lexikon\/termek\/szasz-karoly-4\/","title":{"rendered":"SZ\u00c1SZ K\u00e1roly,"},"content":{"rendered":"<p>? \u2020?: jegyz\u0151. \u2013 Dr. els\u0151 oszt\u00e1ly\u00fa aljegyz\u0151 Mv.-en, az MSE labdar\u00fag\u00f3 szakoszt\u00e1ly\u00e1nak igazgat\u00f3ja. A labdar\u00fag\u00f3, kos\u00e1rlabda, tenisz, atl\u00e9tika \u00e9s v\u00edzisportokban szerepelt Domb\u00f3v\u00e1ron (1928\u201330), P\u00e9csett (1931\u2013), Kaposv\u00e1rott (1939\u201341). T\u00f6bb arany- \u00e9s ez\u00fcst\u00e9rem tulajdonosa. Bekapcsol\u00f3dott a MSE \u00e9let\u00e9be (1941), ahol a labdar\u00fag\u00f3 szakoszt\u00e1ly igazgat\u00f3j\u00e1v\u00e1 v\u00e1lasztott\u00e1k. Nagy gondot ford\u00edtott az ut\u00e1np\u00f3tl\u00e1s biztos\u00edt\u00e1s\u00e1ra, hogy amint Kaposv\u00e1ron saj\u00e1t nevel\u00e9s\u0171 j\u00e1t\u00e9kosokkal biztos\u00edtsa szakoszt\u00e1lya j\u00f6v\u0151j\u00e9t. <br \/><strong>Irod.:<\/strong> Pluh\u00e1r.<\/br><\/p>\n","protected":false},"excerpt":{"rendered":"<p>? \u2020?: jegyz\u0151. \u2013 Dr. els\u0151 oszt\u00e1ly\u00fa aljegyz\u0151 Mv.-en, az MSE labdar\u00fag\u00f3 szakoszt\u00e1ly\u00e1nak igazgat\u00f3ja. A labdar\u00fag\u00f3, kos\u00e1rlabda, tenisz, atl\u00e9tika \u00e9s v\u00edzisportokban szerepelt Domb\u00f3v\u00e1ron (1928\u201330), P\u00e9csett (1931\u2013), Kaposv\u00e1rott (1939\u201341). T\u00f6bb arany- \u00e9s ez\u00fcst\u00e9rem tulajdonosa. Bekapcsol\u00f3dott a MSE \u00e9let\u00e9be (1941), ahol a labdar\u00fag\u00f3 szakoszt\u00e1ly igazgat\u00f3j\u00e1v\u00e1 v\u00e1lasztott\u00e1k. Nagy gondot ford\u00edtott az ut\u00e1np\u00f3tl\u00e1s biztos\u00edt\u00e1s\u00e1ra, hogy amint Kaposv\u00e1ron saj\u00e1t nevel\u00e9s\u0171 [&hellip;]<\/p>\n","protected":false},"featured_media":0,"comment_status":"open","ping_status":"closed","template":"","meta":[],"product_brand":[],"product_cat":[137],"product_tag":[],"class_list":{"0":"post-21571","1":"product","2":"type-product","3":"status-publish","5":"product_cat-maros-megyei-eletrajzi-lexikon","7":"first","8":"instock","9":"shipping-taxable","10":"product-type-simple"},"_links":{"self":[{"href":"https:\/\/uj.adatbank.ro\/lexikon\/wp-json\/wp\/v2\/product\/21571","targetHints":{"allow":["GET"]}}],"collection":[{"href":"https:\/\/uj.adatbank.ro\/lexikon\/wp-json\/wp\/v2\/product"}],"about":[{"href":"https:\/\/uj.adatbank.ro\/lexikon\/wp-json\/wp\/v2\/types\/product"}],"replies":[{"embeddable":true,"href":"https:\/\/uj.adatbank.ro\/lexikon\/wp-json\/wp\/v2\/comments?post=21571"}],"wp:attachment":[{"href":"https:\/\/uj.adatbank.ro\/lexikon\/wp-json\/wp\/v2\/media?parent=21571"}],"wp:term":[{"taxonomy":"product_brand","embeddable":true,"href":"https:\/\/uj.adatbank.ro\/lexikon\/wp-json\/wp\/v2\/product_brand?post=21571"},{"taxonomy":"product_cat","embeddable":true,"href":"https:\/\/uj.adatbank.ro\/lexikon\/wp-json\/wp\/v2\/product_cat?post=21571"},{"taxonomy":"product_tag","embeddable":true,"href":"https:\/\/uj.adatbank.ro\/lexikon\/wp-json\/wp\/v2\/product_tag?post=21571"}],"curies":[{"name":"wp","href":"https:\/\/api.w.org\/{rel}","templated":true}]}}