{"id":21572,"date":"2025-07-22T19:29:39","date_gmt":"2025-07-22T17:29:39","guid":{"rendered":"https:\/\/uj.adatbank.ro\/lexikon\/termek\/szasz-karolyne\/"},"modified":"2025-07-22T19:29:39","modified_gmt":"2025-07-22T17:29:39","slug":"szasz-karolyne","status":"publish","type":"product","link":"https:\/\/uj.adatbank.ro\/lexikon\/termek\/szasz-karolyne\/","title":{"rendered":"SZ\u00c1SZ K\u00e1rolyn\u00e9"},"content":{"rendered":"<p>? \u2020?: \u00f6nk\u00e9ntes \u00e1pol\u00f3n\u0151. \u2013 F\u00e9rje dr. Sz. K. (1863\u20131925). Az I. vh. idej\u00e9n a mv.-i \u00e1llami k\u00f3rh\u00e1z \u00f6nk\u00e9ntes \u00e1pol\u00f3inak f\u0151n\u00f6kn\u0151je. \u00c9rdemei\u00e9rt a V\u00f6r\u00f6skereszt II. oszt. tiszteletjelv\u00e9ny\u00e9t a hadi\u00e9k\u00edtm\u00e9nnyel kapta. <br \/><strong>Irod.:<\/strong> Mv. \u00e9s a h\u00e1bor\u00fa 1\u20132.<\/br><\/p>\n","protected":false},"excerpt":{"rendered":"<p>? \u2020?: \u00f6nk\u00e9ntes \u00e1pol\u00f3n\u0151. \u2013 F\u00e9rje dr. Sz. K. (1863\u20131925). Az I. vh. idej\u00e9n a mv.-i \u00e1llami k\u00f3rh\u00e1z \u00f6nk\u00e9ntes \u00e1pol\u00f3inak f\u0151n\u00f6kn\u0151je. \u00c9rdemei\u00e9rt a V\u00f6r\u00f6skereszt II. oszt. tiszteletjelv\u00e9ny\u00e9t a hadi\u00e9k\u00edtm\u00e9nnyel kapta. Irod.: Mv. \u00e9s a h\u00e1bor\u00fa 1\u20132.<\/p>\n","protected":false},"featured_media":0,"comment_status":"open","ping_status":"closed","template":"","meta":[],"product_brand":[],"product_cat":[137],"product_tag":[],"class_list":{"0":"post-21572","1":"product","2":"type-product","3":"status-publish","5":"product_cat-maros-megyei-eletrajzi-lexikon","7":"first","8":"instock","9":"shipping-taxable","10":"product-type-simple"},"_links":{"self":[{"href":"https:\/\/uj.adatbank.ro\/lexikon\/wp-json\/wp\/v2\/product\/21572","targetHints":{"allow":["GET"]}}],"collection":[{"href":"https:\/\/uj.adatbank.ro\/lexikon\/wp-json\/wp\/v2\/product"}],"about":[{"href":"https:\/\/uj.adatbank.ro\/lexikon\/wp-json\/wp\/v2\/types\/product"}],"replies":[{"embeddable":true,"href":"https:\/\/uj.adatbank.ro\/lexikon\/wp-json\/wp\/v2\/comments?post=21572"}],"wp:attachment":[{"href":"https:\/\/uj.adatbank.ro\/lexikon\/wp-json\/wp\/v2\/media?parent=21572"}],"wp:term":[{"taxonomy":"product_brand","embeddable":true,"href":"https:\/\/uj.adatbank.ro\/lexikon\/wp-json\/wp\/v2\/product_brand?post=21572"},{"taxonomy":"product_cat","embeddable":true,"href":"https:\/\/uj.adatbank.ro\/lexikon\/wp-json\/wp\/v2\/product_cat?post=21572"},{"taxonomy":"product_tag","embeddable":true,"href":"https:\/\/uj.adatbank.ro\/lexikon\/wp-json\/wp\/v2\/product_tag?post=21572"}],"curies":[{"name":"wp","href":"https:\/\/api.w.org\/{rel}","templated":true}]}}