{"id":21573,"date":"2025-07-22T19:29:41","date_gmt":"2025-07-22T17:29:41","guid":{"rendered":"https:\/\/uj.adatbank.ro\/lexikon\/termek\/szasz-lajos\/"},"modified":"2025-07-22T19:29:41","modified_gmt":"2025-07-22T17:29:41","slug":"szasz-lajos","status":"publish","type":"product","link":"https:\/\/uj.adatbank.ro\/lexikon\/termek\/szasz-lajos\/","title":{"rendered":"SZ\u00c1SZ Lajos"},"content":{"rendered":"<p>Udvarfalva, 1889., \u2020?: gazd\u00e1lkod\u00f3. \u2013 \u00d6n\u00e1ll\u00f3 gazda volt (1919\u2013), a k\u00f6zs\u00e9g tekint\u00e9lyes polg\u00e1ra, k\u00e9t \u00edzben is b\u00edr\u00f3. V\u00e9gigk\u00fczd\u00f6tte az els\u0151 vh.-t megsebes\u00fclt \u00e9s 3 \u00e9vig orosz fogs\u00e1gban volt. A rom\u00e1n csend\u0151r\u00f6k Mv.-re hurcolt\u00e1k, megvert\u00e9k. <br \/><strong>Irod.:<\/strong> Sz\u00e9kelyf\u00f6ld \u00ed. k.<\/br><\/p>\n","protected":false},"excerpt":{"rendered":"<p>Udvarfalva, 1889., \u2020?: gazd\u00e1lkod\u00f3. \u2013 \u00d6n\u00e1ll\u00f3 gazda volt (1919\u2013), a k\u00f6zs\u00e9g tekint\u00e9lyes polg\u00e1ra, k\u00e9t \u00edzben is b\u00edr\u00f3. V\u00e9gigk\u00fczd\u00f6tte az els\u0151 vh.-t megsebes\u00fclt \u00e9s 3 \u00e9vig orosz fogs\u00e1gban volt. A rom\u00e1n csend\u0151r\u00f6k Mv.-re hurcolt\u00e1k, megvert\u00e9k. Irod.: Sz\u00e9kelyf\u00f6ld \u00ed. k.<\/p>\n","protected":false},"featured_media":0,"comment_status":"open","ping_status":"closed","template":"","meta":[],"product_brand":[],"product_cat":[137],"product_tag":[],"class_list":{"0":"post-21573","1":"product","2":"type-product","3":"status-publish","5":"product_cat-maros-megyei-eletrajzi-lexikon","7":"first","8":"instock","9":"shipping-taxable","10":"product-type-simple"},"_links":{"self":[{"href":"https:\/\/uj.adatbank.ro\/lexikon\/wp-json\/wp\/v2\/product\/21573","targetHints":{"allow":["GET"]}}],"collection":[{"href":"https:\/\/uj.adatbank.ro\/lexikon\/wp-json\/wp\/v2\/product"}],"about":[{"href":"https:\/\/uj.adatbank.ro\/lexikon\/wp-json\/wp\/v2\/types\/product"}],"replies":[{"embeddable":true,"href":"https:\/\/uj.adatbank.ro\/lexikon\/wp-json\/wp\/v2\/comments?post=21573"}],"wp:attachment":[{"href":"https:\/\/uj.adatbank.ro\/lexikon\/wp-json\/wp\/v2\/media?parent=21573"}],"wp:term":[{"taxonomy":"product_brand","embeddable":true,"href":"https:\/\/uj.adatbank.ro\/lexikon\/wp-json\/wp\/v2\/product_brand?post=21573"},{"taxonomy":"product_cat","embeddable":true,"href":"https:\/\/uj.adatbank.ro\/lexikon\/wp-json\/wp\/v2\/product_cat?post=21573"},{"taxonomy":"product_tag","embeddable":true,"href":"https:\/\/uj.adatbank.ro\/lexikon\/wp-json\/wp\/v2\/product_tag?post=21573"}],"curies":[{"name":"wp","href":"https:\/\/api.w.org\/{rel}","templated":true}]}}