{"id":21574,"date":"2025-07-22T19:29:44","date_gmt":"2025-07-22T17:29:44","guid":{"rendered":"https:\/\/uj.adatbank.ro\/lexikon\/termek\/szasz-lajos-2\/"},"modified":"2025-07-22T19:29:44","modified_gmt":"2025-07-22T17:29:44","slug":"szasz-lajos-2","status":"publish","type":"product","link":"https:\/\/uj.adatbank.ro\/lexikon\/termek\/szasz-lajos-2\/","title":{"rendered":"SZ\u00c1SZ Lajos"},"content":{"rendered":"<p>K\u00f6rtv\u00e9lyf\u00e1ja (Maros), 1907)., \u2020?: gazd\u00e1lkod\u00f3. \u2013 cs\u00e9pl\u0151g\u00e9ptulajdonos. \u2013 A g\u00e9pkezel\u0151i \u00e9s g\u00e9p\u00e9szipart tanulta Mv.-en \u00e9s mint \u00f6n\u00e1ll\u00f3 g\u00e9ptulajdonos b\u00e9rcs\u00e9pl\u00e9ssel \u00e9s gazd\u00e1lkod\u00e1ssal foglalkozott sz\u00fcl\u0151faluj\u00e1ban, a Dal\u00e1rda akt\u00edv tagja volt. <br \/><strong>Irod.:<\/strong> Sz\u00e9kelyf\u00f6ld \u00ed. k.<\/br><\/p>\n","protected":false},"excerpt":{"rendered":"<p>K\u00f6rtv\u00e9lyf\u00e1ja (Maros), 1907)., \u2020?: gazd\u00e1lkod\u00f3. \u2013 cs\u00e9pl\u0151g\u00e9ptulajdonos. \u2013 A g\u00e9pkezel\u0151i \u00e9s g\u00e9p\u00e9szipart tanulta Mv.-en \u00e9s mint \u00f6n\u00e1ll\u00f3 g\u00e9ptulajdonos b\u00e9rcs\u00e9pl\u00e9ssel \u00e9s gazd\u00e1lkod\u00e1ssal foglalkozott sz\u00fcl\u0151faluj\u00e1ban, a Dal\u00e1rda akt\u00edv tagja volt. Irod.: Sz\u00e9kelyf\u00f6ld \u00ed. k.<\/p>\n","protected":false},"featured_media":0,"comment_status":"open","ping_status":"closed","template":"","meta":[],"product_brand":[],"product_cat":[137],"product_tag":[],"class_list":{"0":"post-21574","1":"product","2":"type-product","3":"status-publish","5":"product_cat-maros-megyei-eletrajzi-lexikon","7":"first","8":"instock","9":"shipping-taxable","10":"product-type-simple"},"_links":{"self":[{"href":"https:\/\/uj.adatbank.ro\/lexikon\/wp-json\/wp\/v2\/product\/21574","targetHints":{"allow":["GET"]}}],"collection":[{"href":"https:\/\/uj.adatbank.ro\/lexikon\/wp-json\/wp\/v2\/product"}],"about":[{"href":"https:\/\/uj.adatbank.ro\/lexikon\/wp-json\/wp\/v2\/types\/product"}],"replies":[{"embeddable":true,"href":"https:\/\/uj.adatbank.ro\/lexikon\/wp-json\/wp\/v2\/comments?post=21574"}],"wp:attachment":[{"href":"https:\/\/uj.adatbank.ro\/lexikon\/wp-json\/wp\/v2\/media?parent=21574"}],"wp:term":[{"taxonomy":"product_brand","embeddable":true,"href":"https:\/\/uj.adatbank.ro\/lexikon\/wp-json\/wp\/v2\/product_brand?post=21574"},{"taxonomy":"product_cat","embeddable":true,"href":"https:\/\/uj.adatbank.ro\/lexikon\/wp-json\/wp\/v2\/product_cat?post=21574"},{"taxonomy":"product_tag","embeddable":true,"href":"https:\/\/uj.adatbank.ro\/lexikon\/wp-json\/wp\/v2\/product_tag?post=21574"}],"curies":[{"name":"wp","href":"https:\/\/api.w.org\/{rel}","templated":true}]}}