{"id":21575,"date":"2025-07-22T19:29:46","date_gmt":"2025-07-22T17:29:46","guid":{"rendered":"https:\/\/uj.adatbank.ro\/lexikon\/termek\/szasz-lajos-komolloi\/"},"modified":"2025-07-22T19:29:46","modified_gmt":"2025-07-22T17:29:46","slug":"szasz-lajos-komolloi","status":"publish","type":"product","link":"https:\/\/uj.adatbank.ro\/lexikon\/termek\/szasz-lajos-komolloi\/","title":{"rendered":"SZ\u00c1SZ Lajos, komoll\u00f3i"},"content":{"rendered":"<p>? \u2020?: ref. pap. \u2013 <strong><strong>F. m.<\/strong><\/strong>: Halotti besz\u00e9d magyar-csesztvei Miske J\u00f3zsef felett, 1821. febr. 2. (Mv., 1821); Halotti besz\u00e9d sz\u00e9ki gr. Teleki S\u00e1muel felett, 1822. nov. 17. (Kv., 1825); Halotti besz\u00e9d lozs\u00e1rdi Zudor Eszter, csap\u00f3i R\u00e9z S\u00e1mueln\u00e9 felett, 1829. szept. 27. (Nagyenyed, 1829); Halotti besz\u00e9d K\u00f3sa Roz\u00e1lia felett, 1830. \u00e1pr. 7. (Nagyenyed, 1830); Halotti besz\u00e9d maroskopp\u00e1ndi Foszt\u00f3 Farkas felett, 1832. (Nagyenyed, 1832); Halotti besz\u00e9d bethleni gr. Bethlen Roz\u00e1lia, bethleni gr. Bethlen Imr\u00e9n\u00e9 felett, 1832. febr. 8. (Nagyenyed, 1832); Halotti besz\u00e9d bethleni gr. Bethlen Roz\u00e1lia, bethleni gr. Bethlen Imr\u00e9n\u00e9 felett, 1832. febr. 8. (Nagyenyed, 1832); Halotti besz\u00e9d maroskopp\u00e1ndi Foszt\u00f3 Farkas felett, 1832. (Nagyenyed, 1832); Halotti besz\u00e9d magyargyer\u0151monostori br. Kem\u00e9ny L\u00e1szl\u00f3 felett (Kv., 1832); <br \/><strong>Irod.:<\/strong> F\u00fcl\u00f6p\u2013Ferencz; Halotti besz\u00e9dek.<\/br><\/p>\n","protected":false},"excerpt":{"rendered":"<p>? \u2020?: ref. pap. \u2013 F. m.: Halotti besz\u00e9d magyar-csesztvei Miske J\u00f3zsef felett, 1821. febr. 2. (Mv., 1821); Halotti besz\u00e9d sz\u00e9ki gr. Teleki S\u00e1muel felett, 1822. nov. 17. (Kv., 1825); Halotti besz\u00e9d lozs\u00e1rdi Zudor Eszter, csap\u00f3i R\u00e9z S\u00e1mueln\u00e9 felett, 1829. szept. 27. (Nagyenyed, 1829); Halotti besz\u00e9d K\u00f3sa Roz\u00e1lia felett, 1830. \u00e1pr. 7. (Nagyenyed, 1830); Halotti [&hellip;]<\/p>\n","protected":false},"featured_media":0,"comment_status":"open","ping_status":"closed","template":"","meta":[],"product_brand":[],"product_cat":[137],"product_tag":[],"class_list":{"0":"post-21575","1":"product","2":"type-product","3":"status-publish","5":"product_cat-maros-megyei-eletrajzi-lexikon","7":"first","8":"instock","9":"shipping-taxable","10":"product-type-simple"},"_links":{"self":[{"href":"https:\/\/uj.adatbank.ro\/lexikon\/wp-json\/wp\/v2\/product\/21575","targetHints":{"allow":["GET"]}}],"collection":[{"href":"https:\/\/uj.adatbank.ro\/lexikon\/wp-json\/wp\/v2\/product"}],"about":[{"href":"https:\/\/uj.adatbank.ro\/lexikon\/wp-json\/wp\/v2\/types\/product"}],"replies":[{"embeddable":true,"href":"https:\/\/uj.adatbank.ro\/lexikon\/wp-json\/wp\/v2\/comments?post=21575"}],"wp:attachment":[{"href":"https:\/\/uj.adatbank.ro\/lexikon\/wp-json\/wp\/v2\/media?parent=21575"}],"wp:term":[{"taxonomy":"product_brand","embeddable":true,"href":"https:\/\/uj.adatbank.ro\/lexikon\/wp-json\/wp\/v2\/product_brand?post=21575"},{"taxonomy":"product_cat","embeddable":true,"href":"https:\/\/uj.adatbank.ro\/lexikon\/wp-json\/wp\/v2\/product_cat?post=21575"},{"taxonomy":"product_tag","embeddable":true,"href":"https:\/\/uj.adatbank.ro\/lexikon\/wp-json\/wp\/v2\/product_tag?post=21575"}],"curies":[{"name":"wp","href":"https:\/\/api.w.org\/{rel}","templated":true}]}}