{"id":21576,"date":"2025-07-22T19:29:48","date_gmt":"2025-07-22T17:29:48","guid":{"rendered":"https:\/\/uj.adatbank.ro\/lexikon\/termek\/szasz-laszlo\/"},"modified":"2025-07-22T19:29:48","modified_gmt":"2025-07-22T17:29:48","slug":"szasz-laszlo","status":"publish","type":"product","link":"https:\/\/uj.adatbank.ro\/lexikon\/termek\/szasz-laszlo\/","title":{"rendered":"SZ\u00c1SZ L\u00e1szl\u00f3"},"content":{"rendered":"<p>Buk., 1924. j\u00fan. 8., \u2020 Mv., 2006. j\u00fan. 7.: fest\u0151m\u0171v\u00e9sz. \u2013 Brass\u00f3ban volt fiatal, ott szerette meg a term\u00e9szetet, a t\u00e1jat, a sportot a t\u00far\u00e1kat. A t\u00e1j sz\u00e9ps\u00e9ge ind\u00edtotta a fest\u00e9szet fel\u00e9. Mv.-re menek\u00fcltk\u00e9nt \u00e9rkezett a csal\u00e1d D\u00e9l-Erd\u00e9lyb\u0151l, kereskedelmi isk.-t v\u00e9gzett \u00e9s Bordi Andr\u00e1s fest\u00e9szeti \u00e9s grafikai kurzusait l\u00e1togatta (1942). A II. vh. ban frontkatona volt, megsebes\u00fclt. Tiltott hat\u00e1r\u00e1tl\u00e9p\u00e9s miatt b\u00f6rt\u00f6nbe z\u00e1rt\u00e1k Szamos\u00fajv\u00e1ron, Nagyenyeden a Duna csatorn\u00e1n\u00e1l raboskodott., szabadul\u00e1sa ut\u00e1n (1951) k\u00e9nyszerlakhelyen volt. Az \u00e9p\u00edtkez\u00e9sben helyezkedett el vasbetonszerel\u0151, majd anyagkezel\u0151k\u00e9nt, r\u00e9szt vett a Frigorifer \u00e9p\u00edt\u00e9s\u00e9ben. K\u00e9t nagy szenved\u00e9lye volt a sport \u00e9s a k\u00e9pz\u0151m\u0171v\u00e9szet. Sportol\u00f3k\u00e9nt agilis szervez\u0151k\u00e9nt ismerte a megye. Elv\u00e9gezte a mv.-i M\u0171v\u00e9szeti Iskola grafikai \u00e9s fest\u00e9szeti szak\u00e1t (1983). Tagja volt a KMMSZ-nek (1981\u2013). Egy\u00e9ni ki\u00e1ll\u00edt\u00e1sokon mutatta be munk\u00e1it (57 ki\u00e1ll\u00edt\u00e1son), valamint k\u00f6z\u00f6s \u00e9s csoportos ki\u00e1ll\u00edt\u00e1sai voltak (47) (1981\u20132001). Utcai t\u00e1rlatot rendezett a Borsos Tam\u00e1s utc\u00e1ban. Jelen volt a k\u00e9pz\u0151m\u0171v\u00e9szeti t\u00e1borokban Szov\u00e1t\u00e1n (1987, 1988, 1989 \u00e9s 1992), Segesv\u00e1ron (1990) \u00e9s Mo.-on (1991). Kit\u00fcntet\u00e9sben r\u00e9szes\u00fclt (1981 \u00e9s 1989). \u2013 <strong><strong>F. ki\u00e1ll.:<\/strong> egy\u00e9ni:<\/strong> Gyilkost\u00f3, Mv (2001)., Sz\u00e1szr\u00e9gen, Udvarhely, Ny\u00e1r\u00e1dszereda, Gyergy\u00f3, Marosludas, K\u00f6rtv\u00e9lyf\u00e1ja, Bp., Mv. (2001); <strong>csoportos:<\/strong> Szeben, Cs\u00edkszereda, Szov\u00e1ta, Gyulafeh\u00e9rv\u00e1r stb. <br \/><strong>Irod.:<\/strong> AAPM; B.D.: Egy hossz\u00fat\u00e1vfut\u00f3 sz\u00e9pl\u00e9lek (N\u00fa 2001 j\u00fan 16); Opri\u015f 2018.<\/br><\/p>\n","protected":false},"excerpt":{"rendered":"<p>Buk., 1924. j\u00fan. 8., \u2020 Mv., 2006. j\u00fan. 7.: fest\u0151m\u0171v\u00e9sz. \u2013 Brass\u00f3ban volt fiatal, ott szerette meg a term\u00e9szetet, a t\u00e1jat, a sportot a t\u00far\u00e1kat. A t\u00e1j sz\u00e9ps\u00e9ge ind\u00edtotta a fest\u00e9szet fel\u00e9. Mv.-re menek\u00fcltk\u00e9nt \u00e9rkezett a csal\u00e1d D\u00e9l-Erd\u00e9lyb\u0151l, kereskedelmi isk.-t v\u00e9gzett \u00e9s Bordi Andr\u00e1s fest\u00e9szeti \u00e9s grafikai kurzusait l\u00e1togatta (1942). A II. vh. ban frontkatona [&hellip;]<\/p>\n","protected":false},"featured_media":0,"comment_status":"open","ping_status":"closed","template":"","meta":[],"product_brand":[],"product_cat":[137],"product_tag":[],"class_list":{"0":"post-21576","1":"product","2":"type-product","3":"status-publish","5":"product_cat-maros-megyei-eletrajzi-lexikon","7":"first","8":"instock","9":"shipping-taxable","10":"product-type-simple"},"_links":{"self":[{"href":"https:\/\/uj.adatbank.ro\/lexikon\/wp-json\/wp\/v2\/product\/21576","targetHints":{"allow":["GET"]}}],"collection":[{"href":"https:\/\/uj.adatbank.ro\/lexikon\/wp-json\/wp\/v2\/product"}],"about":[{"href":"https:\/\/uj.adatbank.ro\/lexikon\/wp-json\/wp\/v2\/types\/product"}],"replies":[{"embeddable":true,"href":"https:\/\/uj.adatbank.ro\/lexikon\/wp-json\/wp\/v2\/comments?post=21576"}],"wp:attachment":[{"href":"https:\/\/uj.adatbank.ro\/lexikon\/wp-json\/wp\/v2\/media?parent=21576"}],"wp:term":[{"taxonomy":"product_brand","embeddable":true,"href":"https:\/\/uj.adatbank.ro\/lexikon\/wp-json\/wp\/v2\/product_brand?post=21576"},{"taxonomy":"product_cat","embeddable":true,"href":"https:\/\/uj.adatbank.ro\/lexikon\/wp-json\/wp\/v2\/product_cat?post=21576"},{"taxonomy":"product_tag","embeddable":true,"href":"https:\/\/uj.adatbank.ro\/lexikon\/wp-json\/wp\/v2\/product_tag?post=21576"}],"curies":[{"name":"wp","href":"https:\/\/api.w.org\/{rel}","templated":true}]}}