{"id":21579,"date":"2025-07-22T19:29:55","date_gmt":"2025-07-22T17:29:55","guid":{"rendered":"https:\/\/uj.adatbank.ro\/lexikon\/termek\/szasz-margit-csengery-gyulane\/"},"modified":"2025-07-22T19:29:55","modified_gmt":"2025-07-22T17:29:55","slug":"szasz-margit-csengery-gyulane","status":"publish","type":"product","link":"https:\/\/uj.adatbank.ro\/lexikon\/termek\/szasz-margit-csengery-gyulane\/","title":{"rendered":"SZ\u00c1SZ Margit; Csengery Gyul\u00e1n\u00e9"},"content":{"rendered":"<p>? \u2020?: mv.-i orvos feles\u00e9ge. <br \/><strong>Irod.:<\/strong> Vargha Zolt\u00e1n: A szemerjai Sz\u00e1sz csal\u00e1d (Kv., 1912).<\/br><\/p>\n","protected":false},"excerpt":{"rendered":"<p>? \u2020?: mv.-i orvos feles\u00e9ge. Irod.: Vargha Zolt\u00e1n: A szemerjai Sz\u00e1sz csal\u00e1d (Kv., 1912).<\/p>\n","protected":false},"featured_media":0,"comment_status":"open","ping_status":"closed","template":"","meta":[],"product_brand":[],"product_cat":[137],"product_tag":[],"class_list":{"0":"post-21579","1":"product","2":"type-product","3":"status-publish","5":"product_cat-maros-megyei-eletrajzi-lexikon","7":"first","8":"instock","9":"shipping-taxable","10":"product-type-simple"},"_links":{"self":[{"href":"https:\/\/uj.adatbank.ro\/lexikon\/wp-json\/wp\/v2\/product\/21579","targetHints":{"allow":["GET"]}}],"collection":[{"href":"https:\/\/uj.adatbank.ro\/lexikon\/wp-json\/wp\/v2\/product"}],"about":[{"href":"https:\/\/uj.adatbank.ro\/lexikon\/wp-json\/wp\/v2\/types\/product"}],"replies":[{"embeddable":true,"href":"https:\/\/uj.adatbank.ro\/lexikon\/wp-json\/wp\/v2\/comments?post=21579"}],"wp:attachment":[{"href":"https:\/\/uj.adatbank.ro\/lexikon\/wp-json\/wp\/v2\/media?parent=21579"}],"wp:term":[{"taxonomy":"product_brand","embeddable":true,"href":"https:\/\/uj.adatbank.ro\/lexikon\/wp-json\/wp\/v2\/product_brand?post=21579"},{"taxonomy":"product_cat","embeddable":true,"href":"https:\/\/uj.adatbank.ro\/lexikon\/wp-json\/wp\/v2\/product_cat?post=21579"},{"taxonomy":"product_tag","embeddable":true,"href":"https:\/\/uj.adatbank.ro\/lexikon\/wp-json\/wp\/v2\/product_tag?post=21579"}],"curies":[{"name":"wp","href":"https:\/\/api.w.org\/{rel}","templated":true}]}}