{"id":2158,"date":"2025-06-28T12:05:30","date_gmt":"2025-06-28T10:05:30","guid":{"rendered":"https:\/\/uj.adatbank.ro\/lexikon\/termek\/banffy-denes-gr-losonczi-br\/"},"modified":"2025-06-28T12:05:30","modified_gmt":"2025-06-28T10:05:30","slug":"banffy-denes-gr-losonczi-br","status":"publish","type":"product","link":"https:\/\/uj.adatbank.ro\/lexikon\/termek\/banffy-denes-gr-losonczi-br\/","title":{"rendered":"B\u00c1NFFY D\u00e9nes, gr., losonczi br."},"content":{"rendered":"<p>1776., \u2020 B\u00e9cs, 1854. okt. 9.: f\u00f6ldbirtokos, cs. kir. kamar\u00e1s. \u2013 B. Gy\u00f6rgy (1746\u20131822) fia. Testv\u00e9re: br. B. J\u00f3zsef. Feles\u00e9ge: Schilling-Constandt Johanna (1790\u20131865). A mez\u0151\u00f6rm\u00e9nyesi uradalmat \u00f6r\u00f6k\u00f6lte. Az \u00e1llamos\u00edt\u00e1s ut\u00e1n a kast\u00e9ly mez\u0151gazdas\u00e1gi egys\u00e9g volt, ma romos \u00e1llapotban van. <br \/><strong>Irod.:<\/strong> Bir\u00f3 J\u00f3zsef. A bonchidai B\u00e1nffy-kast\u00e9ly csal\u00e1di arck\u00e9pei = Lyka eml\u00e9kk.; Keresztes 1995; Lev\u00e9lt\u00e1ri gy\u00e1szj.<\/br><\/p>\n","protected":false},"excerpt":{"rendered":"<p>1776., \u2020 B\u00e9cs, 1854. okt. 9.: f\u00f6ldbirtokos, cs. kir. kamar\u00e1s. \u2013 B. Gy\u00f6rgy (1746\u20131822) fia. Testv\u00e9re: br. B. J\u00f3zsef. Feles\u00e9ge: Schilling-Constandt Johanna (1790\u20131865). A mez\u0151\u00f6rm\u00e9nyesi uradalmat \u00f6r\u00f6k\u00f6lte. Az \u00e1llamos\u00edt\u00e1s ut\u00e1n a kast\u00e9ly mez\u0151gazdas\u00e1gi egys\u00e9g volt, ma romos \u00e1llapotban van. Irod.: Bir\u00f3 J\u00f3zsef. A bonchidai B\u00e1nffy-kast\u00e9ly csal\u00e1di arck\u00e9pei = Lyka eml\u00e9kk.; Keresztes 1995; Lev\u00e9lt\u00e1ri gy\u00e1szj.<\/p>\n","protected":false},"featured_media":0,"comment_status":"open","ping_status":"closed","template":"","meta":[],"product_brand":[],"product_cat":[137],"product_tag":[],"class_list":{"0":"post-2158","1":"product","2":"type-product","3":"status-publish","5":"product_cat-maros-megyei-eletrajzi-lexikon","7":"first","8":"instock","9":"shipping-taxable","10":"product-type-simple"},"_links":{"self":[{"href":"https:\/\/uj.adatbank.ro\/lexikon\/wp-json\/wp\/v2\/product\/2158","targetHints":{"allow":["GET"]}}],"collection":[{"href":"https:\/\/uj.adatbank.ro\/lexikon\/wp-json\/wp\/v2\/product"}],"about":[{"href":"https:\/\/uj.adatbank.ro\/lexikon\/wp-json\/wp\/v2\/types\/product"}],"replies":[{"embeddable":true,"href":"https:\/\/uj.adatbank.ro\/lexikon\/wp-json\/wp\/v2\/comments?post=2158"}],"wp:attachment":[{"href":"https:\/\/uj.adatbank.ro\/lexikon\/wp-json\/wp\/v2\/media?parent=2158"}],"wp:term":[{"taxonomy":"product_brand","embeddable":true,"href":"https:\/\/uj.adatbank.ro\/lexikon\/wp-json\/wp\/v2\/product_brand?post=2158"},{"taxonomy":"product_cat","embeddable":true,"href":"https:\/\/uj.adatbank.ro\/lexikon\/wp-json\/wp\/v2\/product_cat?post=2158"},{"taxonomy":"product_tag","embeddable":true,"href":"https:\/\/uj.adatbank.ro\/lexikon\/wp-json\/wp\/v2\/product_tag?post=2158"}],"curies":[{"name":"wp","href":"https:\/\/api.w.org\/{rel}","templated":true}]}}