{"id":21580,"date":"2025-07-22T19:29:58","date_gmt":"2025-07-22T17:29:58","guid":{"rendered":"https:\/\/uj.adatbank.ro\/lexikon\/termek\/szasz-marton\/"},"modified":"2025-07-22T19:29:58","modified_gmt":"2025-07-22T17:29:58","slug":"szasz-marton","status":"publish","type":"product","link":"https:\/\/uj.adatbank.ro\/lexikon\/termek\/szasz-marton\/","title":{"rendered":"SZ\u00c1SZ M\u00e1rton"},"content":{"rendered":"<p>Udvarfalva, 1864. okt. 25., \u2020\u00a01946. m\u00e1rc. 27.: ref. lelk\u00e9sz. \u2013 Feles\u00e9ge: Bene Ilona (1877? \u2013 Magyarr\u00e9gen, 1933. m\u00e1j. 6.) \u2013 Mv.-en a Ref. Koll.-ban \u00e9retts\u00e9gizett (1885), Nagyenyeden tanult, a teol\u00f3gi\u00e1n oklevelet nyert (1889). A h\u00e1romsz\u00e9ki P\u00e1v\u00e1n, Maross\u00e1rpatakon (1895\u20131901), Magyarr\u00e9genben (1901. okt. 3.\u201338. nov. 1.) volt ref. lelk\u00e9sz, a g\u00f6rg\u00e9nyi egyh\u00e1zk\u00f6zs\u00e9g jegyz\u0151je \u00e9s tan\u00fcgyi el\u0151ad\u00f3ja is volt. A magyarr\u00e9geni ref. templomot kib\u0151v\u00edtett\u00e9k, \u00faj b\u00fatorzattal rendezt\u00e9k be, az \u00faj toronyba beker\u00fcltek az addig fal\u00e1bon \u00e1ll\u00f3 harangok (1910). A presbit\u00e9rium seg\u00edts\u00e9g\u00e9vel vissza\u00e1ll\u00edtotta a ref. iskol\u00e1t (1920), \u00faj iskol\u00e1t \u00e9p\u00edttetett (1922). \u00c9tet\u0151 D\u00e1niel a fia eml\u00e9k\u00e9re bevezette a villanyt a templomba (1927). Feles\u00e9ge, eml\u00e9k\u00e9re harangot aj\u00e1nd\u00e9kozott a magyarr\u00e9geni ref. templom sz\u00e1m\u00e1ra (1936). Temet\u0151\u0151ri lak\u00e1st \u00e9p\u00edttetett (1937). Feles\u00e9g\u00e9vel t\u00f6bb alkalommal magyar\u00f3i, disznaj\u00f3i varrottasokb\u00f3l ki\u00e1ll\u00edt\u00e1st szerveztek. Sz. M. lelkip\u00e1sztor eml\u00e9kt\u00e1bl\u00e1j\u00e1t helyezt\u00e9k a magyarr\u00e9geni ref. templom fal\u00e1ra, Jorga Ferenc sz\u00e1szr\u00e9geni szobr\u00e1sz alkot\u00e1s\u00e1t (2008. okt. 26.). <br \/><strong>Irod.:<\/strong> B\u00f6jthe Andor: A G\u00f6rg\u00e9nyi ev. ref. egyh\u00e1zmegye t\u00f6rt\u00e9nete [k\u00e9zirat]; EM; F\u00e1bi\u00e1n Andr\u00e1s Sz. M. reform\u00e1tus lelkip\u00e1sztorra eml\u00e9keztek Magyarr\u00e9genben (V\u00e1s\u00e1rhelyi H\u00edrlap, 2008. okt. 29.); Gy\u00e1szjelent\u0151; Sz\u00e9kelyf\u00f6ld \u00ed. k.<\/br><\/p>\n","protected":false},"excerpt":{"rendered":"<p>Udvarfalva, 1864. okt. 25., \u2020\u00a01946. m\u00e1rc. 27.: ref. lelk\u00e9sz. \u2013 Feles\u00e9ge: Bene Ilona (1877? \u2013 Magyarr\u00e9gen, 1933. m\u00e1j. 6.) \u2013 Mv.-en a Ref. Koll.-ban \u00e9retts\u00e9gizett (1885), Nagyenyeden tanult, a teol\u00f3gi\u00e1n oklevelet nyert (1889). A h\u00e1romsz\u00e9ki P\u00e1v\u00e1n, Maross\u00e1rpatakon (1895\u20131901), Magyarr\u00e9genben (1901. okt. 3.\u201338. nov. 1.) volt ref. lelk\u00e9sz, a g\u00f6rg\u00e9nyi egyh\u00e1zk\u00f6zs\u00e9g jegyz\u0151je \u00e9s tan\u00fcgyi el\u0151ad\u00f3ja is [&hellip;]<\/p>\n","protected":false},"featured_media":0,"comment_status":"open","ping_status":"closed","template":"","meta":[],"product_brand":[],"product_cat":[137],"product_tag":[],"class_list":{"0":"post-21580","1":"product","2":"type-product","3":"status-publish","5":"product_cat-maros-megyei-eletrajzi-lexikon","7":"first","8":"instock","9":"shipping-taxable","10":"product-type-simple"},"_links":{"self":[{"href":"https:\/\/uj.adatbank.ro\/lexikon\/wp-json\/wp\/v2\/product\/21580","targetHints":{"allow":["GET"]}}],"collection":[{"href":"https:\/\/uj.adatbank.ro\/lexikon\/wp-json\/wp\/v2\/product"}],"about":[{"href":"https:\/\/uj.adatbank.ro\/lexikon\/wp-json\/wp\/v2\/types\/product"}],"replies":[{"embeddable":true,"href":"https:\/\/uj.adatbank.ro\/lexikon\/wp-json\/wp\/v2\/comments?post=21580"}],"wp:attachment":[{"href":"https:\/\/uj.adatbank.ro\/lexikon\/wp-json\/wp\/v2\/media?parent=21580"}],"wp:term":[{"taxonomy":"product_brand","embeddable":true,"href":"https:\/\/uj.adatbank.ro\/lexikon\/wp-json\/wp\/v2\/product_brand?post=21580"},{"taxonomy":"product_cat","embeddable":true,"href":"https:\/\/uj.adatbank.ro\/lexikon\/wp-json\/wp\/v2\/product_cat?post=21580"},{"taxonomy":"product_tag","embeddable":true,"href":"https:\/\/uj.adatbank.ro\/lexikon\/wp-json\/wp\/v2\/product_tag?post=21580"}],"curies":[{"name":"wp","href":"https:\/\/api.w.org\/{rel}","templated":true}]}}