{"id":21583,"date":"2025-07-22T19:30:06","date_gmt":"2025-07-22T17:30:06","guid":{"rendered":"https:\/\/uj.adatbank.ro\/lexikon\/termek\/szasz-mihaly-2\/"},"modified":"2025-07-22T19:30:06","modified_gmt":"2025-07-22T17:30:06","slug":"szasz-mihaly-2","status":"publish","type":"product","link":"https:\/\/uj.adatbank.ro\/lexikon\/termek\/szasz-mihaly-2\/","title":{"rendered":"SZ\u00c1SZ Mih\u00e1ly"},"content":{"rendered":"<p>Vajdaszentiv\u00e1n, 1821., \u2020?: tan\u00edt\u00f3, mez\u0151gazd\u00e1sz. \u2013 Sz. Istv\u00e1n, fia, aki gr. K\u00fan K\u00e1roly udvarb\u00edr\u00f3ja volt. \u2013 Jogot \u00e9s teol\u00f3gi\u00e1t v\u00e9gzett Mv.-en, majd itt k\u00f6ztan\u00edt\u00f3. Keszthelyen mez\u0151gazd\u00e1sz hallgat\u00f3 (1846\u201347). <br \/><strong>Irod.:<\/strong> Szab\u00f3 Mikl\u00f3s 2005.<\/br><\/p>\n","protected":false},"excerpt":{"rendered":"<p>Vajdaszentiv\u00e1n, 1821., \u2020?: tan\u00edt\u00f3, mez\u0151gazd\u00e1sz. \u2013 Sz. Istv\u00e1n, fia, aki gr. K\u00fan K\u00e1roly udvarb\u00edr\u00f3ja volt. \u2013 Jogot \u00e9s teol\u00f3gi\u00e1t v\u00e9gzett Mv.-en, majd itt k\u00f6ztan\u00edt\u00f3. Keszthelyen mez\u0151gazd\u00e1sz hallgat\u00f3 (1846\u201347). Irod.: Szab\u00f3 Mikl\u00f3s 2005.<\/p>\n","protected":false},"featured_media":0,"comment_status":"open","ping_status":"closed","template":"","meta":[],"product_brand":[],"product_cat":[137],"product_tag":[],"class_list":{"0":"post-21583","1":"product","2":"type-product","3":"status-publish","5":"product_cat-maros-megyei-eletrajzi-lexikon","7":"first","8":"instock","9":"shipping-taxable","10":"product-type-simple"},"_links":{"self":[{"href":"https:\/\/uj.adatbank.ro\/lexikon\/wp-json\/wp\/v2\/product\/21583","targetHints":{"allow":["GET"]}}],"collection":[{"href":"https:\/\/uj.adatbank.ro\/lexikon\/wp-json\/wp\/v2\/product"}],"about":[{"href":"https:\/\/uj.adatbank.ro\/lexikon\/wp-json\/wp\/v2\/types\/product"}],"replies":[{"embeddable":true,"href":"https:\/\/uj.adatbank.ro\/lexikon\/wp-json\/wp\/v2\/comments?post=21583"}],"wp:attachment":[{"href":"https:\/\/uj.adatbank.ro\/lexikon\/wp-json\/wp\/v2\/media?parent=21583"}],"wp:term":[{"taxonomy":"product_brand","embeddable":true,"href":"https:\/\/uj.adatbank.ro\/lexikon\/wp-json\/wp\/v2\/product_brand?post=21583"},{"taxonomy":"product_cat","embeddable":true,"href":"https:\/\/uj.adatbank.ro\/lexikon\/wp-json\/wp\/v2\/product_cat?post=21583"},{"taxonomy":"product_tag","embeddable":true,"href":"https:\/\/uj.adatbank.ro\/lexikon\/wp-json\/wp\/v2\/product_tag?post=21583"}],"curies":[{"name":"wp","href":"https:\/\/api.w.org\/{rel}","templated":true}]}}