{"id":21584,"date":"2025-07-22T19:30:08","date_gmt":"2025-07-22T17:30:08","guid":{"rendered":"https:\/\/uj.adatbank.ro\/lexikon\/termek\/szasz-mihaly-3\/"},"modified":"2025-07-22T19:30:08","modified_gmt":"2025-07-22T17:30:08","slug":"szasz-mihaly-3","status":"publish","type":"product","link":"https:\/\/uj.adatbank.ro\/lexikon\/termek\/szasz-mihaly-3\/","title":{"rendered":"SZ\u00c1SZ Mih\u00e1ly"},"content":{"rendered":"<p>Ny\u00e1r\u00e1dszentbenedek, 1887., \u2020?: vasutas, gazd\u00e1lkod\u00f3. \u2013 Iskol\u00e1i elv\u00e9gz\u00e9se ut\u00e1n a vas\u00fathoz ker\u00fclt, ahol huzamosabb ideig szolg\u00e1lt, amig k\u00e9nyszernyugd\u00edjazt\u00e1k, azut\u00e1n gazd\u00e1lkod\u00e1ssal foglalkozott Sz\u00e9kelyvaj\u00e1ban. A k\u00f6zs\u00e9gi tan\u00e1cs tagja a MP megb\u00edzottja volt. Az els\u0151 vh.-ban a 34. t\u00fcz\u00e9r ezredben szolg\u00e1lt, az I. o. \u00e9s a II. o. ez\u00fcst vit. \u00e9rem kit\u00fcntetettje volt. <br \/><strong>Irod.:<\/strong> Sz\u00e9kelyf\u00f6ld \u00ed. k.<\/br><\/p>\n","protected":false},"excerpt":{"rendered":"<p>Ny\u00e1r\u00e1dszentbenedek, 1887., \u2020?: vasutas, gazd\u00e1lkod\u00f3. \u2013 Iskol\u00e1i elv\u00e9gz\u00e9se ut\u00e1n a vas\u00fathoz ker\u00fclt, ahol huzamosabb ideig szolg\u00e1lt, amig k\u00e9nyszernyugd\u00edjazt\u00e1k, azut\u00e1n gazd\u00e1lkod\u00e1ssal foglalkozott Sz\u00e9kelyvaj\u00e1ban. A k\u00f6zs\u00e9gi tan\u00e1cs tagja a MP megb\u00edzottja volt. Az els\u0151 vh.-ban a 34. t\u00fcz\u00e9r ezredben szolg\u00e1lt, az I. o. \u00e9s a II. o. ez\u00fcst vit. \u00e9rem kit\u00fcntetettje volt. Irod.: Sz\u00e9kelyf\u00f6ld \u00ed. k.<\/p>\n","protected":false},"featured_media":0,"comment_status":"open","ping_status":"closed","template":"","meta":[],"product_brand":[],"product_cat":[137],"product_tag":[],"class_list":{"0":"post-21584","1":"product","2":"type-product","3":"status-publish","5":"product_cat-maros-megyei-eletrajzi-lexikon","7":"first","8":"instock","9":"shipping-taxable","10":"product-type-simple"},"_links":{"self":[{"href":"https:\/\/uj.adatbank.ro\/lexikon\/wp-json\/wp\/v2\/product\/21584","targetHints":{"allow":["GET"]}}],"collection":[{"href":"https:\/\/uj.adatbank.ro\/lexikon\/wp-json\/wp\/v2\/product"}],"about":[{"href":"https:\/\/uj.adatbank.ro\/lexikon\/wp-json\/wp\/v2\/types\/product"}],"replies":[{"embeddable":true,"href":"https:\/\/uj.adatbank.ro\/lexikon\/wp-json\/wp\/v2\/comments?post=21584"}],"wp:attachment":[{"href":"https:\/\/uj.adatbank.ro\/lexikon\/wp-json\/wp\/v2\/media?parent=21584"}],"wp:term":[{"taxonomy":"product_brand","embeddable":true,"href":"https:\/\/uj.adatbank.ro\/lexikon\/wp-json\/wp\/v2\/product_brand?post=21584"},{"taxonomy":"product_cat","embeddable":true,"href":"https:\/\/uj.adatbank.ro\/lexikon\/wp-json\/wp\/v2\/product_cat?post=21584"},{"taxonomy":"product_tag","embeddable":true,"href":"https:\/\/uj.adatbank.ro\/lexikon\/wp-json\/wp\/v2\/product_tag?post=21584"}],"curies":[{"name":"wp","href":"https:\/\/api.w.org\/{rel}","templated":true}]}}