{"id":21586,"date":"2025-07-22T19:30:11","date_gmt":"2025-07-22T17:30:11","guid":{"rendered":"https:\/\/uj.adatbank.ro\/lexikon\/termek\/szasz-mihaly-5\/"},"modified":"2025-07-22T19:30:11","modified_gmt":"2025-07-22T17:30:11","slug":"szasz-mihaly-5","status":"publish","type":"product","link":"https:\/\/uj.adatbank.ro\/lexikon\/termek\/szasz-mihaly-5\/","title":{"rendered":"SZ\u00c1SZ Mih\u00e1ly"},"content":{"rendered":"<p>? \u2020?: ipari titk\u00e1r. \u2013 A MAT P\u00e1rtbizotts\u00e1g B\u00fcr\u00f3j\u00e1nak tagja (1954\u201358? k.). <br \/><strong>Irod.:<\/strong> Bartos 2012; Gagyi J\u00f3zsef: Egy munkaterv 1952-b\u0151l: A MAT sz\u00fclet\u00e9se (Sz\u00e9kelyf\u00f6ld, 9. sz., 2002. szept.); Gagyi J\u00f3zsef. \u201eP\u00e1rtos\u00edtott\u201d \u00e9rtelmis\u00e9g (L\u00e1t\u00f3, 2006, 1. sz.).<\/br><\/p>\n","protected":false},"excerpt":{"rendered":"<p>? \u2020?: ipari titk\u00e1r. \u2013 A MAT P\u00e1rtbizotts\u00e1g B\u00fcr\u00f3j\u00e1nak tagja (1954\u201358? k.). Irod.: Bartos 2012; Gagyi J\u00f3zsef: Egy munkaterv 1952-b\u0151l: A MAT sz\u00fclet\u00e9se (Sz\u00e9kelyf\u00f6ld, 9. sz., 2002. szept.); Gagyi J\u00f3zsef. \u201eP\u00e1rtos\u00edtott\u201d \u00e9rtelmis\u00e9g (L\u00e1t\u00f3, 2006, 1. sz.).<\/p>\n","protected":false},"featured_media":0,"comment_status":"open","ping_status":"closed","template":"","meta":[],"product_brand":[],"product_cat":[137],"product_tag":[],"class_list":{"0":"post-21586","1":"product","2":"type-product","3":"status-publish","5":"product_cat-maros-megyei-eletrajzi-lexikon","7":"first","8":"instock","9":"shipping-taxable","10":"product-type-simple"},"_links":{"self":[{"href":"https:\/\/uj.adatbank.ro\/lexikon\/wp-json\/wp\/v2\/product\/21586","targetHints":{"allow":["GET"]}}],"collection":[{"href":"https:\/\/uj.adatbank.ro\/lexikon\/wp-json\/wp\/v2\/product"}],"about":[{"href":"https:\/\/uj.adatbank.ro\/lexikon\/wp-json\/wp\/v2\/types\/product"}],"replies":[{"embeddable":true,"href":"https:\/\/uj.adatbank.ro\/lexikon\/wp-json\/wp\/v2\/comments?post=21586"}],"wp:attachment":[{"href":"https:\/\/uj.adatbank.ro\/lexikon\/wp-json\/wp\/v2\/media?parent=21586"}],"wp:term":[{"taxonomy":"product_brand","embeddable":true,"href":"https:\/\/uj.adatbank.ro\/lexikon\/wp-json\/wp\/v2\/product_brand?post=21586"},{"taxonomy":"product_cat","embeddable":true,"href":"https:\/\/uj.adatbank.ro\/lexikon\/wp-json\/wp\/v2\/product_cat?post=21586"},{"taxonomy":"product_tag","embeddable":true,"href":"https:\/\/uj.adatbank.ro\/lexikon\/wp-json\/wp\/v2\/product_tag?post=21586"}],"curies":[{"name":"wp","href":"https:\/\/api.w.org\/{rel}","templated":true}]}}