{"id":21589,"date":"2025-07-22T19:30:18","date_gmt":"2025-07-22T17:30:18","guid":{"rendered":"https:\/\/uj.adatbank.ro\/lexikon\/termek\/szasz-odon\/"},"modified":"2025-07-22T19:30:18","modified_gmt":"2025-07-22T17:30:18","slug":"szasz-odon","status":"publish","type":"product","link":"https:\/\/uj.adatbank.ro\/lexikon\/termek\/szasz-odon\/","title":{"rendered":"SZ\u00c1SZ \u00d6d\u00f6n"},"content":{"rendered":"<p>Segesv\u00e1r, 1906. febr. 18., \u2020\u00a0Bp., 1961. okt. 24.: hivat\u00e1sos orvos sz\u00e1zados, dr. A II. vh.-ban k\u00fcl\u00f6nb\u00f6z\u0151 hely\u0151rs\u00e9gi \u00e9s hadi k\u00f3rh\u00e1zakban, eg\u00e9szs\u00e9g\u00fcgyi oszlopokban szolg\u00e1lt. Angol-amerikai hadifogs\u00e1gban volt (1945. m\u00e1j.\u2013okt.). <br \/><strong>Irod.:<\/strong> Berekm\u00e9ri.<\/br><\/p>\n","protected":false},"excerpt":{"rendered":"<p>Segesv\u00e1r, 1906. febr. 18., \u2020\u00a0Bp., 1961. okt. 24.: hivat\u00e1sos orvos sz\u00e1zados, dr. A II. vh.-ban k\u00fcl\u00f6nb\u00f6z\u0151 hely\u0151rs\u00e9gi \u00e9s hadi k\u00f3rh\u00e1zakban, eg\u00e9szs\u00e9g\u00fcgyi oszlopokban szolg\u00e1lt. Angol-amerikai hadifogs\u00e1gban volt (1945. m\u00e1j.\u2013okt.). Irod.: Berekm\u00e9ri.<\/p>\n","protected":false},"featured_media":0,"comment_status":"open","ping_status":"closed","template":"","meta":[],"product_brand":[],"product_cat":[137],"product_tag":[],"class_list":{"0":"post-21589","1":"product","2":"type-product","3":"status-publish","5":"product_cat-maros-megyei-eletrajzi-lexikon","7":"first","8":"instock","9":"shipping-taxable","10":"product-type-simple"},"_links":{"self":[{"href":"https:\/\/uj.adatbank.ro\/lexikon\/wp-json\/wp\/v2\/product\/21589","targetHints":{"allow":["GET"]}}],"collection":[{"href":"https:\/\/uj.adatbank.ro\/lexikon\/wp-json\/wp\/v2\/product"}],"about":[{"href":"https:\/\/uj.adatbank.ro\/lexikon\/wp-json\/wp\/v2\/types\/product"}],"replies":[{"embeddable":true,"href":"https:\/\/uj.adatbank.ro\/lexikon\/wp-json\/wp\/v2\/comments?post=21589"}],"wp:attachment":[{"href":"https:\/\/uj.adatbank.ro\/lexikon\/wp-json\/wp\/v2\/media?parent=21589"}],"wp:term":[{"taxonomy":"product_brand","embeddable":true,"href":"https:\/\/uj.adatbank.ro\/lexikon\/wp-json\/wp\/v2\/product_brand?post=21589"},{"taxonomy":"product_cat","embeddable":true,"href":"https:\/\/uj.adatbank.ro\/lexikon\/wp-json\/wp\/v2\/product_cat?post=21589"},{"taxonomy":"product_tag","embeddable":true,"href":"https:\/\/uj.adatbank.ro\/lexikon\/wp-json\/wp\/v2\/product_tag?post=21589"}],"curies":[{"name":"wp","href":"https:\/\/api.w.org\/{rel}","templated":true}]}}