{"id":2159,"date":"2025-06-28T12:05:32","date_gmt":"2025-06-28T10:05:32","guid":{"rendered":"https:\/\/uj.adatbank.ro\/lexikon\/termek\/banffy-denes-losonczi-br-banffi-denes\/"},"modified":"2025-06-28T12:05:32","modified_gmt":"2025-06-28T10:05:32","slug":"banffy-denes-losonczi-br-banffi-denes","status":"publish","type":"product","link":"https:\/\/uj.adatbank.ro\/lexikon\/termek\/banffy-denes-losonczi-br-banffi-denes\/","title":{"rendered":"B\u00c1NFFY D\u00e9nes, losonczi br., B\u00e1nffi D\u00e9nes"},"content":{"rendered":"<p>1630 k., \u2020 Bethlen, 1674. dec. 18.: \u00e1llamf\u00e9rfi, erd\u00e9lyi f\u0151nemes, a t\u00e1bla \u00fcln\u00f6ke, f\u0151isp\u00e1n. \u2013 B. Mih\u00e1ly (1592\u20131644) \u00e9s kapuv\u00e1ri Kapy Judit fia. Feles\u00e9ge: bernhidai \u00e9s petrelini Bornemisza Kata (\u2020 1685), \u00f6zv. Bethlen Mih\u00e1lyn\u00e9. F\u00fak: B. Gy\u00f6rgy (1661\u20131708), gr., a Habsburg Erd\u00e9ly els\u0151 gubern\u00e1tora. R\u00e9szt vett II. R\u00e1k\u00f3czi Gy\u00f6rgy v\u00e9gzetes lengyelo.-i hadj\u00e1rat\u00e1ban, s vele egy\u00fctt t\u00e9rt vissza Erd\u00e9lybe (1657). A fejedelmi t\u00e1bla \u00fcln\u00f6ke (1659. j\u00fan. \u2013), Doboka vm. f\u0151isp\u00e1nja. Rh\u00e9dey Ferenc, majd Kem\u00e9ny J\u00e1nos fejedelem h\u00edve, Kem\u00e9ny k\u00f6vetek\u00e9nt B\u00e9csben tart\u00f3zkodott (1660\u201361). I. Apafi Mih\u00e1ly fejedelem s\u00f3gora (Bornemissza Kat\u00e1t vette feles\u00e9g\u00fcl), \u00e9s uralkod\u00e1sa elej\u00e9t\u0151l egyik bizalmasa. Apafi k\u00f6vetek\u00e9nt eredm\u00e9nytelen\u00fcl t\u00e1rgyalt B\u00e9csben (1665), kv.-i f\u0151kapit\u00e1ny (1666. szept. \u2013). Szamos\u00fajv\u00e1ri f\u0151kapit\u00e1ny is (1667. febr. \u2013), Kolozs vm. f\u0151isp\u00e1nja, a f\u0151isp\u00e1ni \u00e9s f\u0151kapit\u00e1nyi tiszts\u00e9geit buk\u00e1s\u00e1ig viselte. Megkapta a gyalui uradalom z\u00e1logjog\u00e1t, a g\u00f6rg\u00e9nyi, \u00f6rm\u00e9nyesi birtokokat, gernyeszegi uradalmat (1670). Mez\u0151\u00f6rm\u00e9nyesen kast\u00e9lyt \u00e9p\u00edtetett, amit majd unok\u00e1ja gr. B\u00e1nffy Gy\u00f6rgy (1688\u20131735) kijav\u00edttatott \u00e9s \u00fajj\u00e1\u00e9p\u00edttetett. Befoly\u00e1sa szinte korl\u00e1tlan volt (1672\u2013), s a bujdos\u00f3k feletti fel\u00fcgyelet megszerz\u00e9s\u00e9vel kb. 4000 fegyveres tartozott k\u00f6zvetlen\u00fcl parancsnoks\u00e1ga al\u00e1. A Habsburgokkal val\u00f3 sz\u00f6vetkez\u00e9s h\u00edve; ellens\u00e9gei (f\u0151k\u00e9nt B\u00e9ldi P\u00e1l \u00e9s gr. Bethlen J\u00e1nos) b\u00e9csi kapcsolatai, valamint t\u00f6r\u00f6kellenes akci\u00f3i miatt igyekeztek ellene Apafi gyanakv\u00e1s\u00e1t is felkelteni, de kev\u00e9s sikerrel (1674 tavasz\u00e1ig). Er\u0151szakos birtokgyarap\u00edt\u00e1sai \u00e9s hatalmaskod\u00e1sai miatt az erd\u00e9lyi f\u0151nemess\u00e9g t\u00f6bbs\u00e9g\u00e9vel is szembeker\u00fclt. V\u00e9g\u00fcl ellenfelei az ogy. h\u0171tlens\u00e9g \u00e9s hatalmaskod\u00e1s v\u00e1dj\u00e1val pert ind\u00edtott ellene (1674. nov. 17.), akci\u00f3jukba gr. Teleki Mih\u00e1ly kancell\u00e1rt is bevont\u00e1k, sz\u00f6vets\u00e9g\u00fckh\u00f6z v\u00e9g\u00fcl Teleki r\u00e1besz\u00e9l\u00e9s\u00e9re Apafi is csatlakozott. \u0150 harc n\u00e9lk\u00fcl feladta a k\u00fczdelmet, elfogt\u00e1k, (1674. dec. 13.) az ogy. a fejedelmi m\u00e9lt\u00f3s\u00e1g megs\u00e9rt\u00e9se \u00e9s a t\u00f6r\u00f6k h\u00e1bor\u00fa felid\u00e9z\u00e9s\u00e9nek v\u00e1dj\u00e1val fej- \u00e9s j\u00f3sz\u00e1gveszt\u00e9sre \u00edt\u00e9lte. A fejedelem feles\u00e9ge, Bornemissza Anna \u00e1ltal kieszk\u00f6z\u00f6lt kegyelem, \u00e9let\u00e9t m\u00e1r nem tudta megmenteni, a bethleni v\u00e1rban lefejezt\u00e9k. B\u00e9csben b\u00e1r\u00f3i c\u00edmet nyert B. Zsigmonddal egy\u00fctt (1674). <br \/><strong>Irod.:<\/strong> \u00c1ll\u00f3- \u00e9s mozg\u00f3k\u00e9pek; Benk\u0151 K.: Mv.; Bicsok\u2013Orb\u00e1n; Erd\u00e9lyi f\u00e9niks; Erd\u00e9lyi ogy.-i eml\u00e9kek t\u00f6rt\u00e9neti bevezet\u00e9sekkel (Bp., 1857\u201384); Kornis; Kraus: Erd\u00e9lyi kr\u00f3nika; Marossz\u00e9ki kr\u00f3nik\u00e1k 1.; S\u00e1romberke; Sch\u00f6pflin; Szil\u00e1gyi S\u00e1ndor: B\u00e1nffi D\u00e9nes kora \u00e9s meg\u00f6let\u00e9se (Pest, 1859); Teleki Mih\u00e1ly levelez\u00e9se (Bp., 1906\u201316); Teleki Mih\u00e1ly udvartart\u00e1si napl\u00f3ja (1673\u20131681)(Kv., 2007); Tr\u00f3cs\u00e1nyi 1988; \u00daM\u00c9L; Wessel\u00e9nyi Istv\u00e1n<\/br><\/p>\n","protected":false},"excerpt":{"rendered":"<p>1630 k., \u2020 Bethlen, 1674. dec. 18.: \u00e1llamf\u00e9rfi, erd\u00e9lyi f\u0151nemes, a t\u00e1bla \u00fcln\u00f6ke, f\u0151isp\u00e1n. \u2013 B. Mih\u00e1ly (1592\u20131644) \u00e9s kapuv\u00e1ri Kapy Judit fia. Feles\u00e9ge: bernhidai \u00e9s petrelini Bornemisza Kata (\u2020 1685), \u00f6zv. Bethlen Mih\u00e1lyn\u00e9. F\u00fak: B. Gy\u00f6rgy (1661\u20131708), gr., a Habsburg Erd\u00e9ly els\u0151 gubern\u00e1tora. R\u00e9szt vett II. R\u00e1k\u00f3czi Gy\u00f6rgy v\u00e9gzetes lengyelo.-i hadj\u00e1rat\u00e1ban, s vele egy\u00fctt [&hellip;]<\/p>\n","protected":false},"featured_media":0,"comment_status":"open","ping_status":"closed","template":"","meta":[],"product_brand":[],"product_cat":[137],"product_tag":[],"class_list":{"0":"post-2159","1":"product","2":"type-product","3":"status-publish","5":"product_cat-maros-megyei-eletrajzi-lexikon","7":"first","8":"instock","9":"shipping-taxable","10":"product-type-simple"},"_links":{"self":[{"href":"https:\/\/uj.adatbank.ro\/lexikon\/wp-json\/wp\/v2\/product\/2159","targetHints":{"allow":["GET"]}}],"collection":[{"href":"https:\/\/uj.adatbank.ro\/lexikon\/wp-json\/wp\/v2\/product"}],"about":[{"href":"https:\/\/uj.adatbank.ro\/lexikon\/wp-json\/wp\/v2\/types\/product"}],"replies":[{"embeddable":true,"href":"https:\/\/uj.adatbank.ro\/lexikon\/wp-json\/wp\/v2\/comments?post=2159"}],"wp:attachment":[{"href":"https:\/\/uj.adatbank.ro\/lexikon\/wp-json\/wp\/v2\/media?parent=2159"}],"wp:term":[{"taxonomy":"product_brand","embeddable":true,"href":"https:\/\/uj.adatbank.ro\/lexikon\/wp-json\/wp\/v2\/product_brand?post=2159"},{"taxonomy":"product_cat","embeddable":true,"href":"https:\/\/uj.adatbank.ro\/lexikon\/wp-json\/wp\/v2\/product_cat?post=2159"},{"taxonomy":"product_tag","embeddable":true,"href":"https:\/\/uj.adatbank.ro\/lexikon\/wp-json\/wp\/v2\/product_tag?post=2159"}],"curies":[{"name":"wp","href":"https:\/\/api.w.org\/{rel}","templated":true}]}}