{"id":21590,"date":"2025-07-22T19:30:23","date_gmt":"2025-07-22T17:30:23","guid":{"rendered":"https:\/\/uj.adatbank.ro\/lexikon\/termek\/szasz-odon-%c2%a7-szemerjai\/"},"modified":"2025-07-22T19:30:23","modified_gmt":"2025-07-22T17:30:23","slug":"szasz-odon-%c2%a7-szemerjai","status":"publish","type":"product","link":"https:\/\/uj.adatbank.ro\/lexikon\/termek\/szasz-odon-%c2%a7-szemerjai\/","title":{"rendered":"SZ\u00c1SZ \u00d6d\u00f6n, \u00a7 szemerjai"},"content":{"rendered":"<p>1878? \u2020\u00a0Jakobeny, 1917. jan. 30.: \u00fajs\u00e1g\u00edr\u00f3, \u0151rmester. \u2013 Testv\u00e9rei: Sz. Marici Sz\u00fcll\u0151 \u00c1rp\u00e1dn\u00e9; Sz. Margit dr. Csengeri Gyul\u00e1n\u00e9; Sz. Zolt\u00e1n. Feles\u00e9ge: Nagy Gyul\u00e1nka (megh. 1928. \u00e1pr. 22.) Fi\u00fak: Sz. Iv\u00e1n. A Sz\u00e9kely Napl\u00f3 szerkeszt\u0151je Mv.-en (1910\u2013). D\u00e9sy Zolt\u00e1nnal pisztolyp\u00e1rbajt v\u00edvott (1910), mert Sz. \u00d6. megr\u00e1galmazta \u00fajs\u00e1gcikk\u00e9ben, azt \u00edrta, hogy politikai \u00fcgyekben hazudik, megb\u00edzhatatlan. Honv\u00e9d \u00f6nk\u00e9ntesk\u00e9nt vett r\u00e9szt az I. vh.-ban, a m. kir. 9. honv\u00e9d husz\u00e1rezred tartal\u00e9kos \u0151rmestere, oszt\u00e1lyseg\u00e9dtiszt, az I. oszt. vit\u00e9zs\u00e9gi \u00e9rem \u00e9s a n\u00e9met \u00e9rdem\u00e9rem tulajdonosa. H\u0151si hal\u00e1lt halt. <br \/><strong>Irod.:<\/strong> Gy\u00e1szjelent\u0151; Id\u0151t\u00e1r 2; Mv. \u00e9s a h\u00e1bor\u00fa 1.<\/br><\/p>\n","protected":false},"excerpt":{"rendered":"<p>1878? \u2020\u00a0Jakobeny, 1917. jan. 30.: \u00fajs\u00e1g\u00edr\u00f3, \u0151rmester. \u2013 Testv\u00e9rei: Sz. Marici Sz\u00fcll\u0151 \u00c1rp\u00e1dn\u00e9; Sz. Margit dr. Csengeri Gyul\u00e1n\u00e9; Sz. Zolt\u00e1n. Feles\u00e9ge: Nagy Gyul\u00e1nka (megh. 1928. \u00e1pr. 22.) Fi\u00fak: Sz. Iv\u00e1n. A Sz\u00e9kely Napl\u00f3 szerkeszt\u0151je Mv.-en (1910\u2013). D\u00e9sy Zolt\u00e1nnal pisztolyp\u00e1rbajt v\u00edvott (1910), mert Sz. \u00d6. megr\u00e1galmazta \u00fajs\u00e1gcikk\u00e9ben, azt \u00edrta, hogy politikai \u00fcgyekben hazudik, megb\u00edzhatatlan. Honv\u00e9d \u00f6nk\u00e9ntesk\u00e9nt [&hellip;]<\/p>\n","protected":false},"featured_media":0,"comment_status":"open","ping_status":"closed","template":"","meta":[],"product_brand":[],"product_cat":[137],"product_tag":[],"class_list":{"0":"post-21590","1":"product","2":"type-product","3":"status-publish","5":"product_cat-maros-megyei-eletrajzi-lexikon","7":"first","8":"instock","9":"shipping-taxable","10":"product-type-simple"},"_links":{"self":[{"href":"https:\/\/uj.adatbank.ro\/lexikon\/wp-json\/wp\/v2\/product\/21590","targetHints":{"allow":["GET"]}}],"collection":[{"href":"https:\/\/uj.adatbank.ro\/lexikon\/wp-json\/wp\/v2\/product"}],"about":[{"href":"https:\/\/uj.adatbank.ro\/lexikon\/wp-json\/wp\/v2\/types\/product"}],"replies":[{"embeddable":true,"href":"https:\/\/uj.adatbank.ro\/lexikon\/wp-json\/wp\/v2\/comments?post=21590"}],"wp:attachment":[{"href":"https:\/\/uj.adatbank.ro\/lexikon\/wp-json\/wp\/v2\/media?parent=21590"}],"wp:term":[{"taxonomy":"product_brand","embeddable":true,"href":"https:\/\/uj.adatbank.ro\/lexikon\/wp-json\/wp\/v2\/product_brand?post=21590"},{"taxonomy":"product_cat","embeddable":true,"href":"https:\/\/uj.adatbank.ro\/lexikon\/wp-json\/wp\/v2\/product_cat?post=21590"},{"taxonomy":"product_tag","embeddable":true,"href":"https:\/\/uj.adatbank.ro\/lexikon\/wp-json\/wp\/v2\/product_tag?post=21590"}],"curies":[{"name":"wp","href":"https:\/\/api.w.org\/{rel}","templated":true}]}}