{"id":21592,"date":"2025-07-22T19:30:27","date_gmt":"2025-07-22T17:30:27","guid":{"rendered":"https:\/\/uj.adatbank.ro\/lexikon\/termek\/szasz-pal-ilencfalvi\/"},"modified":"2025-07-22T19:30:27","modified_gmt":"2025-07-22T17:30:27","slug":"szasz-pal-ilencfalvi","status":"publish","type":"product","link":"https:\/\/uj.adatbank.ro\/lexikon\/termek\/szasz-pal-ilencfalvi\/","title":{"rendered":"SZ\u00c1SZ P\u00e1l, ilencfalvi"},"content":{"rendered":"<p>? \u2020?: di\u00e1k. \u2013 A mv.-i Ref. Koll \u2013 ban Bolyai Farkas egyik legkedvesebb tan\u00edtv\u00e1nya volt. A tan\u00e1ri sz\u00e1ll\u00e1sra bej\u00e1ratos volt. A bet\u0171metsz\u00e9st \u00e9s \u00f6nt\u00e9st kedvelte meg. Fiatalon hunyt el. K\u00f6zrem\u0171k\u00f6d\u00f6tt a Tentamen nyomtat\u00e1s\u00e1ban, Bolyai Farkas az els\u0151 k\u00f6tete ut\u00f3szav\u00e1ban megeml\u00e9kezett r\u00f3la. Embers\u00e9ges embernek nevezte, pontos term\u00e9szetvizsg\u00e1l\u00f3 \u00e9s csillag\u00e1sz veszett el benne. <br \/><strong>Irod.:<\/strong> Benk\u0151 Samu.<\/br><\/p>\n","protected":false},"excerpt":{"rendered":"<p>? \u2020?: di\u00e1k. \u2013 A mv.-i Ref. Koll \u2013 ban Bolyai Farkas egyik legkedvesebb tan\u00edtv\u00e1nya volt. A tan\u00e1ri sz\u00e1ll\u00e1sra bej\u00e1ratos volt. A bet\u0171metsz\u00e9st \u00e9s \u00f6nt\u00e9st kedvelte meg. Fiatalon hunyt el. K\u00f6zrem\u0171k\u00f6d\u00f6tt a Tentamen nyomtat\u00e1s\u00e1ban, Bolyai Farkas az els\u0151 k\u00f6tete ut\u00f3szav\u00e1ban megeml\u00e9kezett r\u00f3la. Embers\u00e9ges embernek nevezte, pontos term\u00e9szetvizsg\u00e1l\u00f3 \u00e9s csillag\u00e1sz veszett el benne. Irod.: Benk\u0151 Samu.<\/p>\n","protected":false},"featured_media":0,"comment_status":"open","ping_status":"closed","template":"","meta":[],"product_brand":[],"product_cat":[137],"product_tag":[],"class_list":{"0":"post-21592","1":"product","2":"type-product","3":"status-publish","5":"product_cat-maros-megyei-eletrajzi-lexikon","7":"first","8":"instock","9":"shipping-taxable","10":"product-type-simple"},"_links":{"self":[{"href":"https:\/\/uj.adatbank.ro\/lexikon\/wp-json\/wp\/v2\/product\/21592","targetHints":{"allow":["GET"]}}],"collection":[{"href":"https:\/\/uj.adatbank.ro\/lexikon\/wp-json\/wp\/v2\/product"}],"about":[{"href":"https:\/\/uj.adatbank.ro\/lexikon\/wp-json\/wp\/v2\/types\/product"}],"replies":[{"embeddable":true,"href":"https:\/\/uj.adatbank.ro\/lexikon\/wp-json\/wp\/v2\/comments?post=21592"}],"wp:attachment":[{"href":"https:\/\/uj.adatbank.ro\/lexikon\/wp-json\/wp\/v2\/media?parent=21592"}],"wp:term":[{"taxonomy":"product_brand","embeddable":true,"href":"https:\/\/uj.adatbank.ro\/lexikon\/wp-json\/wp\/v2\/product_brand?post=21592"},{"taxonomy":"product_cat","embeddable":true,"href":"https:\/\/uj.adatbank.ro\/lexikon\/wp-json\/wp\/v2\/product_cat?post=21592"},{"taxonomy":"product_tag","embeddable":true,"href":"https:\/\/uj.adatbank.ro\/lexikon\/wp-json\/wp\/v2\/product_tag?post=21592"}],"curies":[{"name":"wp","href":"https:\/\/api.w.org\/{rel}","templated":true}]}}