{"id":21593,"date":"2025-07-22T19:30:29","date_gmt":"2025-07-22T17:30:29","guid":{"rendered":"https:\/\/uj.adatbank.ro\/lexikon\/termek\/szasz-peter\/"},"modified":"2025-07-22T19:30:29","modified_gmt":"2025-07-22T17:30:29","slug":"szasz-peter","status":"publish","type":"product","link":"https:\/\/uj.adatbank.ro\/lexikon\/termek\/szasz-peter\/","title":{"rendered":"SZ\u00c1SZ P\u00e9ter"},"content":{"rendered":"<p>? \u2020?: Sz. J\u00f3zsef k\u00f6nyvt\u00e1ros testv\u00e9re, a mv.-i Kir\u00e1lyi T\u00e1bla kancellist\u00e1ja. <br \/><strong>Irod.:<\/strong> De\u00e9.<\/br><\/p>\n","protected":false},"excerpt":{"rendered":"<p>? \u2020?: Sz. J\u00f3zsef k\u00f6nyvt\u00e1ros testv\u00e9re, a mv.-i Kir\u00e1lyi T\u00e1bla kancellist\u00e1ja. Irod.: De\u00e9.<\/p>\n","protected":false},"featured_media":0,"comment_status":"open","ping_status":"closed","template":"","meta":[],"product_brand":[],"product_cat":[137],"product_tag":[],"class_list":{"0":"post-21593","1":"product","2":"type-product","3":"status-publish","5":"product_cat-maros-megyei-eletrajzi-lexikon","7":"first","8":"instock","9":"shipping-taxable","10":"product-type-simple"},"_links":{"self":[{"href":"https:\/\/uj.adatbank.ro\/lexikon\/wp-json\/wp\/v2\/product\/21593","targetHints":{"allow":["GET"]}}],"collection":[{"href":"https:\/\/uj.adatbank.ro\/lexikon\/wp-json\/wp\/v2\/product"}],"about":[{"href":"https:\/\/uj.adatbank.ro\/lexikon\/wp-json\/wp\/v2\/types\/product"}],"replies":[{"embeddable":true,"href":"https:\/\/uj.adatbank.ro\/lexikon\/wp-json\/wp\/v2\/comments?post=21593"}],"wp:attachment":[{"href":"https:\/\/uj.adatbank.ro\/lexikon\/wp-json\/wp\/v2\/media?parent=21593"}],"wp:term":[{"taxonomy":"product_brand","embeddable":true,"href":"https:\/\/uj.adatbank.ro\/lexikon\/wp-json\/wp\/v2\/product_brand?post=21593"},{"taxonomy":"product_cat","embeddable":true,"href":"https:\/\/uj.adatbank.ro\/lexikon\/wp-json\/wp\/v2\/product_cat?post=21593"},{"taxonomy":"product_tag","embeddable":true,"href":"https:\/\/uj.adatbank.ro\/lexikon\/wp-json\/wp\/v2\/product_tag?post=21593"}],"curies":[{"name":"wp","href":"https:\/\/api.w.org\/{rel}","templated":true}]}}