{"id":21594,"date":"2025-07-22T19:30:31","date_gmt":"2025-07-22T17:30:31","guid":{"rendered":"https:\/\/uj.adatbank.ro\/lexikon\/termek\/szasz-peter-ilencfalvi\/"},"modified":"2025-07-22T19:30:31","modified_gmt":"2025-07-22T17:30:31","slug":"szasz-peter-ilencfalvi","status":"publish","type":"product","link":"https:\/\/uj.adatbank.ro\/lexikon\/termek\/szasz-peter-ilencfalvi\/","title":{"rendered":"SZ\u00c1SZ P\u00e9ter, ilencfalvi"},"content":{"rendered":"<p>? \u2020?: A ref. koll\u00e9giumi p\u00e9nzt\u00e1rnok (1803\u201333), aki Petri Nagy Gy\u00f6rgy k\u00e9ziratos kr\u00f3nik\u00e1j\u00e1b\u00f3l a Mv.-re vonatkoz\u00f3 fontosabb adatokat ki\u00edrta \u00e9s el\u0151sz\u00f3val b\u0151v\u00edtve meg\u00f6r\u00f6k\u00edtette. <br \/><strong>Irod.:<\/strong> Kr\u00f3n. F\u00fcz. (1939. 4\/6).<\/br><\/p>\n","protected":false},"excerpt":{"rendered":"<p>? \u2020?: A ref. koll\u00e9giumi p\u00e9nzt\u00e1rnok (1803\u201333), aki Petri Nagy Gy\u00f6rgy k\u00e9ziratos kr\u00f3nik\u00e1j\u00e1b\u00f3l a Mv.-re vonatkoz\u00f3 fontosabb adatokat ki\u00edrta \u00e9s el\u0151sz\u00f3val b\u0151v\u00edtve meg\u00f6r\u00f6k\u00edtette. Irod.: Kr\u00f3n. F\u00fcz. (1939. 4\/6).<\/p>\n","protected":false},"featured_media":0,"comment_status":"open","ping_status":"closed","template":"","meta":[],"product_brand":[],"product_cat":[137],"product_tag":[],"class_list":{"0":"post-21594","1":"product","2":"type-product","3":"status-publish","5":"product_cat-maros-megyei-eletrajzi-lexikon","7":"first","8":"instock","9":"shipping-taxable","10":"product-type-simple"},"_links":{"self":[{"href":"https:\/\/uj.adatbank.ro\/lexikon\/wp-json\/wp\/v2\/product\/21594","targetHints":{"allow":["GET"]}}],"collection":[{"href":"https:\/\/uj.adatbank.ro\/lexikon\/wp-json\/wp\/v2\/product"}],"about":[{"href":"https:\/\/uj.adatbank.ro\/lexikon\/wp-json\/wp\/v2\/types\/product"}],"replies":[{"embeddable":true,"href":"https:\/\/uj.adatbank.ro\/lexikon\/wp-json\/wp\/v2\/comments?post=21594"}],"wp:attachment":[{"href":"https:\/\/uj.adatbank.ro\/lexikon\/wp-json\/wp\/v2\/media?parent=21594"}],"wp:term":[{"taxonomy":"product_brand","embeddable":true,"href":"https:\/\/uj.adatbank.ro\/lexikon\/wp-json\/wp\/v2\/product_brand?post=21594"},{"taxonomy":"product_cat","embeddable":true,"href":"https:\/\/uj.adatbank.ro\/lexikon\/wp-json\/wp\/v2\/product_cat?post=21594"},{"taxonomy":"product_tag","embeddable":true,"href":"https:\/\/uj.adatbank.ro\/lexikon\/wp-json\/wp\/v2\/product_tag?post=21594"}],"curies":[{"name":"wp","href":"https:\/\/api.w.org\/{rel}","templated":true}]}}