{"id":21595,"date":"2025-07-22T19:30:33","date_gmt":"2025-07-22T17:30:33","guid":{"rendered":"https:\/\/uj.adatbank.ro\/lexikon\/termek\/szasz-piroska-bucher-lajosne-b-szasz-piroska-mikes-lajosne\/"},"modified":"2025-07-22T19:30:33","modified_gmt":"2025-07-22T17:30:33","slug":"szasz-piroska-bucher-lajosne-b-szasz-piroska-mikes-lajosne","status":"publish","type":"product","link":"https:\/\/uj.adatbank.ro\/lexikon\/termek\/szasz-piroska-bucher-lajosne-b-szasz-piroska-mikes-lajosne\/","title":{"rendered":"SZ\u00c1SZ Piroska; Bucher Lajosn\u00e9; B. Sz\u00e1sz Piroska; Mikes Lajosn\u00e9"},"content":{"rendered":"<p>? \u2020\u00a0Mv., 1918. febr. 24.: \u00edr\u00f3, k\u00f6lt\u0151. \u2013 T\u00f3th M\u00f3zes (\u2020\u00a01892) \u00e9s vargyasi Szolga Vilma (1845? \u2013 Mv., 1917. m\u00e1j. 20.) le\u00e1nya. F\u00e9rje: Buchler Lajos. Gyermekeik: B. Lajos, B. Piroska, banktisztvisel\u0151 Gergely J\u00f3zsefn\u00e9. \u2013 Mv.-i vas\u00e1r\u00fakeresked\u0151 feles\u00e9ge, \u00edr\u00f3n\u0151 volt, Sv\u00e1jcba j\u00e1rt idegeit kezeltetni Forell vil\u00e1gh\u00edr\u00fa egyetemi tan\u00e1r ideggy\u00f3gy\u00e1szhoz, aki ide is elj\u00f6tt p\u00e1rszor ellen\u0151rz\u0151 vizsg\u00e1latra. Verseivel ki\u00e9rdemelte Ady d\u00edcs\u00e9ret\u00e9t. \u2013 <strong>F. m.<\/strong>: A Good-Templ\u00e1r rendr\u0151l (Mv., 1910); L\u00e1t\u00f3 szemmel: Tanulm\u00e1nyok, gondolatok. Versek (Mv., 1914); Lehull\u00f3ban: Versek (Bp., 1918). <br \/><strong>Irod.:<\/strong> Gy\u00e1szjelent\u0151; Mv.-i KZST 1914; \u00d6kr\u00f6s; RMIL. 3. k\u00f6t. Mv. m. irod.; Mv. t\u00f6rt. 2; Sipos.<\/br><\/p>\n","protected":false},"excerpt":{"rendered":"<p>? \u2020\u00a0Mv., 1918. febr. 24.: \u00edr\u00f3, k\u00f6lt\u0151. \u2013 T\u00f3th M\u00f3zes (\u2020\u00a01892) \u00e9s vargyasi Szolga Vilma (1845? \u2013 Mv., 1917. m\u00e1j. 20.) le\u00e1nya. F\u00e9rje: Buchler Lajos. Gyermekeik: B. Lajos, B. Piroska, banktisztvisel\u0151 Gergely J\u00f3zsefn\u00e9. \u2013 Mv.-i vas\u00e1r\u00fakeresked\u0151 feles\u00e9ge, \u00edr\u00f3n\u0151 volt, Sv\u00e1jcba j\u00e1rt idegeit kezeltetni Forell vil\u00e1gh\u00edr\u00fa egyetemi tan\u00e1r ideggy\u00f3gy\u00e1szhoz, aki ide is elj\u00f6tt p\u00e1rszor ellen\u0151rz\u0151 vizsg\u00e1latra. [&hellip;]<\/p>\n","protected":false},"featured_media":0,"comment_status":"open","ping_status":"closed","template":"","meta":[],"product_brand":[],"product_cat":[137],"product_tag":[],"class_list":{"0":"post-21595","1":"product","2":"type-product","3":"status-publish","5":"product_cat-maros-megyei-eletrajzi-lexikon","7":"first","8":"instock","9":"shipping-taxable","10":"product-type-simple"},"_links":{"self":[{"href":"https:\/\/uj.adatbank.ro\/lexikon\/wp-json\/wp\/v2\/product\/21595","targetHints":{"allow":["GET"]}}],"collection":[{"href":"https:\/\/uj.adatbank.ro\/lexikon\/wp-json\/wp\/v2\/product"}],"about":[{"href":"https:\/\/uj.adatbank.ro\/lexikon\/wp-json\/wp\/v2\/types\/product"}],"replies":[{"embeddable":true,"href":"https:\/\/uj.adatbank.ro\/lexikon\/wp-json\/wp\/v2\/comments?post=21595"}],"wp:attachment":[{"href":"https:\/\/uj.adatbank.ro\/lexikon\/wp-json\/wp\/v2\/media?parent=21595"}],"wp:term":[{"taxonomy":"product_brand","embeddable":true,"href":"https:\/\/uj.adatbank.ro\/lexikon\/wp-json\/wp\/v2\/product_brand?post=21595"},{"taxonomy":"product_cat","embeddable":true,"href":"https:\/\/uj.adatbank.ro\/lexikon\/wp-json\/wp\/v2\/product_cat?post=21595"},{"taxonomy":"product_tag","embeddable":true,"href":"https:\/\/uj.adatbank.ro\/lexikon\/wp-json\/wp\/v2\/product_tag?post=21595"}],"curies":[{"name":"wp","href":"https:\/\/api.w.org\/{rel}","templated":true}]}}