{"id":21596,"date":"2025-07-22T19:30:35","date_gmt":"2025-07-22T17:30:35","guid":{"rendered":"https:\/\/uj.adatbank.ro\/lexikon\/termek\/szasz-robert-szemerjai\/"},"modified":"2025-07-22T19:30:35","modified_gmt":"2025-07-22T17:30:35","slug":"szasz-robert-szemerjai","status":"publish","type":"product","link":"https:\/\/uj.adatbank.ro\/lexikon\/termek\/szasz-robert-szemerjai\/","title":{"rendered":"SZ\u00c1SZ R\u00f3bert, szemerjai"},"content":{"rendered":"<p>Nagyenyed, 1831., \u2020 Mv., 1906. j\u00fal.: tan\u00e1csos. \u2013 Id. Sz\u00e1sz K\u00e1roly tan\u00e1r \u00e9s M\u00fcnstermann Franciska fia. Feles\u00e9ge: kisbaczoni Ferencz Zsuzs\u00e1nna (1844? \u2013 Mv., 1927. j\u00fan. 6.). Nevelt le\u00e1nyuk: Sz\u00e1sz Margit dr. Csengeri Gyul\u00e1n\u00e9. 1848\u201349. honv\u00e9d f\u0151hadnagy \u00e9s a Ferencz J\u00f3zsef-rend lovagja. Kereskedelmi miniszteri oszt\u00e1lytan\u00e1csos. Irt a Kert\u00e9sz Gazd\u00e1ba. \u2013 <strong>F. m.<\/strong>: Eml\u00e9kirat a bar\u00f3ti barna-k\u0151sz\u00e9ntelepr\u0151l. K\u00e9zirat gyan\u00e1nt. (Bp., 1874.); Utmutat\u00f3 a kereskedelmi c\u00e9gjegyz\u00e9kek vezet\u00e9se \u00e9s a t\u00f6rt\u00e9nt bejegyz\u00e9sek kihirdet\u00e9se t\u00e1rgy\u00e1ban. (Bp., 1894). <br \/><strong>Irod.:<\/strong> Gy\u00e1szjelent\u0151; P\u00e1lmay J\u00f3zsef; Szinnyei; Szinnyei J.; Todea.<\/br><\/p>\n","protected":false},"excerpt":{"rendered":"<p>Nagyenyed, 1831., \u2020 Mv., 1906. j\u00fal.: tan\u00e1csos. \u2013 Id. Sz\u00e1sz K\u00e1roly tan\u00e1r \u00e9s M\u00fcnstermann Franciska fia. Feles\u00e9ge: kisbaczoni Ferencz Zsuzs\u00e1nna (1844? \u2013 Mv., 1927. j\u00fan. 6.). Nevelt le\u00e1nyuk: Sz\u00e1sz Margit dr. Csengeri Gyul\u00e1n\u00e9. 1848\u201349. honv\u00e9d f\u0151hadnagy \u00e9s a Ferencz J\u00f3zsef-rend lovagja. Kereskedelmi miniszteri oszt\u00e1lytan\u00e1csos. Irt a Kert\u00e9sz Gazd\u00e1ba. \u2013 F. m.: Eml\u00e9kirat a bar\u00f3ti barna-k\u0151sz\u00e9ntelepr\u0151l. [&hellip;]<\/p>\n","protected":false},"featured_media":0,"comment_status":"open","ping_status":"closed","template":"","meta":[],"product_brand":[],"product_cat":[137],"product_tag":[],"class_list":{"0":"post-21596","1":"product","2":"type-product","3":"status-publish","5":"product_cat-maros-megyei-eletrajzi-lexikon","7":"first","8":"instock","9":"shipping-taxable","10":"product-type-simple"},"_links":{"self":[{"href":"https:\/\/uj.adatbank.ro\/lexikon\/wp-json\/wp\/v2\/product\/21596","targetHints":{"allow":["GET"]}}],"collection":[{"href":"https:\/\/uj.adatbank.ro\/lexikon\/wp-json\/wp\/v2\/product"}],"about":[{"href":"https:\/\/uj.adatbank.ro\/lexikon\/wp-json\/wp\/v2\/types\/product"}],"replies":[{"embeddable":true,"href":"https:\/\/uj.adatbank.ro\/lexikon\/wp-json\/wp\/v2\/comments?post=21596"}],"wp:attachment":[{"href":"https:\/\/uj.adatbank.ro\/lexikon\/wp-json\/wp\/v2\/media?parent=21596"}],"wp:term":[{"taxonomy":"product_brand","embeddable":true,"href":"https:\/\/uj.adatbank.ro\/lexikon\/wp-json\/wp\/v2\/product_brand?post=21596"},{"taxonomy":"product_cat","embeddable":true,"href":"https:\/\/uj.adatbank.ro\/lexikon\/wp-json\/wp\/v2\/product_cat?post=21596"},{"taxonomy":"product_tag","embeddable":true,"href":"https:\/\/uj.adatbank.ro\/lexikon\/wp-json\/wp\/v2\/product_tag?post=21596"}],"curies":[{"name":"wp","href":"https:\/\/api.w.org\/{rel}","templated":true}]}}