{"id":21598,"date":"2025-07-22T19:30:40","date_gmt":"2025-07-22T17:30:40","guid":{"rendered":"https:\/\/uj.adatbank.ro\/lexikon\/termek\/szasz-samuel-ilencfalvi-2\/"},"modified":"2025-07-22T19:30:40","modified_gmt":"2025-07-22T17:30:40","slug":"szasz-samuel-ilencfalvi-2","status":"publish","type":"product","link":"https:\/\/uj.adatbank.ro\/lexikon\/termek\/szasz-samuel-ilencfalvi-2\/","title":{"rendered":"SZ\u00c1SZ S\u00e1muel, ilencfalvi"},"content":{"rendered":"<p>Dedr\u00e1dsz\u00e9plak, 1782. j\u00fan. 1., \u2020, gr. Teleki S\u00e1muel k\u00f6nyvt\u00e1rnoka \u00e9s k\u00f6lt\u0151 volt. <br \/><strong>Irod.:<\/strong> Nagy Iv\u00e1n.<\/br><\/p>\n","protected":false},"excerpt":{"rendered":"<p>Dedr\u00e1dsz\u00e9plak, 1782. j\u00fan. 1., \u2020, gr. Teleki S\u00e1muel k\u00f6nyvt\u00e1rnoka \u00e9s k\u00f6lt\u0151 volt. Irod.: Nagy Iv\u00e1n.<\/p>\n","protected":false},"featured_media":0,"comment_status":"open","ping_status":"closed","template":"","meta":[],"product_brand":[],"product_cat":[137],"product_tag":[],"class_list":{"0":"post-21598","1":"product","2":"type-product","3":"status-publish","5":"product_cat-maros-megyei-eletrajzi-lexikon","7":"first","8":"instock","9":"shipping-taxable","10":"product-type-simple"},"_links":{"self":[{"href":"https:\/\/uj.adatbank.ro\/lexikon\/wp-json\/wp\/v2\/product\/21598","targetHints":{"allow":["GET"]}}],"collection":[{"href":"https:\/\/uj.adatbank.ro\/lexikon\/wp-json\/wp\/v2\/product"}],"about":[{"href":"https:\/\/uj.adatbank.ro\/lexikon\/wp-json\/wp\/v2\/types\/product"}],"replies":[{"embeddable":true,"href":"https:\/\/uj.adatbank.ro\/lexikon\/wp-json\/wp\/v2\/comments?post=21598"}],"wp:attachment":[{"href":"https:\/\/uj.adatbank.ro\/lexikon\/wp-json\/wp\/v2\/media?parent=21598"}],"wp:term":[{"taxonomy":"product_brand","embeddable":true,"href":"https:\/\/uj.adatbank.ro\/lexikon\/wp-json\/wp\/v2\/product_brand?post=21598"},{"taxonomy":"product_cat","embeddable":true,"href":"https:\/\/uj.adatbank.ro\/lexikon\/wp-json\/wp\/v2\/product_cat?post=21598"},{"taxonomy":"product_tag","embeddable":true,"href":"https:\/\/uj.adatbank.ro\/lexikon\/wp-json\/wp\/v2\/product_tag?post=21598"}],"curies":[{"name":"wp","href":"https:\/\/api.w.org\/{rel}","templated":true}]}}