{"id":21602,"date":"2025-07-22T19:30:48","date_gmt":"2025-07-22T17:30:48","guid":{"rendered":"https:\/\/uj.adatbank.ro\/lexikon\/termek\/szasz-tamas-szabedi\/"},"modified":"2025-07-22T19:30:48","modified_gmt":"2025-07-22T17:30:48","slug":"szasz-tamas-szabedi","status":"publish","type":"product","link":"https:\/\/uj.adatbank.ro\/lexikon\/termek\/szasz-tamas-szabedi\/","title":{"rendered":"SZ\u00c1SZ Tam\u00e1s, szab\u00e9di"},"content":{"rendered":"<p>? \u2020?: marossz\u00e9ki nemes sz\u00e9kely lovas-pusk\u00e1s harcos. \u2013 R\u00e1k\u00f3czi Gy\u00f6rgy a havasalf\u00f6ldi hadj\u00e1ratban tan\u00fas\u00edtott h\u0171s\u00e9ges szolg\u00e1lata jutalm\u00e1ul l\u00f3f\u0151v\u00e9 tette (1656. j\u00fan. 28), azzal a kik\u00f6t\u00e9ssel, hogy j\u00f3 l\u00f3val, karddal, hossz\u00fa pusk\u00e1val, porral \u00e9s goly\u00f3val felszerelve minden hadj\u00e1ratra k\u00e9szen \u00e1lljon \u00e9s sz\u00fcks\u00e9g eset\u00e9n a l\u00f3r\u00f3l lesz\u00e1llva gyalog is harcoljon. \u2013 Irod: SzOkl, 6.<\/br><\/p>\n","protected":false},"excerpt":{"rendered":"<p>? \u2020?: marossz\u00e9ki nemes sz\u00e9kely lovas-pusk\u00e1s harcos. \u2013 R\u00e1k\u00f3czi Gy\u00f6rgy a havasalf\u00f6ldi hadj\u00e1ratban tan\u00fas\u00edtott h\u0171s\u00e9ges szolg\u00e1lata jutalm\u00e1ul l\u00f3f\u0151v\u00e9 tette (1656. j\u00fan. 28), azzal a kik\u00f6t\u00e9ssel, hogy j\u00f3 l\u00f3val, karddal, hossz\u00fa pusk\u00e1val, porral \u00e9s goly\u00f3val felszerelve minden hadj\u00e1ratra k\u00e9szen \u00e1lljon \u00e9s sz\u00fcks\u00e9g eset\u00e9n a l\u00f3r\u00f3l lesz\u00e1llva gyalog is harcoljon. \u2013 Irod: SzOkl, 6.<\/p>\n","protected":false},"featured_media":0,"comment_status":"open","ping_status":"closed","template":"","meta":[],"product_brand":[],"product_cat":[137],"product_tag":[],"class_list":{"0":"post-21602","1":"product","2":"type-product","3":"status-publish","5":"product_cat-maros-megyei-eletrajzi-lexikon","7":"first","8":"instock","9":"shipping-taxable","10":"product-type-simple"},"_links":{"self":[{"href":"https:\/\/uj.adatbank.ro\/lexikon\/wp-json\/wp\/v2\/product\/21602","targetHints":{"allow":["GET"]}}],"collection":[{"href":"https:\/\/uj.adatbank.ro\/lexikon\/wp-json\/wp\/v2\/product"}],"about":[{"href":"https:\/\/uj.adatbank.ro\/lexikon\/wp-json\/wp\/v2\/types\/product"}],"replies":[{"embeddable":true,"href":"https:\/\/uj.adatbank.ro\/lexikon\/wp-json\/wp\/v2\/comments?post=21602"}],"wp:attachment":[{"href":"https:\/\/uj.adatbank.ro\/lexikon\/wp-json\/wp\/v2\/media?parent=21602"}],"wp:term":[{"taxonomy":"product_brand","embeddable":true,"href":"https:\/\/uj.adatbank.ro\/lexikon\/wp-json\/wp\/v2\/product_brand?post=21602"},{"taxonomy":"product_cat","embeddable":true,"href":"https:\/\/uj.adatbank.ro\/lexikon\/wp-json\/wp\/v2\/product_cat?post=21602"},{"taxonomy":"product_tag","embeddable":true,"href":"https:\/\/uj.adatbank.ro\/lexikon\/wp-json\/wp\/v2\/product_tag?post=21602"}],"curies":[{"name":"wp","href":"https:\/\/api.w.org\/{rel}","templated":true}]}}