{"id":21604,"date":"2025-07-22T19:30:52","date_gmt":"2025-07-22T17:30:52","guid":{"rendered":"https:\/\/uj.adatbank.ro\/lexikon\/termek\/szaszvarosi-andras\/"},"modified":"2025-07-22T19:30:52","modified_gmt":"2025-07-22T17:30:52","slug":"szaszvarosi-andras","status":"publish","type":"product","link":"https:\/\/uj.adatbank.ro\/lexikon\/termek\/szaszvarosi-andras\/","title":{"rendered":"SZ\u00c1SZV\u00c1ROSI Andr\u00e1s"},"content":{"rendered":"<p>? \u2020?: unit. lelk\u00e9sz. \u2013 Magyars\u00e1roson volt unit. lelk\u00e9sz \u00e9s Harangl\u00e1bon (1623). <br \/><strong>Irod.:<\/strong> Kelemen Imre; K\u00e9nosi\u2013Uzoni 2.<\/br><\/p>\n","protected":false},"excerpt":{"rendered":"<p>? \u2020?: unit. lelk\u00e9sz. \u2013 Magyars\u00e1roson volt unit. lelk\u00e9sz \u00e9s Harangl\u00e1bon (1623). Irod.: Kelemen Imre; K\u00e9nosi\u2013Uzoni 2.<\/p>\n","protected":false},"featured_media":0,"comment_status":"open","ping_status":"closed","template":"","meta":[],"product_brand":[],"product_cat":[137],"product_tag":[],"class_list":{"0":"post-21604","1":"product","2":"type-product","3":"status-publish","5":"product_cat-maros-megyei-eletrajzi-lexikon","7":"first","8":"instock","9":"shipping-taxable","10":"product-type-simple"},"_links":{"self":[{"href":"https:\/\/uj.adatbank.ro\/lexikon\/wp-json\/wp\/v2\/product\/21604","targetHints":{"allow":["GET"]}}],"collection":[{"href":"https:\/\/uj.adatbank.ro\/lexikon\/wp-json\/wp\/v2\/product"}],"about":[{"href":"https:\/\/uj.adatbank.ro\/lexikon\/wp-json\/wp\/v2\/types\/product"}],"replies":[{"embeddable":true,"href":"https:\/\/uj.adatbank.ro\/lexikon\/wp-json\/wp\/v2\/comments?post=21604"}],"wp:attachment":[{"href":"https:\/\/uj.adatbank.ro\/lexikon\/wp-json\/wp\/v2\/media?parent=21604"}],"wp:term":[{"taxonomy":"product_brand","embeddable":true,"href":"https:\/\/uj.adatbank.ro\/lexikon\/wp-json\/wp\/v2\/product_brand?post=21604"},{"taxonomy":"product_cat","embeddable":true,"href":"https:\/\/uj.adatbank.ro\/lexikon\/wp-json\/wp\/v2\/product_cat?post=21604"},{"taxonomy":"product_tag","embeddable":true,"href":"https:\/\/uj.adatbank.ro\/lexikon\/wp-json\/wp\/v2\/product_tag?post=21604"}],"curies":[{"name":"wp","href":"https:\/\/api.w.org\/{rel}","templated":true}]}}