{"id":21607,"date":"2025-07-22T19:30:59","date_gmt":"2025-07-22T17:30:59","guid":{"rendered":"https:\/\/uj.adatbank.ro\/lexikon\/termek\/szathmari-gyula\/"},"modified":"2025-07-22T19:30:59","modified_gmt":"2025-07-22T17:30:59","slug":"szathmari-gyula","status":"publish","type":"product","link":"https:\/\/uj.adatbank.ro\/lexikon\/termek\/szathmari-gyula\/","title":{"rendered":"SZATHM\u00c1RI Gyula"},"content":{"rendered":"<p>Harangl\u00e1b, 1845., \u2020\u00a0Harangl\u00e1b, 1886. \u00e1prilis.7. \u2013 Birtokos sz\u00fcl\u0151faluj\u00e1ban. Tan\u00e1csos az egyh\u00e1zn\u00e1l. <br \/><strong>Irod.:<\/strong> Kelemen.<\/br><\/p>\n","protected":false},"excerpt":{"rendered":"<p>Harangl\u00e1b, 1845., \u2020\u00a0Harangl\u00e1b, 1886. \u00e1prilis.7. \u2013 Birtokos sz\u00fcl\u0151faluj\u00e1ban. Tan\u00e1csos az egyh\u00e1zn\u00e1l. Irod.: Kelemen.<\/p>\n","protected":false},"featured_media":0,"comment_status":"open","ping_status":"closed","template":"","meta":[],"product_brand":[],"product_cat":[137],"product_tag":[],"class_list":{"0":"post-21607","1":"product","2":"type-product","3":"status-publish","5":"product_cat-maros-megyei-eletrajzi-lexikon","7":"first","8":"instock","9":"shipping-taxable","10":"product-type-simple"},"_links":{"self":[{"href":"https:\/\/uj.adatbank.ro\/lexikon\/wp-json\/wp\/v2\/product\/21607","targetHints":{"allow":["GET"]}}],"collection":[{"href":"https:\/\/uj.adatbank.ro\/lexikon\/wp-json\/wp\/v2\/product"}],"about":[{"href":"https:\/\/uj.adatbank.ro\/lexikon\/wp-json\/wp\/v2\/types\/product"}],"replies":[{"embeddable":true,"href":"https:\/\/uj.adatbank.ro\/lexikon\/wp-json\/wp\/v2\/comments?post=21607"}],"wp:attachment":[{"href":"https:\/\/uj.adatbank.ro\/lexikon\/wp-json\/wp\/v2\/media?parent=21607"}],"wp:term":[{"taxonomy":"product_brand","embeddable":true,"href":"https:\/\/uj.adatbank.ro\/lexikon\/wp-json\/wp\/v2\/product_brand?post=21607"},{"taxonomy":"product_cat","embeddable":true,"href":"https:\/\/uj.adatbank.ro\/lexikon\/wp-json\/wp\/v2\/product_cat?post=21607"},{"taxonomy":"product_tag","embeddable":true,"href":"https:\/\/uj.adatbank.ro\/lexikon\/wp-json\/wp\/v2\/product_tag?post=21607"}],"curies":[{"name":"wp","href":"https:\/\/api.w.org\/{rel}","templated":true}]}}