{"id":21608,"date":"2025-07-22T19:31:00","date_gmt":"2025-07-22T17:31:00","guid":{"rendered":"https:\/\/uj.adatbank.ro\/lexikon\/termek\/szathmari-ilona-fekecs\/"},"modified":"2025-07-22T19:31:00","modified_gmt":"2025-07-22T17:31:00","slug":"szathmari-ilona-fekecs","status":"publish","type":"product","link":"https:\/\/uj.adatbank.ro\/lexikon\/termek\/szathmari-ilona-fekecs\/","title":{"rendered":"SZATHM\u00c1RI Ilona, Fek\u00e9cs"},"content":{"rendered":"<p>Mv., 1936., \u2020\u00a0Mv., 1994. jan. 20.: orvos. \u2013 A mv.-i 4. sz. l\u00e1ny k\u00f6z\u00e9piskol\u00e1ban \u00e9s a MOGYI orvoskar\u00e1n v\u00e9gzett (1959). K\u00f6rzeti gyermekgy\u00f3gy\u00e1sz volt Marosszentann\u00e1n, majd Marosszentkir\u00e1lyon. <br \/><strong>Irod.:<\/strong> Kiss\u2013P.\u2013P.; [Nekrol\u00f3g] (N\u00fa., 1994. jan. 22.).<\/br><\/p>\n","protected":false},"excerpt":{"rendered":"<p>Mv., 1936., \u2020\u00a0Mv., 1994. jan. 20.: orvos. \u2013 A mv.-i 4. sz. l\u00e1ny k\u00f6z\u00e9piskol\u00e1ban \u00e9s a MOGYI orvoskar\u00e1n v\u00e9gzett (1959). K\u00f6rzeti gyermekgy\u00f3gy\u00e1sz volt Marosszentann\u00e1n, majd Marosszentkir\u00e1lyon. Irod.: Kiss\u2013P.\u2013P.; [Nekrol\u00f3g] (N\u00fa., 1994. jan. 22.).<\/p>\n","protected":false},"featured_media":0,"comment_status":"open","ping_status":"closed","template":"","meta":[],"product_brand":[],"product_cat":[137],"product_tag":[],"class_list":{"0":"post-21608","1":"product","2":"type-product","3":"status-publish","5":"product_cat-maros-megyei-eletrajzi-lexikon","7":"first","8":"instock","9":"shipping-taxable","10":"product-type-simple"},"_links":{"self":[{"href":"https:\/\/uj.adatbank.ro\/lexikon\/wp-json\/wp\/v2\/product\/21608","targetHints":{"allow":["GET"]}}],"collection":[{"href":"https:\/\/uj.adatbank.ro\/lexikon\/wp-json\/wp\/v2\/product"}],"about":[{"href":"https:\/\/uj.adatbank.ro\/lexikon\/wp-json\/wp\/v2\/types\/product"}],"replies":[{"embeddable":true,"href":"https:\/\/uj.adatbank.ro\/lexikon\/wp-json\/wp\/v2\/comments?post=21608"}],"wp:attachment":[{"href":"https:\/\/uj.adatbank.ro\/lexikon\/wp-json\/wp\/v2\/media?parent=21608"}],"wp:term":[{"taxonomy":"product_brand","embeddable":true,"href":"https:\/\/uj.adatbank.ro\/lexikon\/wp-json\/wp\/v2\/product_brand?post=21608"},{"taxonomy":"product_cat","embeddable":true,"href":"https:\/\/uj.adatbank.ro\/lexikon\/wp-json\/wp\/v2\/product_cat?post=21608"},{"taxonomy":"product_tag","embeddable":true,"href":"https:\/\/uj.adatbank.ro\/lexikon\/wp-json\/wp\/v2\/product_tag?post=21608"}],"curies":[{"name":"wp","href":"https:\/\/api.w.org\/{rel}","templated":true}]}}