{"id":21609,"date":"2025-07-22T19:31:02","date_gmt":"2025-07-22T17:31:02","guid":{"rendered":"https:\/\/uj.adatbank.ro\/lexikon\/termek\/szathmari-ilyes-mihaly\/"},"modified":"2025-07-22T19:31:02","modified_gmt":"2025-07-22T17:31:02","slug":"szathmari-ilyes-mihaly","status":"publish","type":"product","link":"https:\/\/uj.adatbank.ro\/lexikon\/termek\/szathmari-ilyes-mihaly\/","title":{"rendered":"SZATHM\u00c1RI ILY\u00c9S Mih\u00e1ly"},"content":{"rendered":"<p>1833?, \u2020 Mv., 1885. \u00e1pr. 24.: \u00fcgyv\u00e9d, b\u00edr\u00f3. \u2013 Testv\u00e9rei: Sz. Zsuzs\u00e1nna Csisz\u00e1r S\u00e1mueln\u00e9; Kl\u00e1ra Cs\u00edsz\u00e1r Domokosn\u00e9; Jusztina Borosnyai P\u00e1ln\u00e9; Anna. Feles\u00e9ge: Theil Emilia. Gyermekeik: Mih\u00e1ly \u00e9s Emma. \u2013 K\u00f6z- \u00e9s v\u00e1lt\u00f3\u00fcgyv\u00e9d, t\u00f6rv\u00e9nysz\u00e9ki b\u00edr\u00f3, az 1848\u201349. \u00e9vi szabads\u00e1gharc bajnoka. <br \/><strong>Irod.:<\/strong> Gy\u00e1szjelent\u0151.<\/br><\/p>\n","protected":false},"excerpt":{"rendered":"<p>1833?, \u2020 Mv., 1885. \u00e1pr. 24.: \u00fcgyv\u00e9d, b\u00edr\u00f3. \u2013 Testv\u00e9rei: Sz. Zsuzs\u00e1nna Csisz\u00e1r S\u00e1mueln\u00e9; Kl\u00e1ra Cs\u00edsz\u00e1r Domokosn\u00e9; Jusztina Borosnyai P\u00e1ln\u00e9; Anna. Feles\u00e9ge: Theil Emilia. Gyermekeik: Mih\u00e1ly \u00e9s Emma. \u2013 K\u00f6z- \u00e9s v\u00e1lt\u00f3\u00fcgyv\u00e9d, t\u00f6rv\u00e9nysz\u00e9ki b\u00edr\u00f3, az 1848\u201349. \u00e9vi szabads\u00e1gharc bajnoka. Irod.: Gy\u00e1szjelent\u0151.<\/p>\n","protected":false},"featured_media":0,"comment_status":"open","ping_status":"closed","template":"","meta":[],"product_brand":[],"product_cat":[137],"product_tag":[],"class_list":{"0":"post-21609","1":"product","2":"type-product","3":"status-publish","5":"product_cat-maros-megyei-eletrajzi-lexikon","7":"first","8":"instock","9":"shipping-taxable","10":"product-type-simple"},"_links":{"self":[{"href":"https:\/\/uj.adatbank.ro\/lexikon\/wp-json\/wp\/v2\/product\/21609","targetHints":{"allow":["GET"]}}],"collection":[{"href":"https:\/\/uj.adatbank.ro\/lexikon\/wp-json\/wp\/v2\/product"}],"about":[{"href":"https:\/\/uj.adatbank.ro\/lexikon\/wp-json\/wp\/v2\/types\/product"}],"replies":[{"embeddable":true,"href":"https:\/\/uj.adatbank.ro\/lexikon\/wp-json\/wp\/v2\/comments?post=21609"}],"wp:attachment":[{"href":"https:\/\/uj.adatbank.ro\/lexikon\/wp-json\/wp\/v2\/media?parent=21609"}],"wp:term":[{"taxonomy":"product_brand","embeddable":true,"href":"https:\/\/uj.adatbank.ro\/lexikon\/wp-json\/wp\/v2\/product_brand?post=21609"},{"taxonomy":"product_cat","embeddable":true,"href":"https:\/\/uj.adatbank.ro\/lexikon\/wp-json\/wp\/v2\/product_cat?post=21609"},{"taxonomy":"product_tag","embeddable":true,"href":"https:\/\/uj.adatbank.ro\/lexikon\/wp-json\/wp\/v2\/product_tag?post=21609"}],"curies":[{"name":"wp","href":"https:\/\/api.w.org\/{rel}","templated":true}]}}