{"id":21617,"date":"2025-07-22T19:31:20","date_gmt":"2025-07-22T17:31:20","guid":{"rendered":"https:\/\/uj.adatbank.ro\/lexikon\/termek\/szathmari-jozsef\/"},"modified":"2025-07-22T19:31:20","modified_gmt":"2025-07-22T17:31:20","slug":"szathmari-jozsef","status":"publish","type":"product","link":"https:\/\/uj.adatbank.ro\/lexikon\/termek\/szathmari-jozsef\/","title":{"rendered":"SZATHM\u00c1RI J\u00f3zsef"},"content":{"rendered":"<p>? \u2020?: \u00f6tv\u00f6smester. \u2013 Mv.-en m\u0171k\u00f6d\u00f6tt (19. sz. els\u0151 fel\u00e9ben). Elk\u00e9sz\u00edtette a mv.-i szab\u00f3c\u00e9h pohar\u00e1t \u00e9s egy keny\u00e9roszt\u00f3 t\u00e1ny\u00e9rt a gog\u00e1nv\u00e1raljai ref. templomnak (1829). <br \/><strong>Irod.:<\/strong> K\u00fck\u00fcll\u0151i Ref. Egyh\u00e1zm. 2.<\/br><\/p>\n","protected":false},"excerpt":{"rendered":"<p>? \u2020?: \u00f6tv\u00f6smester. \u2013 Mv.-en m\u0171k\u00f6d\u00f6tt (19. sz. els\u0151 fel\u00e9ben). Elk\u00e9sz\u00edtette a mv.-i szab\u00f3c\u00e9h pohar\u00e1t \u00e9s egy keny\u00e9roszt\u00f3 t\u00e1ny\u00e9rt a gog\u00e1nv\u00e1raljai ref. templomnak (1829). Irod.: K\u00fck\u00fcll\u0151i Ref. Egyh\u00e1zm. 2.<\/p>\n","protected":false},"featured_media":0,"comment_status":"open","ping_status":"closed","template":"","meta":[],"product_brand":[],"product_cat":[137],"product_tag":[],"class_list":{"0":"post-21617","1":"product","2":"type-product","3":"status-publish","5":"product_cat-maros-megyei-eletrajzi-lexikon","7":"first","8":"instock","9":"shipping-taxable","10":"product-type-simple"},"_links":{"self":[{"href":"https:\/\/uj.adatbank.ro\/lexikon\/wp-json\/wp\/v2\/product\/21617","targetHints":{"allow":["GET"]}}],"collection":[{"href":"https:\/\/uj.adatbank.ro\/lexikon\/wp-json\/wp\/v2\/product"}],"about":[{"href":"https:\/\/uj.adatbank.ro\/lexikon\/wp-json\/wp\/v2\/types\/product"}],"replies":[{"embeddable":true,"href":"https:\/\/uj.adatbank.ro\/lexikon\/wp-json\/wp\/v2\/comments?post=21617"}],"wp:attachment":[{"href":"https:\/\/uj.adatbank.ro\/lexikon\/wp-json\/wp\/v2\/media?parent=21617"}],"wp:term":[{"taxonomy":"product_brand","embeddable":true,"href":"https:\/\/uj.adatbank.ro\/lexikon\/wp-json\/wp\/v2\/product_brand?post=21617"},{"taxonomy":"product_cat","embeddable":true,"href":"https:\/\/uj.adatbank.ro\/lexikon\/wp-json\/wp\/v2\/product_cat?post=21617"},{"taxonomy":"product_tag","embeddable":true,"href":"https:\/\/uj.adatbank.ro\/lexikon\/wp-json\/wp\/v2\/product_tag?post=21617"}],"curies":[{"name":"wp","href":"https:\/\/api.w.org\/{rel}","templated":true}]}}