{"id":21618,"date":"2025-07-22T19:31:23","date_gmt":"2025-07-22T17:31:23","guid":{"rendered":"https:\/\/uj.adatbank.ro\/lexikon\/termek\/szathmari-jozsef-2\/"},"modified":"2025-07-22T19:31:23","modified_gmt":"2025-07-22T17:31:23","slug":"szathmari-jozsef-2","status":"publish","type":"product","link":"https:\/\/uj.adatbank.ro\/lexikon\/termek\/szathmari-jozsef-2\/","title":{"rendered":"SZATHM\u00c1RI J\u00f3zsef"},"content":{"rendered":"<p>1831? \u2020\u00a0Mv., 1891. jan. 21? : polg\u00e1r \u00e9s ref. egyh\u00e1zi k\u00e9pvisel\u0151. \u2013 Testv\u00e9re: Sz. K\u00e1rolina T\u00f6r\u00f6k P\u00e1ln\u00e9. Feles\u00e9ge: Babb Zsuzs\u00e1nna (1842? \u2013 Mv., 1916 jan. 26.). Gyermekeik: Sz. J\u00f3zefa Gyulai Ferencn\u00e9; Sz. R\u00f3za Kammauf Alfr\u00e9dn\u00e9; Sz. Imre. <br \/><strong>Irod.:<\/strong> Gy\u00e1szjelent\u0151.<\/br><\/p>\n","protected":false},"excerpt":{"rendered":"<p>1831? \u2020\u00a0Mv., 1891. jan. 21? : polg\u00e1r \u00e9s ref. egyh\u00e1zi k\u00e9pvisel\u0151. \u2013 Testv\u00e9re: Sz. K\u00e1rolina T\u00f6r\u00f6k P\u00e1ln\u00e9. Feles\u00e9ge: Babb Zsuzs\u00e1nna (1842? \u2013 Mv., 1916 jan. 26.). Gyermekeik: Sz. J\u00f3zefa Gyulai Ferencn\u00e9; Sz. R\u00f3za Kammauf Alfr\u00e9dn\u00e9; Sz. Imre. Irod.: Gy\u00e1szjelent\u0151.<\/p>\n","protected":false},"featured_media":0,"comment_status":"open","ping_status":"closed","template":"","meta":[],"product_brand":[],"product_cat":[137],"product_tag":[],"class_list":{"0":"post-21618","1":"product","2":"type-product","3":"status-publish","5":"product_cat-maros-megyei-eletrajzi-lexikon","7":"first","8":"instock","9":"shipping-taxable","10":"product-type-simple"},"_links":{"self":[{"href":"https:\/\/uj.adatbank.ro\/lexikon\/wp-json\/wp\/v2\/product\/21618","targetHints":{"allow":["GET"]}}],"collection":[{"href":"https:\/\/uj.adatbank.ro\/lexikon\/wp-json\/wp\/v2\/product"}],"about":[{"href":"https:\/\/uj.adatbank.ro\/lexikon\/wp-json\/wp\/v2\/types\/product"}],"replies":[{"embeddable":true,"href":"https:\/\/uj.adatbank.ro\/lexikon\/wp-json\/wp\/v2\/comments?post=21618"}],"wp:attachment":[{"href":"https:\/\/uj.adatbank.ro\/lexikon\/wp-json\/wp\/v2\/media?parent=21618"}],"wp:term":[{"taxonomy":"product_brand","embeddable":true,"href":"https:\/\/uj.adatbank.ro\/lexikon\/wp-json\/wp\/v2\/product_brand?post=21618"},{"taxonomy":"product_cat","embeddable":true,"href":"https:\/\/uj.adatbank.ro\/lexikon\/wp-json\/wp\/v2\/product_cat?post=21618"},{"taxonomy":"product_tag","embeddable":true,"href":"https:\/\/uj.adatbank.ro\/lexikon\/wp-json\/wp\/v2\/product_tag?post=21618"}],"curies":[{"name":"wp","href":"https:\/\/api.w.org\/{rel}","templated":true}]}}