{"id":21621,"date":"2025-07-22T19:31:31","date_gmt":"2025-07-22T17:31:31","guid":{"rendered":"https:\/\/uj.adatbank.ro\/lexikon\/termek\/szathmari-mihaly-2\/"},"modified":"2025-07-22T19:31:31","modified_gmt":"2025-07-22T17:31:31","slug":"szathmari-mihaly-2","status":"publish","type":"product","link":"https:\/\/uj.adatbank.ro\/lexikon\/termek\/szathmari-mihaly-2\/","title":{"rendered":"SZATHM\u00c1RI Mih\u00e1ly"},"content":{"rendered":"<p>? \u2020?: v\u00e1rosi tan\u00e1csos. Az 1849. m\u00e1rc.-ban meg\u00faj\u00edtott mv.-i tan\u00e1csban a k\u00f6zigazgat\u00e1st illet\u0151 \u00fcgyek el\u0151ad\u00f3ja, az \u00e1rv\u00e1k fel\u00fcgyel\u0151je. <br \/><strong>Irod.:<\/strong> P\u00e1l-Antal.<\/br><\/p>\n","protected":false},"excerpt":{"rendered":"<p>? \u2020?: v\u00e1rosi tan\u00e1csos. Az 1849. m\u00e1rc.-ban meg\u00faj\u00edtott mv.-i tan\u00e1csban a k\u00f6zigazgat\u00e1st illet\u0151 \u00fcgyek el\u0151ad\u00f3ja, az \u00e1rv\u00e1k fel\u00fcgyel\u0151je. Irod.: P\u00e1l-Antal.<\/p>\n","protected":false},"featured_media":0,"comment_status":"open","ping_status":"closed","template":"","meta":[],"product_brand":[],"product_cat":[137],"product_tag":[],"class_list":{"0":"post-21621","1":"product","2":"type-product","3":"status-publish","5":"product_cat-maros-megyei-eletrajzi-lexikon","7":"first","8":"instock","9":"shipping-taxable","10":"product-type-simple"},"_links":{"self":[{"href":"https:\/\/uj.adatbank.ro\/lexikon\/wp-json\/wp\/v2\/product\/21621","targetHints":{"allow":["GET"]}}],"collection":[{"href":"https:\/\/uj.adatbank.ro\/lexikon\/wp-json\/wp\/v2\/product"}],"about":[{"href":"https:\/\/uj.adatbank.ro\/lexikon\/wp-json\/wp\/v2\/types\/product"}],"replies":[{"embeddable":true,"href":"https:\/\/uj.adatbank.ro\/lexikon\/wp-json\/wp\/v2\/comments?post=21621"}],"wp:attachment":[{"href":"https:\/\/uj.adatbank.ro\/lexikon\/wp-json\/wp\/v2\/media?parent=21621"}],"wp:term":[{"taxonomy":"product_brand","embeddable":true,"href":"https:\/\/uj.adatbank.ro\/lexikon\/wp-json\/wp\/v2\/product_brand?post=21621"},{"taxonomy":"product_cat","embeddable":true,"href":"https:\/\/uj.adatbank.ro\/lexikon\/wp-json\/wp\/v2\/product_cat?post=21621"},{"taxonomy":"product_tag","embeddable":true,"href":"https:\/\/uj.adatbank.ro\/lexikon\/wp-json\/wp\/v2\/product_tag?post=21621"}],"curies":[{"name":"wp","href":"https:\/\/api.w.org\/{rel}","templated":true}]}}