{"id":21622,"date":"2025-07-22T19:31:33","date_gmt":"2025-07-22T17:31:33","guid":{"rendered":"https:\/\/uj.adatbank.ro\/lexikon\/termek\/szathmari-mihaly-paksi-id\/"},"modified":"2025-07-22T19:31:33","modified_gmt":"2025-07-22T17:31:33","slug":"szathmari-mihaly-paksi-id","status":"publish","type":"product","link":"https:\/\/uj.adatbank.ro\/lexikon\/termek\/szathmari-mihaly-paksi-id\/","title":{"rendered":"SZATHM\u00c1RI Mih\u00e1ly, paksi, id."},"content":{"rendered":"<p>? \u2020?: tan\u00e1r. \u2013 A Mv.-i koll. professzora, teol\u00f3gi\u00e1t \u00e9s b\u00f6lcseletet tan\u00edtott 17 \u00e9vig., az erd\u00e9lyi ref. egy. f\u0151jegyz\u0151je is (1728\u201334). S\u00e1rospatakra ment (1734). \u2013 <strong>F. m.<\/strong>: Halotti besz\u00e9d bethleni gr. Bethlen Judit, kereseeri K\u00f6les\u00e9ri S\u00e1mueln\u00e9 felett, 1720. febr. 18. (Kv., \u00e9.n.); Halotti besz\u00e9d magyargyer\u0151monostori Kem\u00e9ny Simon \u00e9s J\u00e1nos felett, 1722. okt. 4. (Kv., 1724); Halotti besz\u00e9d petki Nagy S\u00e1muel felett, 1723. j\u00fan. 13. (Kv., 1723); Halotti besz\u00e9d sz\u00e9ki gr. Teleki P\u00e1l felett, 1731. nov. 18. (Kv., 1732); Halotti besz\u00e9d sz\u00e9ki gr. Teleki J\u00f3zsef felett, 1733. jan. 18. (Kv., \u00e9.n.); Halotti besz\u00e9d marosn\u00e9meti gr. Gyulai Ferencz felett, 1730. j\u00fal. 23. (Kv., 1743); Halotti besz\u00e9d marosn\u00e9meti gr. Gyulai Kata (Ferenc \u00e9s losonczi br. B\u00e1nffi M\u00e1ria le\u00e1nya) felett, 1731. jan. 31. (H. \u00e9s \u00e9. n.); Halotti besz\u00e9d bethleni gr. Bethlen Julia, czegei Wass L\u00e1szl\u00f3n\u00e9 felett, 1731. j\u00fal. 1. (Kv., \u00e9.n.); Halotti besz\u00e9d gyalakuti L\u00e1z\u00e1r M\u00e1ria, bethleni gr. Bethlen S\u00e1mueln\u00e9 felett, 1732. m\u00e1j. 25. (Kv., \u00e9.n.); Halotti besz\u00e9d sz\u00e9ki gr. Teleki Judit felett, 1733. okt. 11. (Kv., 1734); Halotti besz\u00e9d losonczi gr. B\u00e1nffy Kata, hadadi br. Wessel\u00e9nyi Istv\u00e1nn\u00e9 felett, 1734. aug. 22. (Kv., 1734). <br \/><strong>Irod.:<\/strong> D\u00e1niel G\u00e1bor: \u00dajabb adatt\u00e1r a vargyasi Daniel csal\u00e1d t\u00f6rt\u00e9net\u00e9hez (Kv., 1913); Ferenczy-Danielik; Halotti besz\u00e9dek; M. t\u00f6rt\u00e9nelmi \u00e9vk.-ek \u00e9s napl\u00f3k a XVI-XVIII. sz.-b\u00f3l. 3. k\u00f6t. (Bp., 1896); Salamon J\u00f3zsef: De statu Ecclesiaae Evangelico-Reformatae in Transilvania (Claudiopoli, 1840); Szinnyei J-Sz. J.<\/br><\/p>\n","protected":false},"excerpt":{"rendered":"<p>? \u2020?: tan\u00e1r. \u2013 A Mv.-i koll. professzora, teol\u00f3gi\u00e1t \u00e9s b\u00f6lcseletet tan\u00edtott 17 \u00e9vig., az erd\u00e9lyi ref. egy. f\u0151jegyz\u0151je is (1728\u201334). S\u00e1rospatakra ment (1734). \u2013 F. m.: Halotti besz\u00e9d bethleni gr. Bethlen Judit, kereseeri K\u00f6les\u00e9ri S\u00e1mueln\u00e9 felett, 1720. febr. 18. (Kv., \u00e9.n.); Halotti besz\u00e9d magyargyer\u0151monostori Kem\u00e9ny Simon \u00e9s J\u00e1nos felett, 1722. okt. 4. (Kv., 1724); [&hellip;]<\/p>\n","protected":false},"featured_media":0,"comment_status":"open","ping_status":"closed","template":"","meta":[],"product_brand":[],"product_cat":[137],"product_tag":[],"class_list":{"0":"post-21622","1":"product","2":"type-product","3":"status-publish","5":"product_cat-maros-megyei-eletrajzi-lexikon","7":"first","8":"instock","9":"shipping-taxable","10":"product-type-simple"},"_links":{"self":[{"href":"https:\/\/uj.adatbank.ro\/lexikon\/wp-json\/wp\/v2\/product\/21622","targetHints":{"allow":["GET"]}}],"collection":[{"href":"https:\/\/uj.adatbank.ro\/lexikon\/wp-json\/wp\/v2\/product"}],"about":[{"href":"https:\/\/uj.adatbank.ro\/lexikon\/wp-json\/wp\/v2\/types\/product"}],"replies":[{"embeddable":true,"href":"https:\/\/uj.adatbank.ro\/lexikon\/wp-json\/wp\/v2\/comments?post=21622"}],"wp:attachment":[{"href":"https:\/\/uj.adatbank.ro\/lexikon\/wp-json\/wp\/v2\/media?parent=21622"}],"wp:term":[{"taxonomy":"product_brand","embeddable":true,"href":"https:\/\/uj.adatbank.ro\/lexikon\/wp-json\/wp\/v2\/product_brand?post=21622"},{"taxonomy":"product_cat","embeddable":true,"href":"https:\/\/uj.adatbank.ro\/lexikon\/wp-json\/wp\/v2\/product_cat?post=21622"},{"taxonomy":"product_tag","embeddable":true,"href":"https:\/\/uj.adatbank.ro\/lexikon\/wp-json\/wp\/v2\/product_tag?post=21622"}],"curies":[{"name":"wp","href":"https:\/\/api.w.org\/{rel}","templated":true}]}}