{"id":21627,"date":"2025-07-22T19:31:43","date_gmt":"2025-07-22T17:31:43","guid":{"rendered":"https:\/\/uj.adatbank.ro\/lexikon\/termek\/szathmari-paksi-mihaly-paksi-mihaly-szathmari-szathmari-mihaly\/"},"modified":"2025-07-22T19:31:43","modified_gmt":"2025-07-22T17:31:43","slug":"szathmari-paksi-mihaly-paksi-mihaly-szathmari-szathmari-mihaly","status":"publish","type":"product","link":"https:\/\/uj.adatbank.ro\/lexikon\/termek\/szathmari-paksi-mihaly-paksi-mihaly-szathmari-szathmari-mihaly\/","title":{"rendered":"SZATHM\u00c1RI PAKSI Mih\u00e1ly; Paksi Mih\u00e1ly szathm\u00e1ri, Szathm\u00e1ri Mih\u00e1ly"},"content":{"rendered":"<p>Mez\u0151k\u00e1szony, 1681, \u2020 S\u00e1rospatak, 1744. j\u00fan. 2.: b\u00f6lcselet tudor \u00e9s term\u00e9szettan tan\u00e1r, f\u0151iskolai igazgat\u00f3, \u00c1brah\u00e1m ref. p\u00fcsp\u00f6k apja, Istv\u00e1n fia. \u2013 Tanult a gyulafeh\u00e9rv\u00e1ri koll.-ban, majd a t\u00e1llyai iskol\u00e1ban; ezut\u00e1n a nagygy\u0151ri iskola tan\u00edt\u00f3ja; a Kass\u00e1ra menek\u00fclt s\u00e1rospataki ref. koll.-ban tanult (1700\u2013), majd az onnan visszat\u00e9rt tanul\u00f3kkal S\u00e1rospatakra ment, ahol teol\u00f3giai tanulm\u00e1nyait befejezte. Tokajban iskola rektor (1708\u201310) ahonnan k\u00fclf\u00f6ldre ment: a franekeri \u00e9s az utrechti egy.-en tanult (1710\u201311). Tokajban lelk\u00e9sz (1711 v\u00e9g\u00e9t\u0151l), a gyulafeh\u00e9rv\u00e1ri koll.-ban a b\u00f6lcselet \u00e9s a term\u00e9szettudom\u00e1nyok tan\u00e1ra (1716. febr.\u2013), m\u00e1rc. v\u00e9g\u00e9n el\u0171z\u00f6tt iskol\u00e1j\u00e1val Boroskrakk\u00f3ba (Feh\u00e9r m.), Mv.-re kellett k\u00f6lt\u00f6znie (1716. dec.\u2013), ahol az egyes\u00fclt s\u00e1rospatak-gyulafeh\u00e9rv\u00e1r-mv.-i ref. koll.-ban a b\u00f6lcselet \u00e9s a term\u00e9szettan (1718. \u00e1pr.\u2013), a teol. tudom\u00e1nyok tan\u00e1ra \u00e9s rektora (1719\u201334). Ut\u00f3dl\u00e1si joggal az erd\u00e9lyi ref. egyh\u00e1zker. gener\u00e1lis n\u00f3t\u00e1riusa (lelk\u00e9szi f\u0151jegyz\u0151, p\u00fcsp\u00f6kh.) (1727\u2013). Ifj. Vargyasi Daniel Istv\u00e1n volt az \u0151 \u00e9s az iskola patr\u00f3nusa. T\u00e1vozik a mv.-i Koll.-b\u00f3l \u00e9s visszat\u00e9r S\u00e1rospatakra (1734). A s\u00e1rospataki koll. rektora, egy\u00fattal a zempl\u00e9ni ref. egyh\u00e1zm. esperese hal\u00e1l\u00e1ig (1734\u201344). A teol\u00f3gi\u00e1ban Coccejanus n\u00e9zeteket vallott, term\u00e9szettani felfog\u00e1s\u00e1ban skolasztikus \u00e9s kart\u00e9zi\u00e1nus von\u00e1sok fedezhet\u0151k fel. \u0150 juttatta ki Hollandi\u00e1ba ap\u00f3sa, Debreceni Ember P\u00e1l egyh\u00e1zt\u00f6rt, k\u00e9zirat\u00e1t. T\u00f6bb \u00fcdv\u00f6zl\u0151verse \u00e9s gy\u00e1szbesz\u00e9de nyomtat\u00e1sban is megjelent; latin verset \u00edrt P\u00e1pai P\u00e1riz Ferenc hal\u00e1l\u00e1ra (1717); \u00dcdv\u00f6zl\u0151 verse Istv\u00e1n nev\u0171 fi\u00e1hoz (1743.); K\u00e9ziratban maradt: H\u00e1zasuland\u00f3k praescripti\u00f3ja, Vargyasi D\u00e1niel Istv\u00e1n \u00e9s gr\u00f3f Teleki Judita menyegz\u0151j\u00f6kre 1731. (Sz\u00e9kely Napt\u00e1rban 1884.); Tokajban \u00f6t \u00e9v alatt \u00edrt munk\u00e1i. Szathm\u00e1ri el\u0151nev\u00e9t haszn\u00e1lta. \u2013 <strong><strong>F. m.<\/strong><\/strong>: Gy\u00e1szbesz\u00e9d Bethlen Elek f\u00f6l\u00f6tt&#8230; (1717); Physica contracta juxta principia Neotericorum&#8230; (Kv., 1719); Bethlen Judit K\u00f6lcs\u00e9ri S\u00e1mueln\u00e9 f\u00f6l\u00f6tt oratio&#8230; (Kv., 1720); Nemes aj\u00e1nd\u00e9kok t\u00fck\u00f6re, tekint. Petki Nagy S\u00e1muel urfi. Kit szomor\u00fa, de boldog hal\u00e1la ut\u00e1n is ez egy\u00fcgy\u00fc orati\u00f3nak ereje szerint megeleven\u00edteni kiv\u00e1nt 1723. eszt. Szent-Iv\u00e1n hav\u00e1nak 12. napj\u00e1n. (Kv., 1723); Szomor\u00fa halotti pompa &#8230; Kem\u00e9ny Simonnak \u00e9s fi\u00e1nak Kem\u00e9ny J\u00e1nosnak&#8230; kopors\u00f3ba t\u00e9tet\u00e9sekor &#8230; (Kv., 1724). (T\u00f6bbek besz\u00e9deivel egy\u00fctt.); Isten oskol\u00e1ja &#8230; Bethlen Julia Wass L\u00e1szl\u00f3n\u00e9 felett gy\u00e1szbesz\u00e9d &#8230; (1731); S\u00e1t\u00e1n harczain \u00e9s kis\u00e9rtetein gy\u0151zedelmesked\u0151 kegyelem &#8230; Sz\u00e9ki Teleki P\u00e1l &#8230; felett gy\u00e1szbesz\u00e9d, 1731. szept. 16. (Kv., 1732); L\u00e1z\u00e1r M\u00e1ria &#8230; Bethlen Samun\u00e9 felett k\u00f6ny\u00f6rg\u00e9s \u00e9s pr\u00e9dik\u00e1czi\u00f3. (1732); Tyrocinium emblematico propheticum seu meditationis in s. Jobi cap. XXXVIII. (Franequerae, 1732); Meditatioin Josuae cap. X. vers 12., 13., 14. (Franeker, 1732); Teleki J\u00f3zsef felett pr\u00e9dik\u00e1czi\u00f3 &#8230; (1733); Testi dolgokkal val\u00f3 gazdags\u00e1gnak hijj\u00e1ba val\u00f3s\u00e1ga, mellyr\u0151l, n\u00e9hai r\u00e9gi \u00fari t\u00f6rs\u00f6k\u0171 Pongr\u00e1tz Nagy Mih\u00e1lyi J\u00e1nos &#8230; \u00f6zvegye, m\u00e9lt. Sz\u00e9ki Teleki Judit gr\u00f3f asszonynak &#8230; ut\u00f3s\u00f3 megtiszteltet\u00e9se alkalmatoss\u00e1g\u00e1val, a gernyeszegi nagyobbik palot\u00e1n vil\u00e1gosan tan\u00edtott &#8230; 1733. okt. 11. (Kv, 1734). (M\u00e1sok gy\u00e1szbesz\u00e9deivel egy\u00fctt); 12. Halotti oratio &#8230; Vessel\u00e9nyi Istv\u00e1n &#8230; \u00e9s neje B\u00e1nffi Kata felett 1734. aug. 22. &#8230; a temet\u0151 helyen. (Kv., 1734.); Dissertatio de arbore scientiae boni et et mali seu vite ferali literali &#038; mystica, demonstrate a &#8230; (Franequerae, 1736); \u00dari vacsora felett meggy\u00fajtott sz\u00f6vetnek. N\u00e9vtelen\u00fcl (Utrecht, 1740); A d\u00f6ghal\u00e1lnak idej\u00e9n alkalmaztatott k\u00e9t buzg\u00f3 k\u00f6ny\u00f6rg\u00e9sek (Lampe: Gileadi bal-samom. Ford. B\u00e1nyai Szab\u00f3 Istv\u00e1n. Franeker, 1741). <br \/><strong>Irod.:<\/strong> Gy\u0151ry; Halotti besz\u00e9dek; Hor\u00e1nyi; Id\u0151t\u00e1r 1; Koncz; Kov\u00e1sznai; Kozma; Par\u00e1di; RMK III\/18. sz.; Szinnyei; \u00daM\u00c9L.<\/br><\/p>\n","protected":false},"excerpt":{"rendered":"<p>Mez\u0151k\u00e1szony, 1681, \u2020 S\u00e1rospatak, 1744. j\u00fan. 2.: b\u00f6lcselet tudor \u00e9s term\u00e9szettan tan\u00e1r, f\u0151iskolai igazgat\u00f3, \u00c1brah\u00e1m ref. p\u00fcsp\u00f6k apja, Istv\u00e1n fia. \u2013 Tanult a gyulafeh\u00e9rv\u00e1ri koll.-ban, majd a t\u00e1llyai iskol\u00e1ban; ezut\u00e1n a nagygy\u0151ri iskola tan\u00edt\u00f3ja; a Kass\u00e1ra menek\u00fclt s\u00e1rospataki ref. koll.-ban tanult (1700\u2013), majd az onnan visszat\u00e9rt tanul\u00f3kkal S\u00e1rospatakra ment, ahol teol\u00f3giai tanulm\u00e1nyait befejezte. Tokajban iskola [&hellip;]<\/p>\n","protected":false},"featured_media":0,"comment_status":"open","ping_status":"closed","template":"","meta":[],"product_brand":[],"product_cat":[137],"product_tag":[],"class_list":{"0":"post-21627","1":"product","2":"type-product","3":"status-publish","5":"product_cat-maros-megyei-eletrajzi-lexikon","7":"first","8":"instock","9":"shipping-taxable","10":"product-type-simple"},"_links":{"self":[{"href":"https:\/\/uj.adatbank.ro\/lexikon\/wp-json\/wp\/v2\/product\/21627","targetHints":{"allow":["GET"]}}],"collection":[{"href":"https:\/\/uj.adatbank.ro\/lexikon\/wp-json\/wp\/v2\/product"}],"about":[{"href":"https:\/\/uj.adatbank.ro\/lexikon\/wp-json\/wp\/v2\/types\/product"}],"replies":[{"embeddable":true,"href":"https:\/\/uj.adatbank.ro\/lexikon\/wp-json\/wp\/v2\/comments?post=21627"}],"wp:attachment":[{"href":"https:\/\/uj.adatbank.ro\/lexikon\/wp-json\/wp\/v2\/media?parent=21627"}],"wp:term":[{"taxonomy":"product_brand","embeddable":true,"href":"https:\/\/uj.adatbank.ro\/lexikon\/wp-json\/wp\/v2\/product_brand?post=21627"},{"taxonomy":"product_cat","embeddable":true,"href":"https:\/\/uj.adatbank.ro\/lexikon\/wp-json\/wp\/v2\/product_cat?post=21627"},{"taxonomy":"product_tag","embeddable":true,"href":"https:\/\/uj.adatbank.ro\/lexikon\/wp-json\/wp\/v2\/product_tag?post=21627"}],"curies":[{"name":"wp","href":"https:\/\/api.w.org\/{rel}","templated":true}]}}