{"id":21631,"date":"2025-07-22T19:31:53","date_gmt":"2025-07-22T17:31:53","guid":{"rendered":"https:\/\/uj.adatbank.ro\/lexikon\/termek\/szathmari-papp-jozsef-id-szathmari-jozsef\/"},"modified":"2025-07-22T19:31:53","modified_gmt":"2025-07-22T17:31:53","slug":"szathmari-papp-jozsef-id-szathmari-jozsef","status":"publish","type":"product","link":"https:\/\/uj.adatbank.ro\/lexikon\/termek\/szathmari-papp-jozsef-id-szathmari-jozsef\/","title":{"rendered":"SZATHM\u00c1RI PAPP J\u00f3zsef, id.; Szathm\u00e1ri J\u00f3zsef"},"content":{"rendered":"<p>? 1787., \u2020 Mv., 1832.: kir. t\u00e1blai \u00fcgyv\u00e9d. \u2013 Aranka Gy\u00f6rgy j\u00f3bar\u00e1tja \u00e9s tizennyolc\u00e9vig szobat\u00e1rsa a Szentgy\u00f6rgy utcai k\u00f6z\u00f6s lak\u00e1sban. Egy\u00fctt lelkes\u00fcltek a Magyar Nyelvm\u0171vel\u0151 T\u00e1rsas\u00e1g\u00e9rt \u00e9s munk\u00e1lkodtak a magyar irodalmi nyelv m\u0171vel\u00e9s\u00e9n. Aranka mellett volt utols\u00f3 \u00f3r\u00e1iban is \u00e9s napl\u00f3j\u00e1ban meg\u00f6r\u00f6k\u00edtette bar\u00e1tja hal\u00e1la k\u00f6r\u00fclm\u00e9nyeit. <br \/><strong>Irod.:<\/strong> Kr\u00f3n. F\u00fcz. (1939. 4\/6); Nagy Iv\u00e1n.<\/br><\/p>\n","protected":false},"excerpt":{"rendered":"<p>? 1787., \u2020 Mv., 1832.: kir. t\u00e1blai \u00fcgyv\u00e9d. \u2013 Aranka Gy\u00f6rgy j\u00f3bar\u00e1tja \u00e9s tizennyolc\u00e9vig szobat\u00e1rsa a Szentgy\u00f6rgy utcai k\u00f6z\u00f6s lak\u00e1sban. Egy\u00fctt lelkes\u00fcltek a Magyar Nyelvm\u0171vel\u0151 T\u00e1rsas\u00e1g\u00e9rt \u00e9s munk\u00e1lkodtak a magyar irodalmi nyelv m\u0171vel\u00e9s\u00e9n. Aranka mellett volt utols\u00f3 \u00f3r\u00e1iban is \u00e9s napl\u00f3j\u00e1ban meg\u00f6r\u00f6k\u00edtette bar\u00e1tja hal\u00e1la k\u00f6r\u00fclm\u00e9nyeit. Irod.: Kr\u00f3n. F\u00fcz. (1939. 4\/6); Nagy Iv\u00e1n.<\/p>\n","protected":false},"featured_media":0,"comment_status":"open","ping_status":"closed","template":"","meta":[],"product_brand":[],"product_cat":[137],"product_tag":[],"class_list":{"0":"post-21631","1":"product","2":"type-product","3":"status-publish","5":"product_cat-maros-megyei-eletrajzi-lexikon","7":"first","8":"instock","9":"shipping-taxable","10":"product-type-simple"},"_links":{"self":[{"href":"https:\/\/uj.adatbank.ro\/lexikon\/wp-json\/wp\/v2\/product\/21631","targetHints":{"allow":["GET"]}}],"collection":[{"href":"https:\/\/uj.adatbank.ro\/lexikon\/wp-json\/wp\/v2\/product"}],"about":[{"href":"https:\/\/uj.adatbank.ro\/lexikon\/wp-json\/wp\/v2\/types\/product"}],"replies":[{"embeddable":true,"href":"https:\/\/uj.adatbank.ro\/lexikon\/wp-json\/wp\/v2\/comments?post=21631"}],"wp:attachment":[{"href":"https:\/\/uj.adatbank.ro\/lexikon\/wp-json\/wp\/v2\/media?parent=21631"}],"wp:term":[{"taxonomy":"product_brand","embeddable":true,"href":"https:\/\/uj.adatbank.ro\/lexikon\/wp-json\/wp\/v2\/product_brand?post=21631"},{"taxonomy":"product_cat","embeddable":true,"href":"https:\/\/uj.adatbank.ro\/lexikon\/wp-json\/wp\/v2\/product_cat?post=21631"},{"taxonomy":"product_tag","embeddable":true,"href":"https:\/\/uj.adatbank.ro\/lexikon\/wp-json\/wp\/v2\/product_tag?post=21631"}],"curies":[{"name":"wp","href":"https:\/\/api.w.org\/{rel}","templated":true}]}}