{"id":21633,"date":"2025-07-22T19:31:58","date_gmt":"2025-07-22T17:31:58","guid":{"rendered":"https:\/\/uj.adatbank.ro\/lexikon\/termek\/szathmari-sandor-szathmary-sandor\/"},"modified":"2025-07-22T19:31:58","modified_gmt":"2025-07-22T17:31:58","slug":"szathmari-sandor-szathmary-sandor","status":"publish","type":"product","link":"https:\/\/uj.adatbank.ro\/lexikon\/termek\/szathmari-sandor-szathmary-sandor\/","title":{"rendered":"SZATHM\u00c1RI S\u00e1ndor, Szathm\u00e1ry S\u00e1ndor"},"content":{"rendered":"<p>1813.? \u2020\u00a0Mv., 1873. febr. 18.: ? Feles\u00e9ge: J\u00e1n\u00f3 Polix\u00e9nia (1819? \u2013 Mv., 1889. j\u00fan. 26.). <br \/><strong>Irod.:<\/strong> Gy\u00e1szjelent\u0151.<\/br><\/p>\n","protected":false},"excerpt":{"rendered":"<p>1813.? \u2020\u00a0Mv., 1873. febr. 18.: ? Feles\u00e9ge: J\u00e1n\u00f3 Polix\u00e9nia (1819? \u2013 Mv., 1889. j\u00fan. 26.). Irod.: Gy\u00e1szjelent\u0151.<\/p>\n","protected":false},"featured_media":0,"comment_status":"open","ping_status":"closed","template":"","meta":[],"product_brand":[],"product_cat":[137],"product_tag":[],"class_list":{"0":"post-21633","1":"product","2":"type-product","3":"status-publish","5":"product_cat-maros-megyei-eletrajzi-lexikon","7":"first","8":"instock","9":"shipping-taxable","10":"product-type-simple"},"_links":{"self":[{"href":"https:\/\/uj.adatbank.ro\/lexikon\/wp-json\/wp\/v2\/product\/21633","targetHints":{"allow":["GET"]}}],"collection":[{"href":"https:\/\/uj.adatbank.ro\/lexikon\/wp-json\/wp\/v2\/product"}],"about":[{"href":"https:\/\/uj.adatbank.ro\/lexikon\/wp-json\/wp\/v2\/types\/product"}],"replies":[{"embeddable":true,"href":"https:\/\/uj.adatbank.ro\/lexikon\/wp-json\/wp\/v2\/comments?post=21633"}],"wp:attachment":[{"href":"https:\/\/uj.adatbank.ro\/lexikon\/wp-json\/wp\/v2\/media?parent=21633"}],"wp:term":[{"taxonomy":"product_brand","embeddable":true,"href":"https:\/\/uj.adatbank.ro\/lexikon\/wp-json\/wp\/v2\/product_brand?post=21633"},{"taxonomy":"product_cat","embeddable":true,"href":"https:\/\/uj.adatbank.ro\/lexikon\/wp-json\/wp\/v2\/product_cat?post=21633"},{"taxonomy":"product_tag","embeddable":true,"href":"https:\/\/uj.adatbank.ro\/lexikon\/wp-json\/wp\/v2\/product_tag?post=21633"}],"curies":[{"name":"wp","href":"https:\/\/api.w.org\/{rel}","templated":true}]}}