{"id":21635,"date":"2025-07-22T19:32:02","date_gmt":"2025-07-22T17:32:02","guid":{"rendered":"https:\/\/uj.adatbank.ro\/lexikon\/termek\/szathmari-zoltan\/"},"modified":"2025-07-22T19:32:02","modified_gmt":"2025-07-22T17:32:02","slug":"szathmari-zoltan","status":"publish","type":"product","link":"https:\/\/uj.adatbank.ro\/lexikon\/termek\/szathmari-zoltan\/","title":{"rendered":"SZATHM\u00c1RI Zolt\u00e1n"},"content":{"rendered":"<p>? \u2020?: orvos. \u2013 Az I. vh.-ban a mv.-i honv\u00e9d csapatk\u00f3rh\u00e1zn\u00e1l m\u0171k\u00f6d\u00f6tt mint f\u0151orvos. <br \/><strong>Irod.:<\/strong> Mv. \u00e9s a h\u00e1bor\u00fa 1.<\/br><\/p>\n","protected":false},"excerpt":{"rendered":"<p>? \u2020?: orvos. \u2013 Az I. vh.-ban a mv.-i honv\u00e9d csapatk\u00f3rh\u00e1zn\u00e1l m\u0171k\u00f6d\u00f6tt mint f\u0151orvos. Irod.: Mv. \u00e9s a h\u00e1bor\u00fa 1.<\/p>\n","protected":false},"featured_media":0,"comment_status":"open","ping_status":"closed","template":"","meta":[],"product_brand":[],"product_cat":[137],"product_tag":[],"class_list":{"0":"post-21635","1":"product","2":"type-product","3":"status-publish","5":"product_cat-maros-megyei-eletrajzi-lexikon","7":"first","8":"instock","9":"shipping-taxable","10":"product-type-simple"},"_links":{"self":[{"href":"https:\/\/uj.adatbank.ro\/lexikon\/wp-json\/wp\/v2\/product\/21635","targetHints":{"allow":["GET"]}}],"collection":[{"href":"https:\/\/uj.adatbank.ro\/lexikon\/wp-json\/wp\/v2\/product"}],"about":[{"href":"https:\/\/uj.adatbank.ro\/lexikon\/wp-json\/wp\/v2\/types\/product"}],"replies":[{"embeddable":true,"href":"https:\/\/uj.adatbank.ro\/lexikon\/wp-json\/wp\/v2\/comments?post=21635"}],"wp:attachment":[{"href":"https:\/\/uj.adatbank.ro\/lexikon\/wp-json\/wp\/v2\/media?parent=21635"}],"wp:term":[{"taxonomy":"product_brand","embeddable":true,"href":"https:\/\/uj.adatbank.ro\/lexikon\/wp-json\/wp\/v2\/product_brand?post=21635"},{"taxonomy":"product_cat","embeddable":true,"href":"https:\/\/uj.adatbank.ro\/lexikon\/wp-json\/wp\/v2\/product_cat?post=21635"},{"taxonomy":"product_tag","embeddable":true,"href":"https:\/\/uj.adatbank.ro\/lexikon\/wp-json\/wp\/v2\/product_tag?post=21635"}],"curies":[{"name":"wp","href":"https:\/\/api.w.org\/{rel}","templated":true}]}}